{"id":775972,"date":"2025-09-19T17:06:41","date_gmt":"2025-09-19T14:06:41","guid":{"rendered":"https:\/\/roveyayinevi.com.tr\/index.php\/urun\/anadolunun-kultur-muhafizlari-2-pergamosun-altin-pelerini\/"},"modified":"2026-04-15T03:41:46","modified_gmt":"2026-04-15T00:41:46","slug":"anadolunun-kultur-muhafizlari-2-pergamosun-altin-pelerini","status":"publish","type":"product","link":"https:\/\/roveyayinevi.com.tr\/index.php\/urun\/anadolunun-kultur-muhafizlari-2-pergamosun-altin-pelerini\/","title":{"rendered":"Anadolu\u2019nun K\u00fclt\u00fcr Muhaf\u0131zlar\u0131 &#8211; 2 Pergamos\u2019un Alt\u0131n Pelerini"},"content":{"rendered":"<p>Bug\u00fcnk\u00fc \u0130zmir iline ba\u011fl\u0131 Bergama il\u00e7esinin, eski \u00e7a\u011flarda Pergamon Krall\u0131\u011f\u0131\u2019n\u0131n ba\u015fkenti oldu\u011funu biliyor muydunuz?Pergamon Kral\u0131n\u0131n omuzunda alt\u0131n bir pelerin ta\u015f\u0131d\u0131\u011f\u0131n\u0131 ve o pelerinin h\u00e2l\u00e2 Antik Kent\u2019in bir yerinde sakl\u0131 oldu\u011funu biliyor muydunuz?\u0130\u015fte Sivri Burun ve arkada\u015flar\u0131 o pelerinin pe\u015findeler. Onu kolayl\u0131kla \u00e7\u0131kartabileceklerini d\u00fc\u015f\u00fcn\u00fcyorlar. Ama K\u00fclt\u00fcr Muhaf\u0131zlar\u0131n\u0131n bir ad\u0131m arkalar\u0131nda olduklar\u0131ndan haberleri bile yok.Bu kitapta amans\u0131z bir takip sizi bekliyor.<\/p>\n","protected":false},"excerpt":{"rendered":"<p>Bug\u00fcnk\u00fc \u0130zmir iline ba\u011fl\u0131 Bergama il\u00e7esinin, eski \u00e7a\u011flarda Pergamon Krall\u0131\u011f\u0131\u2019n\u0131n ba\u015fkenti oldu\u011funu biliyor muydunuz?Pergamon Kral\u0131n\u0131n omuzunda alt\u0131n bir pelerin ta\u015f\u0131d\u0131\u011f\u0131n\u0131 ve o pelerinin h\u00e2l\u00e2 Antik Kent\u2019in<span class=\"excerpt-hellip\"> [\u2026]<\/span><\/p>\n","protected":false},"featured_media":0,"template":"","meta":{"_monsterinsights_skip_tracking":false,"_monsterinsights_sitenote_active":false,"_monsterinsights_sitenote_note":"","_monsterinsights_sitenote_category":0},"product_brand":[],"product_cat":[12291,15117],"product_tag":[],"class_list":{"0":"post-775972","1":"product","2":"type-product","3":"status-publish","5":"product_cat-edebiyat","6":"product_cat-genclik-edebiyati","7":"pa_cilt-ciltsiz","8":"pa_tur-kitap","9":"pa_yayinevi-genc-hayat","10":"pa_yazar-yucel-kaya","12":"first","13":"instock","14":"sale","15":"shipping-taxable","16":"purchasable","17":"product-type-simple"},"_links":{"self":[{"href":"https:\/\/roveyayinevi.com.tr\/index.php\/wp-json\/wp\/v2\/product\/775972","targetHints":{"allow":["GET"]}}],"collection":[{"href":"https:\/\/roveyayinevi.com.tr\/index.php\/wp-json\/wp\/v2\/product"}],"about":[{"href":"https:\/\/roveyayinevi.com.tr\/index.php\/wp-json\/wp\/v2\/types\/product"}],"wp:attachment":[{"href":"https:\/\/roveyayinevi.com.tr\/index.php\/wp-json\/wp\/v2\/media?parent=775972"}],"wp:term":[{"taxonomy":"product_brand","embeddable":true,"href":"https:\/\/roveyayinevi.com.tr\/index.php\/wp-json\/wp\/v2\/product_brand?post=775972"},{"taxonomy":"product_cat","embeddable":true,"href":"https:\/\/roveyayinevi.com.tr\/index.php\/wp-json\/wp\/v2\/product_cat?post=775972"},{"taxonomy":"product_tag","embeddable":true,"href":"https:\/\/roveyayinevi.com.tr\/index.php\/wp-json\/wp\/v2\/product_tag?post=775972"}],"curies":[{"name":"wp","href":"https:\/\/api.w.org\/{rel}","templated":true}]}}