{"id":775971,"date":"2025-09-19T17:06:38","date_gmt":"2025-09-19T14:06:38","guid":{"rendered":"https:\/\/roveyayinevi.com.tr\/index.php\/urun\/anadolunun-kultur-muhafizlari-3-gobeklitepe-tarihin-sifir-noktasi\/"},"modified":"2026-04-15T03:41:46","modified_gmt":"2026-04-15T00:41:46","slug":"anadolunun-kultur-muhafizlari-3-gobeklitepe-tarihin-sifir-noktasi","status":"publish","type":"product","link":"https:\/\/roveyayinevi.com.tr\/index.php\/urun\/anadolunun-kultur-muhafizlari-3-gobeklitepe-tarihin-sifir-noktasi\/","title":{"rendered":"Anadolu\u2019nun K\u00fclt\u00fcr Muhaf\u0131zlar\u0131 &#8211; 3 G\u00f6beklitepe Tarihin S\u0131f\u0131r Noktas\u0131"},"content":{"rendered":"<p>Anadolu topraklar\u0131nda G\u00f6beklitepe diye bir yer bulundu. Buran\u0131n 12.000 y\u0131l \u00f6ncesine ait oldu\u011fu anla\u015f\u0131l\u0131nca UNESCO\u2019nun D\u00fcnya K\u00fclt\u00fcr Miras\u0131 listesine al\u0131nd\u0131.Bu durum yurt d\u0131\u015f\u0131nda baz\u0131 insanlar\u0131 rahats\u0131z etti\u011fi i\u00e7in birileri G\u00f6beklitepe\u2019nin itibar\u0131n\u0131 d\u00fc\u015f\u00fcrme \u00e7abas\u0131 i\u00e7ine girdi. Ancak K\u00fclt\u00fcr Muhaf\u0131zlar\u0131 olay\u0131 ad\u0131m ad\u0131m takip ediyordu. Onlar Anadolu\u2019nun k\u00fclt\u00fcrel varl\u0131klar\u0131n\u0131 korumaya yemin etmi\u015flerdi.Macera dolu ser\u00fcven bu kitapta da t\u00fcm heyecan\u0131 ile devam ediyor.<\/p>\n","protected":false},"excerpt":{"rendered":"<p>Anadolu topraklar\u0131nda G\u00f6beklitepe diye bir yer bulundu. Buran\u0131n 12.000 y\u0131l \u00f6ncesine ait oldu\u011fu anla\u015f\u0131l\u0131nca UNESCO\u2019nun D\u00fcnya K\u00fclt\u00fcr Miras\u0131 listesine al\u0131nd\u0131.Bu durum yurt d\u0131\u015f\u0131nda baz\u0131 insanlar\u0131 rahats\u0131z<span class=\"excerpt-hellip\"> [\u2026]<\/span><\/p>\n","protected":false},"featured_media":0,"template":"","meta":{"_monsterinsights_skip_tracking":false,"_monsterinsights_sitenote_active":false,"_monsterinsights_sitenote_note":"","_monsterinsights_sitenote_category":0},"product_brand":[],"product_cat":[12291,15117],"product_tag":[],"class_list":{"0":"post-775971","1":"product","2":"type-product","3":"status-publish","5":"product_cat-edebiyat","6":"product_cat-genclik-edebiyati","7":"pa_cilt-ciltsiz","8":"pa_tur-kitap","9":"pa_yayinevi-genc-hayat","10":"pa_yazar-yucel-kaya","12":"first","13":"instock","14":"sale","15":"shipping-taxable","16":"purchasable","17":"product-type-simple"},"_links":{"self":[{"href":"https:\/\/roveyayinevi.com.tr\/index.php\/wp-json\/wp\/v2\/product\/775971","targetHints":{"allow":["GET"]}}],"collection":[{"href":"https:\/\/roveyayinevi.com.tr\/index.php\/wp-json\/wp\/v2\/product"}],"about":[{"href":"https:\/\/roveyayinevi.com.tr\/index.php\/wp-json\/wp\/v2\/types\/product"}],"wp:attachment":[{"href":"https:\/\/roveyayinevi.com.tr\/index.php\/wp-json\/wp\/v2\/media?parent=775971"}],"wp:term":[{"taxonomy":"product_brand","embeddable":true,"href":"https:\/\/roveyayinevi.com.tr\/index.php\/wp-json\/wp\/v2\/product_brand?post=775971"},{"taxonomy":"product_cat","embeddable":true,"href":"https:\/\/roveyayinevi.com.tr\/index.php\/wp-json\/wp\/v2\/product_cat?post=775971"},{"taxonomy":"product_tag","embeddable":true,"href":"https:\/\/roveyayinevi.com.tr\/index.php\/wp-json\/wp\/v2\/product_tag?post=775971"}],"curies":[{"name":"wp","href":"https:\/\/api.w.org\/{rel}","templated":true}]}}