{"id":775970,"date":"2025-09-19T17:06:36","date_gmt":"2025-09-19T14:06:36","guid":{"rendered":"https:\/\/roveyayinevi.com.tr\/index.php\/urun\/anadolunun-kultur-muhafizlari-4-kapadokya-periler-diyarina-yolculuk\/"},"modified":"2026-04-15T03:41:46","modified_gmt":"2026-04-15T00:41:46","slug":"anadolunun-kultur-muhafizlari-4-kapadokya-periler-diyarina-yolculuk","status":"publish","type":"product","link":"https:\/\/roveyayinevi.com.tr\/index.php\/urun\/anadolunun-kultur-muhafizlari-4-kapadokya-periler-diyarina-yolculuk\/","title":{"rendered":"Anadolu\u2019nun K\u00fclt\u00fcr Muhaf\u0131zlar\u0131 &#8211; 4 Kapadokya Periler Diyar\u0131na Yolculuk"},"content":{"rendered":"<p>Peri Bacalar\u0131 do\u011fal haliyle gizemli bir g\u00f6r\u00fcn\u00fcme sahiptir. O y\u00fczden her y\u0131l binlerce turist buralar\u0131 ziyaret eder. Ama baz\u0131 insanlar vard\u0131r ki bu gizemli yerleri daha da gizemli bir h\u00e2le getirerek buralardan haks\u0131z kazan\u00e7lar elde etmeye \u00e7al\u0131\u015f\u0131rlar.K\u00fclt\u00fcrel varl\u0131klar\u0131m\u0131z\u0131 korumaya yemin eden kahramanlar\u0131m\u0131z\u0131n yolu bu kez de Kapadokya\u2019ya d\u00fc\u015f\u00fcyor. Onlarla birlikte maceraya kat\u0131lmak ve periler diyar\u0131na yolculuk yapmak istiyorsan\u0131z K\u00fclt\u00fcr Muhaf\u0131zlar\u0131 sizi bekliyor.<\/p>\n","protected":false},"excerpt":{"rendered":"<p>Peri Bacalar\u0131 do\u011fal haliyle gizemli bir g\u00f6r\u00fcn\u00fcme sahiptir. O y\u00fczden her y\u0131l binlerce turist buralar\u0131 ziyaret eder. Ama baz\u0131 insanlar vard\u0131r ki bu gizemli yerleri daha<span class=\"excerpt-hellip\"> [\u2026]<\/span><\/p>\n","protected":false},"featured_media":0,"template":"","meta":{"_monsterinsights_skip_tracking":false,"_monsterinsights_sitenote_active":false,"_monsterinsights_sitenote_note":"","_monsterinsights_sitenote_category":0},"product_brand":[],"product_cat":[12304],"product_tag":[],"class_list":{"0":"post-775970","1":"product","2":"type-product","3":"status-publish","5":"product_cat-tarih","6":"pa_cilt-ciltsiz","7":"pa_tur-kitap","8":"pa_yayinevi-genc-hayat","9":"pa_yazar-yucel-kaya","11":"first","12":"instock","13":"sale","14":"shipping-taxable","15":"purchasable","16":"product-type-simple"},"_links":{"self":[{"href":"https:\/\/roveyayinevi.com.tr\/index.php\/wp-json\/wp\/v2\/product\/775970","targetHints":{"allow":["GET"]}}],"collection":[{"href":"https:\/\/roveyayinevi.com.tr\/index.php\/wp-json\/wp\/v2\/product"}],"about":[{"href":"https:\/\/roveyayinevi.com.tr\/index.php\/wp-json\/wp\/v2\/types\/product"}],"wp:attachment":[{"href":"https:\/\/roveyayinevi.com.tr\/index.php\/wp-json\/wp\/v2\/media?parent=775970"}],"wp:term":[{"taxonomy":"product_brand","embeddable":true,"href":"https:\/\/roveyayinevi.com.tr\/index.php\/wp-json\/wp\/v2\/product_brand?post=775970"},{"taxonomy":"product_cat","embeddable":true,"href":"https:\/\/roveyayinevi.com.tr\/index.php\/wp-json\/wp\/v2\/product_cat?post=775970"},{"taxonomy":"product_tag","embeddable":true,"href":"https:\/\/roveyayinevi.com.tr\/index.php\/wp-json\/wp\/v2\/product_tag?post=775970"}],"curies":[{"name":"wp","href":"https:\/\/api.w.org\/{rel}","templated":true}]}}