{"id":775967,"date":"2025-09-19T17:06:29","date_gmt":"2025-09-19T14:06:29","guid":{"rendered":"https:\/\/roveyayinevi.com.tr\/index.php\/urun\/anadolunun-kultur-muhafizlari-7-selimiye-camii\/"},"modified":"2026-04-15T03:41:45","modified_gmt":"2026-04-15T00:41:45","slug":"anadolunun-kultur-muhafizlari-7-selimiye-camii","status":"publish","type":"product","link":"https:\/\/roveyayinevi.com.tr\/index.php\/urun\/anadolunun-kultur-muhafizlari-7-selimiye-camii\/","title":{"rendered":"Anadolu\u2019nun K\u00fclt\u00fcr Muhaf\u0131zlar\u0131 &#8211; 7 Selimiye Camii"},"content":{"rendered":"<p>Hazine avc\u0131lar\u0131n\u0131n yeni hedefi Edirne\u2019deki Selimiye Camii.\u00dczerinde ters lale motifi bulunan s\u00fctunun alt\u0131nda hazine oldu\u011fu d\u00fc\u015f\u00fcn\u00fcl\u00fcyor.T\u00fcm haz\u0131rl\u0131klar yap\u0131l\u0131yor, hazine bulundu\u011fu yerden \u00e7\u0131kart\u0131lacakken devreye K\u00fclt\u00fcr Muhaf\u0131zlar\u0131 giriyor.Bu kitaptaki ser\u00fcveni bir solukta okurken ayn\u0131 zamanda Mimar Sinan\u2019\u0131n yapt\u0131\u011f\u0131 bu muhte\u015fem eser hakk\u0131nda geni\u015f bir bilgiye sahip olacak ve ters lalenin gizemini ke\u015ffedeceksiniz. <\/p>\n","protected":false},"excerpt":{"rendered":"<p>Hazine avc\u0131lar\u0131n\u0131n yeni hedefi Edirne\u2019deki Selimiye Camii.\u00dczerinde ters lale motifi bulunan s\u00fctunun alt\u0131nda hazine oldu\u011fu d\u00fc\u015f\u00fcn\u00fcl\u00fcyor.T\u00fcm haz\u0131rl\u0131klar yap\u0131l\u0131yor, hazine bulundu\u011fu yerden \u00e7\u0131kart\u0131lacakken devreye K\u00fclt\u00fcr Muhaf\u0131zlar\u0131 giriyor.Bu<span class=\"excerpt-hellip\"> [\u2026]<\/span><\/p>\n","protected":false},"featured_media":0,"template":"","meta":{"_monsterinsights_skip_tracking":false,"_monsterinsights_sitenote_active":false,"_monsterinsights_sitenote_note":"","_monsterinsights_sitenote_category":0},"product_brand":[],"product_cat":[12291,15117],"product_tag":[],"class_list":{"0":"post-775967","1":"product","2":"type-product","3":"status-publish","5":"product_cat-edebiyat","6":"product_cat-genclik-edebiyati","7":"pa_cilt-ciltsiz","8":"pa_tur-kitap","9":"pa_yayinevi-genc-hayat","10":"pa_yazar-yucel-kaya","12":"first","13":"instock","14":"sale","15":"shipping-taxable","16":"purchasable","17":"product-type-simple"},"_links":{"self":[{"href":"https:\/\/roveyayinevi.com.tr\/index.php\/wp-json\/wp\/v2\/product\/775967","targetHints":{"allow":["GET"]}}],"collection":[{"href":"https:\/\/roveyayinevi.com.tr\/index.php\/wp-json\/wp\/v2\/product"}],"about":[{"href":"https:\/\/roveyayinevi.com.tr\/index.php\/wp-json\/wp\/v2\/types\/product"}],"wp:attachment":[{"href":"https:\/\/roveyayinevi.com.tr\/index.php\/wp-json\/wp\/v2\/media?parent=775967"}],"wp:term":[{"taxonomy":"product_brand","embeddable":true,"href":"https:\/\/roveyayinevi.com.tr\/index.php\/wp-json\/wp\/v2\/product_brand?post=775967"},{"taxonomy":"product_cat","embeddable":true,"href":"https:\/\/roveyayinevi.com.tr\/index.php\/wp-json\/wp\/v2\/product_cat?post=775967"},{"taxonomy":"product_tag","embeddable":true,"href":"https:\/\/roveyayinevi.com.tr\/index.php\/wp-json\/wp\/v2\/product_tag?post=775967"}],"curies":[{"name":"wp","href":"https:\/\/api.w.org\/{rel}","templated":true}]}}