{"id":775965,"date":"2025-09-19T17:06:20","date_gmt":"2025-09-19T14:06:20","guid":{"rendered":"https:\/\/roveyayinevi.com.tr\/index.php\/urun\/anadolunun-kultur-muhafizlari-9-troya-antik-kenti\/"},"modified":"2026-04-15T03:41:45","modified_gmt":"2026-04-15T00:41:45","slug":"anadolunun-kultur-muhafizlari-9-troya-antik-kenti","status":"publish","type":"product","link":"https:\/\/roveyayinevi.com.tr\/index.php\/urun\/anadolunun-kultur-muhafizlari-9-troya-antik-kenti\/","title":{"rendered":"Anadolu\u2019nun K\u00fclt\u00fcr Muhaf\u0131zlar\u0131 &#8211; 9 Troya Antik Kenti"},"content":{"rendered":"<p>Truva at\u0131n\u0131 hepimiz biliriz. D\u00fc\u015fman ordular\u0131 at\u0131n i\u00e7ine saklanarak \u015fehri ele ge\u00e7iriyorlar. Ama bu kez at\u0131n i\u00e7ine saklanan K\u00fclt\u00fcr Muhaf\u0131zlar\u0131m\u0131z.Hazine avc\u0131lar\u0131n\u0131 yakalamak isterken yakalanan kendileri oluyor.Bu kitab\u0131 okurken Truva Antik Kenti hakk\u0131nda geni\u015f bir bilgiye sahip olacak, hazine avc\u0131lar\u0131n\u0131n i\u00e7ine d\u00fc\u015ft\u00fc\u011f\u00fc duruma kahkahalarla g\u00fcleceksiniz.<\/p>\n","protected":false},"excerpt":{"rendered":"<p>Truva at\u0131n\u0131 hepimiz biliriz. D\u00fc\u015fman ordular\u0131 at\u0131n i\u00e7ine saklanarak \u015fehri ele ge\u00e7iriyorlar. Ama bu kez at\u0131n i\u00e7ine saklanan K\u00fclt\u00fcr Muhaf\u0131zlar\u0131m\u0131z.Hazine avc\u0131lar\u0131n\u0131 yakalamak isterken yakalanan kendileri oluyor.Bu<span class=\"excerpt-hellip\"> [\u2026]<\/span><\/p>\n","protected":false},"featured_media":0,"template":"","meta":{"_monsterinsights_skip_tracking":false,"_monsterinsights_sitenote_active":false,"_monsterinsights_sitenote_note":"","_monsterinsights_sitenote_category":0},"product_brand":[],"product_cat":[12291,15117],"product_tag":[],"class_list":{"0":"post-775965","1":"product","2":"type-product","3":"status-publish","5":"product_cat-edebiyat","6":"product_cat-genclik-edebiyati","7":"pa_cilt-ciltsiz","8":"pa_tur-kitap","9":"pa_yayinevi-genc-hayat","10":"pa_yazar-yucel-kaya","12":"first","13":"instock","14":"sale","15":"shipping-taxable","16":"purchasable","17":"product-type-simple"},"_links":{"self":[{"href":"https:\/\/roveyayinevi.com.tr\/index.php\/wp-json\/wp\/v2\/product\/775965","targetHints":{"allow":["GET"]}}],"collection":[{"href":"https:\/\/roveyayinevi.com.tr\/index.php\/wp-json\/wp\/v2\/product"}],"about":[{"href":"https:\/\/roveyayinevi.com.tr\/index.php\/wp-json\/wp\/v2\/types\/product"}],"wp:attachment":[{"href":"https:\/\/roveyayinevi.com.tr\/index.php\/wp-json\/wp\/v2\/media?parent=775965"}],"wp:term":[{"taxonomy":"product_brand","embeddable":true,"href":"https:\/\/roveyayinevi.com.tr\/index.php\/wp-json\/wp\/v2\/product_brand?post=775965"},{"taxonomy":"product_cat","embeddable":true,"href":"https:\/\/roveyayinevi.com.tr\/index.php\/wp-json\/wp\/v2\/product_cat?post=775965"},{"taxonomy":"product_tag","embeddable":true,"href":"https:\/\/roveyayinevi.com.tr\/index.php\/wp-json\/wp\/v2\/product_tag?post=775965"}],"curies":[{"name":"wp","href":"https:\/\/api.w.org\/{rel}","templated":true}]}}