{"id":775964,"date":"2025-09-19T17:06:17","date_gmt":"2025-09-19T14:06:17","guid":{"rendered":"https:\/\/roveyayinevi.com.tr\/index.php\/urun\/inanilmaz-olaylar-populer-bilgi-serisi\/"},"modified":"2026-04-15T03:41:45","modified_gmt":"2026-04-15T00:41:45","slug":"inanilmaz-olaylar-populer-bilgi-serisi","status":"publish","type":"product","link":"https:\/\/roveyayinevi.com.tr\/index.php\/urun\/inanilmaz-olaylar-populer-bilgi-serisi\/","title":{"rendered":"\u0130nan\u0131lmaz Olaylar &#8211; Pop\u00fcler Bilgi Serisi"},"content":{"rendered":"<p>Tarihte ya\u015fanan b\u00fcy\u00fck olaylar birbirini tetikleyen geli\u015fmeler olarak kar\u015f\u0131m\u0131za \u00e7\u0131kar. Yaz\u0131n\u0131n icad\u0131, ileti\u015fimin yayg\u0131nla\u015fmas\u0131n\u0131 beraberinde getirmi\u015f, Magna Carta Frans\u0131z Devrimi&#8217;ne kap\u0131 a\u00e7m\u0131\u015f, R\u00f6nesans ve Reform hareketleri I. D\u00fcnya Sava\u015f\u0131&#8217;n\u0131n geli\u015fine zemin haz\u0131rlam\u0131\u015ft\u0131r. I. D\u00fcnya Sava\u015f\u0131&#8217;n\u0131n yaratt\u0131\u011f\u0131 d\u00fcnya \u00e7ap\u0131ndaki ekonomik \u00e7\u00f6k\u00fc\u015f, 1929 ekonomik buhran\u0131n ya\u015fanmas\u0131na sebep olmu\u015ftur. Siyasi rejimlerin de\u011fi\u015fmesi, yoksulluk d\u00fcnyay\u0131 II. D\u00fcnya Sava\u015f\u0131&#8217;na g\u00f6t\u00fcrm\u00fc\u015f bu sava\u015flarda milyonlarca insan hayat\u0131n\u0131 yitirmi\u015f, \u015fehirler y\u0131k\u0131l\u0131p, yerle bir olmu\u015ftur. Ancak sonu ac\u0131yla biten bu geli\u015fmeler insanlar\u0131n ac\u0131mas\u0131zca m\u00fccadele etme h\u0131z\u0131n\u0131 kesmemi\u015f, Darwinist felsefenin bir \u00e7\u0131kar\u0131m\u0131 olan &#8220;g\u00fc\u00e7l\u00fc olan ayakta kal\u0131r&#8221; yan\u0131lg\u0131s\u0131, \u015fiddetin vard\u0131\u011f\u0131 en son nokta olan atom bombas\u0131n\u0131n Hiro\u015fima&#8217;ya at\u0131lmas\u0131yla, saniyeler i\u00e7inde 100 binden fazla insan\u0131n hayat\u0131na mal olmu\u015ftur. D\u00fcnya tarihini de\u011fi\u015ftiren olaylar, ayn\u0131 korkun\u00e7 hatalar\u0131n tekrarlanmamas\u0131 a\u00e7\u0131s\u0131ndan insanl\u0131\u011fa \u00f6nemli tecr\u00fcbeler kazand\u0131rm\u0131\u015ft\u0131r. Yaz\u0131n\u0131n icad\u0131, matbaan\u0131n bulunmas\u0131, uzaya \u00e7\u0131k\u0131\u015f gibi ba\u015far\u0131l\u0131 geli\u015fmeler de insanl\u0131\u011f\u0131n d\u00fc\u015f\u00fcnce ufkunu a\u00e7\u0131p bilim ve teknolojinin ilerlemesine \u00f6nc\u00fc olmu\u015ftur.<\/p>\n","protected":false},"excerpt":{"rendered":"<p>Tarihte ya\u015fanan b\u00fcy\u00fck olaylar birbirini tetikleyen geli\u015fmeler olarak kar\u015f\u0131m\u0131za \u00e7\u0131kar. Yaz\u0131n\u0131n icad\u0131, ileti\u015fimin yayg\u0131nla\u015fmas\u0131n\u0131 beraberinde getirmi\u015f, Magna Carta Frans\u0131z Devrimi&#8217;ne kap\u0131 a\u00e7m\u0131\u015f, R\u00f6nesans ve Reform hareketleri<span class=\"excerpt-hellip\"> [\u2026]<\/span><\/p>\n","protected":false},"featured_media":0,"template":"","meta":{"_monsterinsights_skip_tracking":false,"_monsterinsights_sitenote_active":false,"_monsterinsights_sitenote_note":"","_monsterinsights_sitenote_category":0},"product_brand":[],"product_cat":[13829,12274],"product_tag":[],"class_list":{"0":"post-775964","1":"product","2":"type-product","3":"status-publish","5":"product_cat-bilimsel-kitaplar","6":"product_cat-cocuk-ve-genclik-kitaplari","7":"pa_cilt-ciltsiz","8":"pa_tur-kitap","9":"pa_yayinevi-yediveren-cocuk","10":"pa_yazar-attila-ozturk","12":"first","13":"instock","14":"sale","15":"shipping-taxable","16":"purchasable","17":"product-type-simple"},"_links":{"self":[{"href":"https:\/\/roveyayinevi.com.tr\/index.php\/wp-json\/wp\/v2\/product\/775964","targetHints":{"allow":["GET"]}}],"collection":[{"href":"https:\/\/roveyayinevi.com.tr\/index.php\/wp-json\/wp\/v2\/product"}],"about":[{"href":"https:\/\/roveyayinevi.com.tr\/index.php\/wp-json\/wp\/v2\/types\/product"}],"wp:attachment":[{"href":"https:\/\/roveyayinevi.com.tr\/index.php\/wp-json\/wp\/v2\/media?parent=775964"}],"wp:term":[{"taxonomy":"product_brand","embeddable":true,"href":"https:\/\/roveyayinevi.com.tr\/index.php\/wp-json\/wp\/v2\/product_brand?post=775964"},{"taxonomy":"product_cat","embeddable":true,"href":"https:\/\/roveyayinevi.com.tr\/index.php\/wp-json\/wp\/v2\/product_cat?post=775964"},{"taxonomy":"product_tag","embeddable":true,"href":"https:\/\/roveyayinevi.com.tr\/index.php\/wp-json\/wp\/v2\/product_tag?post=775964"}],"curies":[{"name":"wp","href":"https:\/\/api.w.org\/{rel}","templated":true}]}}