{"id":775963,"date":"2025-09-19T17:06:12","date_gmt":"2025-09-19T14:06:12","guid":{"rendered":"https:\/\/roveyayinevi.com.tr\/index.php\/urun\/dag-basinda-ask-2-cep-boy\/"},"modified":"2026-04-03T03:32:43","modified_gmt":"2026-04-03T00:32:43","slug":"dag-basinda-ask-2-cep-boy","status":"publish","type":"product","link":"https:\/\/roveyayinevi.com.tr\/index.php\/urun\/dag-basinda-ask-2-cep-boy\/","title":{"rendered":"Da\u011f Ba\u015f\u0131nda A\u015fk 2 (Cep Boy)"},"content":{"rendered":"<p>\u201cSen Gamzeli, benim bu hayatta isteyece\u011fim tek \u015feysin. Hangi ger\u00e7ek seni benden kopartabilir ki g\u00f6zlerine ya\u011fmur bulutlar\u0131n\u0131 misafir ediyorsun?\u201dBir da\u011f a\u015ft\u0131m, onunla olmak u\u011fruna sava\u015flar ba\u015flatt\u0131m ve ihanetin di\u011fer y\u00fcz\u00fcyle \u00e7arp\u0131\u015ft\u0131m. \u00c7ok sevmek de\u011fildi bu, severken de \u00f6lmekti. \u00c7ok\u00e7a \u00f6ld\u00fcm onun u\u011fruna ve onunla olmak u\u011fruna. \u015eimdi her \u015fey de\u011fi\u015fti ve kader yeniden yaz\u0131ld\u0131. Silgiyi elime ald\u0131m onunla olmayaca\u011f\u0131m b\u00fct\u00fcn yollar\u0131 tek tek yok ettim. Kalemi bana verdi ve ben bizim i\u00e7in yeni bir yol \u00e7izdim. E\u011fer \u00e7\u0131kmayacaksa t\u00fcm yollar\u0131m ona neden sava\u015f\u0131yordum ki onun u\u011fruna?<\/p>\n","protected":false},"excerpt":{"rendered":"<p>\u201cSen Gamzeli, benim bu hayatta isteyece\u011fim tek \u015feysin. Hangi ger\u00e7ek seni benden kopartabilir ki g\u00f6zlerine ya\u011fmur bulutlar\u0131n\u0131 misafir ediyorsun?\u201dBir da\u011f a\u015ft\u0131m, onunla olmak u\u011fruna sava\u015flar ba\u015flatt\u0131m<span class=\"excerpt-hellip\"> [\u2026]<\/span><\/p>\n","protected":false},"featured_media":0,"template":"","meta":{"_monsterinsights_skip_tracking":false,"_monsterinsights_sitenote_active":false,"_monsterinsights_sitenote_note":"","_monsterinsights_sitenote_category":0},"product_brand":[],"product_cat":[12291,12711],"product_tag":[],"class_list":{"0":"post-775963","1":"product","2":"type-product","3":"status-publish","5":"product_cat-edebiyat","6":"product_cat-roman-oyku","7":"pa_cilt-ciltsiz","8":"pa_tur-kitap","9":"pa_yayinevi-dokuz-yayinlari","10":"pa_yazar-rabia-gumus","12":"first","13":"instock","14":"sale","15":"shipping-taxable","16":"purchasable","17":"product-type-simple"},"_links":{"self":[{"href":"https:\/\/roveyayinevi.com.tr\/index.php\/wp-json\/wp\/v2\/product\/775963","targetHints":{"allow":["GET"]}}],"collection":[{"href":"https:\/\/roveyayinevi.com.tr\/index.php\/wp-json\/wp\/v2\/product"}],"about":[{"href":"https:\/\/roveyayinevi.com.tr\/index.php\/wp-json\/wp\/v2\/types\/product"}],"wp:attachment":[{"href":"https:\/\/roveyayinevi.com.tr\/index.php\/wp-json\/wp\/v2\/media?parent=775963"}],"wp:term":[{"taxonomy":"product_brand","embeddable":true,"href":"https:\/\/roveyayinevi.com.tr\/index.php\/wp-json\/wp\/v2\/product_brand?post=775963"},{"taxonomy":"product_cat","embeddable":true,"href":"https:\/\/roveyayinevi.com.tr\/index.php\/wp-json\/wp\/v2\/product_cat?post=775963"},{"taxonomy":"product_tag","embeddable":true,"href":"https:\/\/roveyayinevi.com.tr\/index.php\/wp-json\/wp\/v2\/product_tag?post=775963"}],"curies":[{"name":"wp","href":"https:\/\/api.w.org\/{rel}","templated":true}]}}