{"id":775961,"date":"2025-09-19T17:05:47","date_gmt":"2025-09-19T14:05:47","guid":{"rendered":"https:\/\/roveyayinevi.com.tr\/index.php\/urun\/kendini-alt-et\/"},"modified":"2026-04-12T03:31:55","modified_gmt":"2026-04-12T00:31:55","slug":"kendini-alt-et","status":"publish","type":"product","link":"https:\/\/roveyayinevi.com.tr\/index.php\/urun\/kendini-alt-et\/","title":{"rendered":"Kendini Alt Et"},"content":{"rendered":"<p>\u201cGer\u00e7ek zafer, kendini alt etmektir.\u201d     Darius Foroux\u2019tan Kendine Kar\u015f\u0131 Verilen Sessiz M\u00fccadele \u00dczerine Bir Rehber: Kendini Alt Et    Kendini Alt Et, hayat\u0131m\u0131zdaki en zorlu sava\u015f\u0131 konu al\u0131yor: kendimize kar\u015f\u0131 verdi\u011fimiz sava\u015f\u0131. Al\u0131\u015fkanl\u0131klar\u0131m\u0131z, korkular\u0131m\u0131z, erteleme huylar\u0131m\u0131z ve kendimize duydu\u011fumuz g\u00fcvensizlik\u2026 Darius Foroux bu k\u0131sa, net ve etkili rehberde i\u00e7sel \u00e7at\u0131\u015fmalar\u0131m\u0131z\u0131 anlamam\u0131za ve onlar\u0131 a\u015fmam\u0131za yard\u0131mc\u0131 oluyor. Daha \u00fcretken, cesur ve huzurlu bir hayat ya\u015famak isteyen herkes i\u00e7in sade ama g\u00fc\u00e7l\u00fc bir yol haritas\u0131 sunuyor.    Darius Foroux\u2019nun kendi hayat\u0131ndaki d\u00f6n\u00fc\u015f\u00fcm yolculu\u011funa dayanarak yazd\u0131\u011f\u0131 k\u0131sa ama derin etkili bir ki\u015fisel geli\u015fim kitab\u0131. Yazar, uzun s\u00fcre ne yapaca\u011f\u0131n\u0131 bilemeden beklemi\u015f, karars\u0131z kalm\u0131\u015f, ertelemi\u015f ve sonunda en b\u00fcy\u00fck d\u00fc\u015fman\u0131n\u0131n kendisi oldu\u011funu fark etmi\u015f biri. Kitapta, bu i\u00e7sel d\u00fc\u015fmanla nas\u0131l ba\u015fa \u00e7\u0131kt\u0131\u011f\u0131n\u0131 ve d\u00fc\u015f\u00fcnce yap\u0131s\u0131n\u0131 nas\u0131l de\u011fi\u015ftirdi\u011fini anlat\u0131yor. Her b\u00f6l\u00fcmde k\u0131sa ve net \u00f6nerilerle okuru eyleme ge\u00e7meye davet ediyor. Kitap, \u00f6zellikle karars\u0131zl\u0131k, d\u00fc\u015f\u00fck motivasyon ve odaklanma sorunlar\u0131 ya\u015fayanlar i\u00e7in yol g\u00f6sterici bir pusula niteli\u011finde.   Hayat\u0131m\u0131zda herkesle, her \u015feyle m\u00fccadele ediyoruz. Zamanla, beklentilerle, ba\u015far\u0131s\u0131zl\u0131k korkusuyla. Ama en zoru, belki de en derin ve sessiz olan\u0131, kendimizle verdi\u011fimiz m\u00fccadele. \u0130\u00e7imizde duran, bazen f\u0131s\u0131lt\u0131yla bazen hayk\u0131r\u0131\u015fla konu\u015fan o sesi bast\u0131rmak i\u00e7in her g\u00fcn yeniden sava\u015f\u0131yoruz. Darius Foroux, i\u015fte tam da bu i\u00e7sel sava\u015f\u0131 anlamam\u0131za, y\u00fczle\u015fmemize ve onu alt etmemize yard\u0131m etmek i\u00e7in yazm\u0131\u015f Kendini Alt Et\u2019i.    Yazar, kendi hayat\u0131ndan ve milyonlara ula\u015fan deneyimlerinden s\u00fczd\u00fc\u011f\u00fc sade, g\u00fc\u00e7l\u00fc ve uygulanabilir \u00f6nerileri bu kitapta topluyor. K\u0131sa ama etkili b\u00f6l\u00fcmlerle bizi eyleme davet ediyor. \u201cKendine g\u00fcven\u201d, \u201cHarekete ge\u00e7\u201d, \u201cZihnini sustur\u201d, diyor ama kli\u015felere ka\u00e7madan, ger\u00e7ekten ne yapmam\u0131z gerekti\u011fini anlat\u0131yor.    Kendinle ba\u015f ba\u015fa kald\u0131\u011f\u0131nda ne yapaca\u011f\u0131n\u0131 bilemiyorsan\u2026  Karar veremiyor, hep erteliyor, hep \u201cbir g\u00fcn\u201d diyorsan\u2026  \u0130\u00e7indeki potansiyeli hissediyor ama ona ula\u015fam\u0131yorsan\u2026  Bu kitap tam da o ba\u015flang\u0131\u00e7 an\u0131 i\u00e7in yaz\u0131ld\u0131.  Bazen her \u015fey bir c\u00fcmleyle ba\u015flar. Bazen tek bir sayfa, zihnini bamba\u015fka bir yola sokar.  Kendini Alt Et, o yoldaki ilk sa\u011flam ad\u0131m olabilir.      Ki\u015fisel geli\u015fim kitaplar\u0131n\u0131n \u00e7o\u011fu soyut motivasyonlarla doluyken, Kendini Alt Et pratikli\u011fe ve ger\u00e7ekli\u011fe dayan\u0131yor. \u00d6zellikle gen\u00e7 yeti\u015fkinler i\u00e7in yol g\u00f6sterici bir el kitab\u0131 niteli\u011finde. Zaman kaybetmeden kendinle y\u00fczle\u015fmek, al\u0131\u015fkanl\u0131klar\u0131n\u0131 de\u011fi\u015ftirmek ve harekete ge\u00e7mek isteyen herkes i\u00e7in g\u00fc\u00e7l\u00fc bir ba\u015flang\u0131\u00e7 noktas\u0131.  <\/p>\n","protected":false},"excerpt":{"rendered":"<p>\u201cGer\u00e7ek zafer, kendini alt etmektir.\u201d Darius Foroux\u2019tan Kendine Kar\u015f\u0131 Verilen Sessiz M\u00fccadele \u00dczerine Bir Rehber: Kendini Alt Et Kendini Alt Et, hayat\u0131m\u0131zdaki en zorlu sava\u015f\u0131 konu<span class=\"excerpt-hellip\"> [\u2026]<\/span><\/p>\n","protected":false},"featured_media":0,"template":"","meta":{"_monsterinsights_skip_tracking":false,"_monsterinsights_sitenote_active":false,"_monsterinsights_sitenote_note":"","_monsterinsights_sitenote_category":0},"product_brand":[],"product_cat":[12364,12376],"product_tag":[],"class_list":{"0":"post-775961","1":"product","2":"type-product","3":"status-publish","5":"product_cat-genel-konular","6":"product_cat-kisisel-gelisim","7":"pa_cilt-ciltsiz","8":"pa_tur-kitap","9":"pa_yayinevi-okuyan-us-yayin","10":"pa_yazar-darius-foroux","12":"first","13":"instock","14":"sale","15":"shipping-taxable","16":"purchasable","17":"product-type-simple"},"_links":{"self":[{"href":"https:\/\/roveyayinevi.com.tr\/index.php\/wp-json\/wp\/v2\/product\/775961","targetHints":{"allow":["GET"]}}],"collection":[{"href":"https:\/\/roveyayinevi.com.tr\/index.php\/wp-json\/wp\/v2\/product"}],"about":[{"href":"https:\/\/roveyayinevi.com.tr\/index.php\/wp-json\/wp\/v2\/types\/product"}],"wp:attachment":[{"href":"https:\/\/roveyayinevi.com.tr\/index.php\/wp-json\/wp\/v2\/media?parent=775961"}],"wp:term":[{"taxonomy":"product_brand","embeddable":true,"href":"https:\/\/roveyayinevi.com.tr\/index.php\/wp-json\/wp\/v2\/product_brand?post=775961"},{"taxonomy":"product_cat","embeddable":true,"href":"https:\/\/roveyayinevi.com.tr\/index.php\/wp-json\/wp\/v2\/product_cat?post=775961"},{"taxonomy":"product_tag","embeddable":true,"href":"https:\/\/roveyayinevi.com.tr\/index.php\/wp-json\/wp\/v2\/product_tag?post=775961"}],"curies":[{"name":"wp","href":"https:\/\/api.w.org\/{rel}","templated":true}]}}