{"id":775960,"date":"2025-09-19T17:05:43","date_gmt":"2025-09-19T14:05:43","guid":{"rendered":"https:\/\/roveyayinevi.com.tr\/index.php\/urun\/paylasilamayan-tas\/"},"modified":"2026-04-15T03:41:43","modified_gmt":"2026-04-15T00:41:43","slug":"paylasilamayan-tas","status":"publish","type":"product","link":"https:\/\/roveyayinevi.com.tr\/index.php\/urun\/paylasilamayan-tas\/","title":{"rendered":"Payla\u015f\u0131lamayan Ta\u015f"},"content":{"rendered":"<p>Bir g\u00f6lde iki kurba\u011fa ve s\u0131radan bir ta\u015f&#8230;   Pardon, art\u0131k s\u0131radan bir ta\u015f de\u011fil, \u00e7\u00fcnk\u00fc iki kurba\u011fa da onun kendi evi oldu\u011funu iddia ediyor. Peki \u015fimdi ne olacak? Anla\u015f\u0131lan bunu \u00f6\u011frenmek i\u00e7in matrak bir didi\u015fmeye davetliyiz.    \u0130ngiltere&#8217;nin en sevilen \u00e7ocuk yazarlar\u0131ndan Kaye Umansky&#8217;den payla\u015fmak ve arkada\u015fl\u0131k \u00fczerine, ebeveynlere &#8220;BEN BUNU YA\u015eADIM!&#8221; dedirtecek, komik mi komik bir hik\u00e2ye.  <\/p>\n","protected":false},"excerpt":{"rendered":"<p>Bir g\u00f6lde iki kurba\u011fa ve s\u0131radan bir ta\u015f&#8230; Pardon, art\u0131k s\u0131radan bir ta\u015f de\u011fil, \u00e7\u00fcnk\u00fc iki kurba\u011fa da onun kendi evi oldu\u011funu iddia ediyor. Peki \u015fimdi<span class=\"excerpt-hellip\"> [\u2026]<\/span><\/p>\n","protected":false},"featured_media":0,"template":"","meta":{"_monsterinsights_skip_tracking":false,"_monsterinsights_sitenote_active":false,"_monsterinsights_sitenote_note":"","_monsterinsights_sitenote_category":0},"product_brand":[],"product_cat":[12274,12518],"product_tag":[],"class_list":{"0":"post-775960","1":"product","2":"type-product","3":"status-publish","5":"product_cat-cocuk-ve-genclik-kitaplari","6":"product_cat-okul-oncesi-kitaplar","7":"pa_cilt-ciltsiz","8":"pa_tur-kitap","9":"pa_yayinevi-domingo-yayinevi","10":"pa_yazar-kaye-umansky-alice-mckinley","12":"first","13":"instock","14":"sale","15":"shipping-taxable","16":"purchasable","17":"product-type-simple"},"_links":{"self":[{"href":"https:\/\/roveyayinevi.com.tr\/index.php\/wp-json\/wp\/v2\/product\/775960","targetHints":{"allow":["GET"]}}],"collection":[{"href":"https:\/\/roveyayinevi.com.tr\/index.php\/wp-json\/wp\/v2\/product"}],"about":[{"href":"https:\/\/roveyayinevi.com.tr\/index.php\/wp-json\/wp\/v2\/types\/product"}],"wp:attachment":[{"href":"https:\/\/roveyayinevi.com.tr\/index.php\/wp-json\/wp\/v2\/media?parent=775960"}],"wp:term":[{"taxonomy":"product_brand","embeddable":true,"href":"https:\/\/roveyayinevi.com.tr\/index.php\/wp-json\/wp\/v2\/product_brand?post=775960"},{"taxonomy":"product_cat","embeddable":true,"href":"https:\/\/roveyayinevi.com.tr\/index.php\/wp-json\/wp\/v2\/product_cat?post=775960"},{"taxonomy":"product_tag","embeddable":true,"href":"https:\/\/roveyayinevi.com.tr\/index.php\/wp-json\/wp\/v2\/product_tag?post=775960"}],"curies":[{"name":"wp","href":"https:\/\/api.w.org\/{rel}","templated":true}]}}