{"id":775958,"date":"2025-09-19T17:05:33","date_gmt":"2025-09-19T14:05:33","guid":{"rendered":"https:\/\/roveyayinevi.com.tr\/index.php\/urun\/altin-bahcenin-varisleri\/"},"modified":"2026-04-15T03:41:43","modified_gmt":"2026-04-15T00:41:43","slug":"altin-bahcenin-varisleri","status":"publish","type":"product","link":"https:\/\/roveyayinevi.com.tr\/index.php\/urun\/altin-bahcenin-varisleri\/","title":{"rendered":"Alt\u0131n Bah\u00e7enin Varisleri"},"content":{"rendered":"<p>New York Times \u00e7oksatan\u0131 Vah\u015fi K\u0131zlar\u2019\u0131nyazar\u0131ndan, mitolojik dokunu\u015flarla bezenmi\u015f destans\u0131bir macera\u2026Rhea ve Lexos, do\u011fan\u0131n dengesini elinde tutan benzersiz bir ailenin \u00e7ocuklar\u0131d\u0131r. Karde\u015fleriyle birlikte mevsimleri, gelgitleri ve y\u0131ld\u0131zlar\u0131 kontrol ediyor, babalar\u0131n\u0131n krall\u0131\u011f\u0131n\u0131 y\u00f6netmesine yard\u0131mc\u0131 oluyorlard\u0131r. B\u00fcy\u00fcleri sayesinde, soylar\u0131 \u00e7a\u011flar boyunca taht\u0131n sahibi olmu\u015f ve egemenliklerini sonsuza dek s\u00fcrd\u00fcrmeye ant i\u00e7mi\u015flerdir.Ancak Rhea ve Lexos farkl\u0131d\u0131r. Aralar\u0131ndaki sars\u0131lmaz ba\u011f son y\u00fcz y\u0131ld\u0131r onlar\u0131 korumu\u015ftur; babalar\u0131n\u0131n giderek artan \u00f6fkesi ve \u00f6ng\u00f6r\u00fclemez bir zorba h\u00e2line gelmesi, ailelerinin iktidar\u0131n\u0131 tehdit etmeye ba\u015flad\u0131\u011f\u0131nda bile. \u015eimdi, d\u00fc\u015fman uluslar sald\u0131r\u0131ya haz\u0131rlan\u0131rken ve s\u0131n\u0131rlar\u0131n\u0131n i\u00e7inde bir isyan y\u00fckselirken, Rhea ve Lexos krall\u0131klar\u0131n\u0131 ve ailelerini bir arada tutmak i\u00e7in m\u00fccadele etmek zorundad\u0131r. Ancak ihanet, aldatmaca ve entrikalar, onlar\u0131 sava\u015f alan\u0131n\u0131n kar\u015f\u0131t cephesine s\u00fcr\u00fcklemekle tehdit etmektedir. Alt\u0131n Bah\u00e7enin V\u00e2risleri, g\u00fcc\u00fcn s\u0131n\u0131rlar\u0131n\u0131, aile ba\u011flar\u0131n\u0131 ve her ikisinin de kopmadan \u00f6nce ne kadar gerilebilece\u011fini sorgulayan b\u00fcy\u00fcleyici bir roman.<\/p>\n","protected":false},"excerpt":{"rendered":"<p>New York Times \u00e7oksatan\u0131 Vah\u015fi K\u0131zlar\u2019\u0131nyazar\u0131ndan, mitolojik dokunu\u015flarla bezenmi\u015f destans\u0131bir macera\u2026Rhea ve Lexos, do\u011fan\u0131n dengesini elinde tutan benzersiz bir ailenin \u00e7ocuklar\u0131d\u0131r. Karde\u015fleriyle birlikte mevsimleri, gelgitleri ve<span class=\"excerpt-hellip\"> [\u2026]<\/span><\/p>\n","protected":false},"featured_media":0,"template":"","meta":{"_monsterinsights_skip_tracking":false,"_monsterinsights_sitenote_active":false,"_monsterinsights_sitenote_note":"","_monsterinsights_sitenote_category":0},"product_brand":[],"product_cat":[12291,14777],"product_tag":[],"class_list":{"0":"post-775958","1":"product","2":"type-product","3":"status-publish","5":"product_cat-edebiyat","6":"product_cat-fantastik","7":"pa_cilt-ciltsiz","8":"pa_tur-kitap","9":"pa_yayinevi-epsilon-yayinlari","10":"pa_yazar-rory-power","12":"first","13":"instock","14":"sale","15":"shipping-taxable","16":"purchasable","17":"product-type-simple"},"_links":{"self":[{"href":"https:\/\/roveyayinevi.com.tr\/index.php\/wp-json\/wp\/v2\/product\/775958","targetHints":{"allow":["GET"]}}],"collection":[{"href":"https:\/\/roveyayinevi.com.tr\/index.php\/wp-json\/wp\/v2\/product"}],"about":[{"href":"https:\/\/roveyayinevi.com.tr\/index.php\/wp-json\/wp\/v2\/types\/product"}],"wp:attachment":[{"href":"https:\/\/roveyayinevi.com.tr\/index.php\/wp-json\/wp\/v2\/media?parent=775958"}],"wp:term":[{"taxonomy":"product_brand","embeddable":true,"href":"https:\/\/roveyayinevi.com.tr\/index.php\/wp-json\/wp\/v2\/product_brand?post=775958"},{"taxonomy":"product_cat","embeddable":true,"href":"https:\/\/roveyayinevi.com.tr\/index.php\/wp-json\/wp\/v2\/product_cat?post=775958"},{"taxonomy":"product_tag","embeddable":true,"href":"https:\/\/roveyayinevi.com.tr\/index.php\/wp-json\/wp\/v2\/product_tag?post=775958"}],"curies":[{"name":"wp","href":"https:\/\/api.w.org\/{rel}","templated":true}]}}