{"id":775957,"date":"2025-09-19T17:05:30","date_gmt":"2025-09-19T14:05:30","guid":{"rendered":"https:\/\/roveyayinevi.com.tr\/index.php\/urun\/einstein-bir-farenin-uzay-ve-zamandaki-inanilmaz-yolculugu\/"},"modified":"2026-04-15T03:41:43","modified_gmt":"2026-04-15T00:41:43","slug":"einstein-bir-farenin-uzay-ve-zamandaki-inanilmaz-yolculugu","status":"publish","type":"product","link":"https:\/\/roveyayinevi.com.tr\/index.php\/urun\/einstein-bir-farenin-uzay-ve-zamandaki-inanilmaz-yolculugu\/","title":{"rendered":"Einstein &#8211; Bir Farenin Uzay ve Zamandaki \u0130nan\u0131lmaz Yolculu\u011fu"},"content":{"rendered":"<p>Zamanda yolculuk m\u00fcmk\u00fcn m\u00fc?K\u00fc\u00e7\u00fck fare bu b\u00fcy\u00fck sorunun cevab\u0131n\u0131 ar\u0131yor\u2026Yarat\u0131c\u0131 bir fare d\u00fcnyan\u0131n en b\u00fcy\u00fck peynir festivalini ka\u00e7\u0131r\u0131nca zaman\u0131 geri almaya karar verir. Ama yan\u0131t\u0131n\u0131 bilmedi\u011fi bir soru vard\u0131r: Zaman nedir ve de\u011fi\u015ftirebilir mi? Saat\u00e7i bir farenin yard\u0131m\u0131, bolca yarat\u0131c\u0131l\u0131k ve \u00fcnl\u00fc bir \u0130svi\u00e7reli fizik\u00e7inin notlar\u0131 sayesinde zamanda geriye gitmeyi ba\u015far\u0131r. \u0130stedi\u011finden seksen y\u0131l geriye gitti\u011fini fark eden k\u00fc\u00e7\u00fck fareye yard\u0131m edebilecek tek ki\u015fi, uzay ve zaman konusundaki kavray\u0131\u015f\u0131m\u0131z\u0131 alt \u00fcst eden bir \u0130svi\u00e7re Patent Ofisi memurundan ba\u015fkas\u0131 de\u011fildir.Kazan\u0131mlar:\u2022  Dikkatini nesnelere ve olaylara yo\u011funla\u015ft\u0131r\u0131r.\u2022  \u0130pu\u00e7lar\u0131ndan yola \u00e7\u0131karak tahminler yapar.\u2022  Olaylar\u0131n nedenlerini ve sonu\u00e7lar\u0131n\u0131 ke\u015ffeder.\u2022  Zaman kavramlar\u0131n\u0131 anlaml\u0131 \u015fekilde kullan\u0131r.\u2022  Yarat\u0131c\u0131 d\u00fc\u015f\u00fcnerek \u00e7\u00f6z\u00fcmler \u00fcretir.\u2022  Kelime da\u011farc\u0131\u011f\u0131n\u0131 zenginle\u015ftirir.\u2022  G\u00f6rselleri okuyup yorumlama becerisini geli\u015ftirir<\/p>\n","protected":false},"excerpt":{"rendered":"<p>Zamanda yolculuk m\u00fcmk\u00fcn m\u00fc?K\u00fc\u00e7\u00fck fare bu b\u00fcy\u00fck sorunun cevab\u0131n\u0131 ar\u0131yor\u2026Yarat\u0131c\u0131 bir fare d\u00fcnyan\u0131n en b\u00fcy\u00fck peynir festivalini ka\u00e7\u0131r\u0131nca zaman\u0131 geri almaya karar verir. Ama yan\u0131t\u0131n\u0131 bilmedi\u011fi<span class=\"excerpt-hellip\"> [\u2026]<\/span><\/p>\n","protected":false},"featured_media":0,"template":"","meta":{"_monsterinsights_skip_tracking":false,"_monsterinsights_sitenote_active":false,"_monsterinsights_sitenote_note":"","_monsterinsights_sitenote_category":0},"product_brand":[],"product_cat":[13829,12274],"product_tag":[],"class_list":{"0":"post-775957","1":"product","2":"type-product","3":"status-publish","5":"product_cat-bilimsel-kitaplar","6":"product_cat-cocuk-ve-genclik-kitaplari","7":"pa_cilt-ciltsiz","8":"pa_tur-kitap","9":"pa_yayinevi-ucan-fil-yayinlari","10":"pa_yazar-torben-kuhlmann","12":"first","13":"instock","14":"sale","15":"shipping-taxable","16":"purchasable","17":"product-type-simple"},"_links":{"self":[{"href":"https:\/\/roveyayinevi.com.tr\/index.php\/wp-json\/wp\/v2\/product\/775957","targetHints":{"allow":["GET"]}}],"collection":[{"href":"https:\/\/roveyayinevi.com.tr\/index.php\/wp-json\/wp\/v2\/product"}],"about":[{"href":"https:\/\/roveyayinevi.com.tr\/index.php\/wp-json\/wp\/v2\/types\/product"}],"wp:attachment":[{"href":"https:\/\/roveyayinevi.com.tr\/index.php\/wp-json\/wp\/v2\/media?parent=775957"}],"wp:term":[{"taxonomy":"product_brand","embeddable":true,"href":"https:\/\/roveyayinevi.com.tr\/index.php\/wp-json\/wp\/v2\/product_brand?post=775957"},{"taxonomy":"product_cat","embeddable":true,"href":"https:\/\/roveyayinevi.com.tr\/index.php\/wp-json\/wp\/v2\/product_cat?post=775957"},{"taxonomy":"product_tag","embeddable":true,"href":"https:\/\/roveyayinevi.com.tr\/index.php\/wp-json\/wp\/v2\/product_tag?post=775957"}],"curies":[{"name":"wp","href":"https:\/\/api.w.org\/{rel}","templated":true}]}}