{"id":775954,"date":"2025-09-19T17:03:35","date_gmt":"2025-09-19T14:03:35","guid":{"rendered":"https:\/\/roveyayinevi.com.tr\/index.php\/urun\/3-boyutlu-kitaplar-sayilar-ciltli\/"},"modified":"2026-04-15T03:41:34","modified_gmt":"2026-04-15T00:41:34","slug":"3-boyutlu-kitaplar-sayilar-ciltli","status":"publish","type":"product","link":"https:\/\/roveyayinevi.com.tr\/index.php\/urun\/3-boyutlu-kitaplar-sayilar-ciltli\/","title":{"rendered":"3 Boyutlu Kitaplar SAYILAR (Ciltli)"},"content":{"rendered":"<p>\u00c7ocuklar i\u00e7in renkli ve ilgin\u00e7, e\u011flenerek \u00f6\u011frenme kitab\u0131&#8230;  Elinizdeki bu Say\u0131lar kitab\u0131, dokunup ke\u015ffedebilecekleri \u015fekilleri ve canl\u0131 g\u00f6rselleriyle \u00e7ocuklar\u0131n\u0131z\u0131n e\u011flenerek \u00f6\u011frenmesine yard\u0131mc\u0131 olacak!<\/p>\n","protected":false},"excerpt":{"rendered":"<p>\u00c7ocuklar i\u00e7in renkli ve ilgin\u00e7, e\u011flenerek \u00f6\u011frenme kitab\u0131&#8230; Elinizdeki bu Say\u0131lar kitab\u0131, dokunup ke\u015ffedebilecekleri \u015fekilleri ve canl\u0131 g\u00f6rselleriyle \u00e7ocuklar\u0131n\u0131z\u0131n e\u011flenerek \u00f6\u011frenmesine yard\u0131mc\u0131 olacak!<\/p>\n","protected":false},"featured_media":0,"template":"","meta":{"_monsterinsights_skip_tracking":false,"_monsterinsights_sitenote_active":false,"_monsterinsights_sitenote_note":"","_monsterinsights_sitenote_category":0},"product_brand":[],"product_cat":[12274,15842],"product_tag":[],"class_list":{"0":"post-775954","1":"product","2":"type-product","3":"status-publish","5":"product_cat-cocuk-ve-genclik-kitaplari","6":"product_cat-egitici-kitaplar","7":"pa_cilt-ciltli","8":"pa_tur-kitap","9":"pa_yayinevi-remzi-kitabevi","10":"pa_yazar-fiona-powers","12":"first","13":"instock","14":"sale","15":"shipping-taxable","16":"purchasable","17":"product-type-simple"},"_links":{"self":[{"href":"https:\/\/roveyayinevi.com.tr\/index.php\/wp-json\/wp\/v2\/product\/775954","targetHints":{"allow":["GET"]}}],"collection":[{"href":"https:\/\/roveyayinevi.com.tr\/index.php\/wp-json\/wp\/v2\/product"}],"about":[{"href":"https:\/\/roveyayinevi.com.tr\/index.php\/wp-json\/wp\/v2\/types\/product"}],"wp:attachment":[{"href":"https:\/\/roveyayinevi.com.tr\/index.php\/wp-json\/wp\/v2\/media?parent=775954"}],"wp:term":[{"taxonomy":"product_brand","embeddable":true,"href":"https:\/\/roveyayinevi.com.tr\/index.php\/wp-json\/wp\/v2\/product_brand?post=775954"},{"taxonomy":"product_cat","embeddable":true,"href":"https:\/\/roveyayinevi.com.tr\/index.php\/wp-json\/wp\/v2\/product_cat?post=775954"},{"taxonomy":"product_tag","embeddable":true,"href":"https:\/\/roveyayinevi.com.tr\/index.php\/wp-json\/wp\/v2\/product_tag?post=775954"}],"curies":[{"name":"wp","href":"https:\/\/api.w.org\/{rel}","templated":true}]}}