{"id":775950,"date":"2025-09-19T17:03:10","date_gmt":"2025-09-19T14:03:10","guid":{"rendered":"https:\/\/roveyayinevi.com.tr\/index.php\/urun\/ii-abdulhamid-devrinde-sinop\/"},"modified":"2026-04-15T03:41:33","modified_gmt":"2026-04-15T00:41:33","slug":"ii-abdulhamid-devrinde-sinop","status":"publish","type":"product","link":"https:\/\/roveyayinevi.com.tr\/index.php\/urun\/ii-abdulhamid-devrinde-sinop\/","title":{"rendered":"II. Abd\u00fclhamid Devrinde Sinop"},"content":{"rendered":"<p>Sinop \u015fehri Antik \u00c7a\u011f\u2019dan itibaren \u00f6nemli bir liman kenti, do\u011fal ve korunakl\u0131 liman\u0131 ile Karadeniz\u2019in incisi konumundayd\u0131. Bilhassa klasik d\u00f6nemde tersanesiyle de devlete katk\u0131 sa\u011flam\u0131\u015ft\u0131. Ancak t\u00fcm bunlar zamanla de\u011fi\u015fmi\u015f, Sinop tersanesi ve liman\u0131 giderek \u00f6nemini kaybetmi\u015ftir. Sinop \u015fehri de art\u0131k bir s\u00fcrg\u00fcn ve karantina merkezi olarak kullan\u0131lmaya ba\u015flanm\u0131\u015ft\u0131r. Ar\u015fiv belgeleri, salnameler, gazeteler, seyahatnameler gibi birinci elden kaynaklar ile orijinal g\u00f6rsellerin de kullan\u0131ld\u0131\u011f\u0131 II. Abd\u00fclhamid Devrinde Sinop isimli bu eserde t\u00fcm s\u00fcre\u00e7, eski parlak g\u00fcnlerinden uzak olan Sinop\u2019ta II. Abd\u00fclhamid\u2019in 33 y\u0131l s\u00fcren saltanat devrinde nas\u0131l bir y\u00f6netim oldu\u011fu, halk\u0131n nas\u0131l ya\u015fad\u0131\u011f\u0131, ne gibi sosyal ve k\u00fclt\u00fcrel imkanlara sahip oldu\u011fu, ge\u00e7im kaynaklar\u0131n\u0131n ne oldu\u011fu, \u015fehirde ne gibi faaliyetler ya\u015fand\u0131\u011f\u0131, kimlerin ne oranda n\u00fcfusa sahip oldu\u011fu gibi idari, sosyal ve k\u00fclt\u00fcrel a\u00e7\u0131dan Sinop\u2019u anlamaya y\u00f6nelik \u00e7e\u015fitli sorulara cevap aranarak de\u011ferlendirilmi\u015ftir. <\/p>\n","protected":false},"excerpt":{"rendered":"<p>Sinop \u015fehri Antik \u00c7a\u011f\u2019dan itibaren \u00f6nemli bir liman kenti, do\u011fal ve korunakl\u0131 liman\u0131 ile Karadeniz\u2019in incisi konumundayd\u0131. Bilhassa klasik d\u00f6nemde tersanesiyle de devlete katk\u0131 sa\u011flam\u0131\u015ft\u0131. Ancak<span class=\"excerpt-hellip\"> [\u2026]<\/span><\/p>\n","protected":false},"featured_media":0,"template":"","meta":{"_monsterinsights_skip_tracking":false,"_monsterinsights_sitenote_active":false,"_monsterinsights_sitenote_note":"","_monsterinsights_sitenote_category":0},"product_brand":[],"product_cat":[12304],"product_tag":[],"class_list":{"0":"post-775950","1":"product","2":"type-product","3":"status-publish","5":"product_cat-tarih","6":"pa_cilt-ciltsiz","7":"pa_tur-kitap","8":"pa_yayinevi-ideal-kultur-akademik","9":"pa_yazar-firat-kusku","11":"first","12":"instock","13":"sale","14":"shipping-taxable","15":"purchasable","16":"product-type-simple"},"_links":{"self":[{"href":"https:\/\/roveyayinevi.com.tr\/index.php\/wp-json\/wp\/v2\/product\/775950","targetHints":{"allow":["GET"]}}],"collection":[{"href":"https:\/\/roveyayinevi.com.tr\/index.php\/wp-json\/wp\/v2\/product"}],"about":[{"href":"https:\/\/roveyayinevi.com.tr\/index.php\/wp-json\/wp\/v2\/types\/product"}],"wp:attachment":[{"href":"https:\/\/roveyayinevi.com.tr\/index.php\/wp-json\/wp\/v2\/media?parent=775950"}],"wp:term":[{"taxonomy":"product_brand","embeddable":true,"href":"https:\/\/roveyayinevi.com.tr\/index.php\/wp-json\/wp\/v2\/product_brand?post=775950"},{"taxonomy":"product_cat","embeddable":true,"href":"https:\/\/roveyayinevi.com.tr\/index.php\/wp-json\/wp\/v2\/product_cat?post=775950"},{"taxonomy":"product_tag","embeddable":true,"href":"https:\/\/roveyayinevi.com.tr\/index.php\/wp-json\/wp\/v2\/product_tag?post=775950"}],"curies":[{"name":"wp","href":"https:\/\/api.w.org\/{rel}","templated":true}]}}