{"id":775949,"date":"2025-09-19T17:02:41","date_gmt":"2025-09-19T14:02:41","guid":{"rendered":"https:\/\/roveyayinevi.com.tr\/index.php\/urun\/6-sinif-tum-dersler-soru-bankasi-maarif-model\/"},"modified":"2026-04-15T03:40:01","modified_gmt":"2026-04-15T00:40:01","slug":"6-sinif-tum-dersler-soru-bankasi-maarif-model","status":"publish","type":"product","link":"https:\/\/roveyayinevi.com.tr\/index.php\/urun\/6-sinif-tum-dersler-soru-bankasi-maarif-model\/","title":{"rendered":"6. S\u0131n\u0131f T\u00fcm Dersler Soru Bankas\u0131 (Maarif Model)"},"content":{"rendered":"<p>Maarif Model 6. S\u0131n\u0131f kazan\u0131mlar\u0131n\u0131n t\u00fcm\u00fcne y\u00f6nelik haz\u0131rlanm\u0131\u015ft\u0131r. 6. S\u0131n\u0131f m\u00fcfredat\u0131n\u0131n b\u00fct\u00fcn bran\u015flar\u0131n\u0131 kapsar.   Testler kolaydan zora do\u011fru, \u00f6\u011fretim program\u0131na birebir uyumlu olarak haz\u0131rlanm\u0131\u015ft\u0131r. Sayfa kenarlar\u0131nda \u00e7\u00f6z\u00fcml\u00fc \u00f6rnek sorular\u0131n yan\u0131nda bilgilendirici kilit bilgiler yer al\u0131r.   \u00d6\u011frencinin okul derslerindeki ba\u015far\u0131s\u0131n\u0131 y\u00fckselterek ortalamas\u0131n\u0131 art\u0131r\u0131r ve liseye ge\u00e7i\u015f s\u0131nav\u0131nda ba\u015far\u0131l\u0131 olmas\u0131n\u0131 sa\u011flar. Tamam\u0131 video \u00e7\u00f6z\u00fcml\u00fcd\u00fcr. Ak\u0131ll\u0131 tahtaya uyumludur.<\/p>\n","protected":false},"excerpt":{"rendered":"<p>Maarif Model 6. S\u0131n\u0131f kazan\u0131mlar\u0131n\u0131n t\u00fcm\u00fcne y\u00f6nelik haz\u0131rlanm\u0131\u015ft\u0131r. 6. S\u0131n\u0131f m\u00fcfredat\u0131n\u0131n b\u00fct\u00fcn bran\u015flar\u0131n\u0131 kapsar. Testler kolaydan zora do\u011fru, \u00f6\u011fretim program\u0131na birebir uyumlu olarak haz\u0131rlanm\u0131\u015ft\u0131r. Sayfa kenarlar\u0131nda<span class=\"excerpt-hellip\"> [\u2026]<\/span><\/p>\n","protected":false},"featured_media":0,"template":"","meta":{"_monsterinsights_skip_tracking":false,"_monsterinsights_sitenote_active":false,"_monsterinsights_sitenote_note":"","_monsterinsights_sitenote_category":0},"product_brand":[],"product_cat":[12566,13473],"product_tag":[],"class_list":{"0":"post-775949","1":"product","2":"type-product","3":"status-publish","5":"product_cat-egitim","6":"product_cat-sinavlara-hazirlik-okula-yardimci-kaynaklar","7":"pa_cilt-ciltsiz","8":"pa_tur-kitap","9":"pa_yayinevi-evrensel-iletisim-yayinlari","10":"pa_yazar-komisyon","12":"first","13":"instock","14":"sale","15":"shipping-taxable","16":"purchasable","17":"product-type-simple"},"_links":{"self":[{"href":"https:\/\/roveyayinevi.com.tr\/index.php\/wp-json\/wp\/v2\/product\/775949","targetHints":{"allow":["GET"]}}],"collection":[{"href":"https:\/\/roveyayinevi.com.tr\/index.php\/wp-json\/wp\/v2\/product"}],"about":[{"href":"https:\/\/roveyayinevi.com.tr\/index.php\/wp-json\/wp\/v2\/types\/product"}],"wp:attachment":[{"href":"https:\/\/roveyayinevi.com.tr\/index.php\/wp-json\/wp\/v2\/media?parent=775949"}],"wp:term":[{"taxonomy":"product_brand","embeddable":true,"href":"https:\/\/roveyayinevi.com.tr\/index.php\/wp-json\/wp\/v2\/product_brand?post=775949"},{"taxonomy":"product_cat","embeddable":true,"href":"https:\/\/roveyayinevi.com.tr\/index.php\/wp-json\/wp\/v2\/product_cat?post=775949"},{"taxonomy":"product_tag","embeddable":true,"href":"https:\/\/roveyayinevi.com.tr\/index.php\/wp-json\/wp\/v2\/product_tag?post=775949"}],"curies":[{"name":"wp","href":"https:\/\/api.w.org\/{rel}","templated":true}]}}