{"id":775948,"date":"2025-09-19T17:02:29","date_gmt":"2025-09-19T14:02:29","guid":{"rendered":"https:\/\/roveyayinevi.com.tr\/index.php\/urun\/fonksiyonel-beslenme\/"},"modified":"2026-04-15T03:40:00","modified_gmt":"2026-04-15T00:40:00","slug":"fonksiyonel-beslenme","status":"publish","type":"product","link":"https:\/\/roveyayinevi.com.tr\/index.php\/urun\/fonksiyonel-beslenme\/","title":{"rendered":"Fonksiyonel Beslenme"},"content":{"rendered":"<p>Bir sabah uyan\u0131rs\u0131n\u0131z ve yorgunlu\u011funuzun sadece uykusuzluktan de\u011fil, bedeninizin y\u0131llard\u0131r susturdu\u011funuz ihtiya\u00e7lar\u0131ndan geldi\u011fini fark edersiniz. Bu kitap, o sessiz \u00e7a\u011fr\u0131y\u0131 duymay\u0131 ve bedeninizle yeniden ba\u011f kurmay\u0131 \u00f6\u011fretiyor.   Her lokma bir mesajd\u0131r. Yediklerimiz h\u00fccrelerimizi etkiler, hormonlar\u0131 y\u00f6nlendirir, ba\u011f\u0131\u015f\u0131kl\u0131\u011f\u0131 \u015fekillendirir. Ama\u00e7 yaln\u0131zca doymak de\u011fil; onarmak, g\u00fc\u00e7 toplamak ve dengeyi bulmakt\u0131r.   Prof. Dr. Nazan Uysal Harzad\u0131n\u2019\u0131n bilimsel bilgisi ve ki\u015fisel deneyimiyle kaleme al\u0131nan bu kitap, \u201cNe yemeliyim?\u201d sorusunun \u00f6tesine ge\u00e7iyor. \u201cNeden, nas\u0131l ve ne zaman?\u201d sorular\u0131na da yan\u0131t ar\u0131yor.   Fonksiyonel Beslenme, ya\u015fam\u0131n\u0131 d\u00f6n\u00fc\u015ft\u00fcrmek isteyenlere g\u00fc\u00e7l\u00fc bir rehber\u2026   Sa\u011fl\u0131kl\u0131 ya\u015famak; anlayarak, hissederek ve ad\u0131m ad\u0131m \u00f6\u011frenilen bir beceridir. <\/p>\n","protected":false},"excerpt":{"rendered":"<p>Bir sabah uyan\u0131rs\u0131n\u0131z ve yorgunlu\u011funuzun sadece uykusuzluktan de\u011fil, bedeninizin y\u0131llard\u0131r susturdu\u011funuz ihtiya\u00e7lar\u0131ndan geldi\u011fini fark edersiniz. Bu kitap, o sessiz \u00e7a\u011fr\u0131y\u0131 duymay\u0131 ve bedeninizle yeniden ba\u011f kurmay\u0131<span class=\"excerpt-hellip\"> [\u2026]<\/span><\/p>\n","protected":false},"featured_media":0,"template":"","meta":{"_monsterinsights_skip_tracking":false,"_monsterinsights_sitenote_active":false,"_monsterinsights_sitenote_note":"","_monsterinsights_sitenote_category":0},"product_brand":[],"product_cat":[13402,13365],"product_tag":[],"class_list":{"0":"post-775948","1":"product","2":"type-product","3":"status-publish","5":"product_cat-beslenme-ve-diyet","6":"product_cat-saglik","7":"pa_cilt-ciltsiz","8":"pa_tur-kitap","9":"pa_yayinevi-dogan-kitap","10":"pa_yazar-nazan-uysal-harzadin","12":"first","13":"instock","14":"sale","15":"shipping-taxable","16":"purchasable","17":"product-type-simple"},"_links":{"self":[{"href":"https:\/\/roveyayinevi.com.tr\/index.php\/wp-json\/wp\/v2\/product\/775948","targetHints":{"allow":["GET"]}}],"collection":[{"href":"https:\/\/roveyayinevi.com.tr\/index.php\/wp-json\/wp\/v2\/product"}],"about":[{"href":"https:\/\/roveyayinevi.com.tr\/index.php\/wp-json\/wp\/v2\/types\/product"}],"wp:attachment":[{"href":"https:\/\/roveyayinevi.com.tr\/index.php\/wp-json\/wp\/v2\/media?parent=775948"}],"wp:term":[{"taxonomy":"product_brand","embeddable":true,"href":"https:\/\/roveyayinevi.com.tr\/index.php\/wp-json\/wp\/v2\/product_brand?post=775948"},{"taxonomy":"product_cat","embeddable":true,"href":"https:\/\/roveyayinevi.com.tr\/index.php\/wp-json\/wp\/v2\/product_cat?post=775948"},{"taxonomy":"product_tag","embeddable":true,"href":"https:\/\/roveyayinevi.com.tr\/index.php\/wp-json\/wp\/v2\/product_tag?post=775948"}],"curies":[{"name":"wp","href":"https:\/\/api.w.org\/{rel}","templated":true}]}}