{"id":775947,"date":"2025-09-19T17:01:08","date_gmt":"2025-09-19T14:01:08","guid":{"rendered":"https:\/\/roveyayinevi.com.tr\/index.php\/urun\/yasayan-anayasacilik-teorileri-ve-turkiyede-anayasal-yorum-pratigi\/"},"modified":"2026-04-15T03:39:56","modified_gmt":"2026-04-15T00:39:56","slug":"yasayan-anayasacilik-teorileri-ve-turkiyede-anayasal-yorum-pratigi","status":"publish","type":"product","link":"https:\/\/roveyayinevi.com.tr\/index.php\/urun\/yasayan-anayasacilik-teorileri-ve-turkiyede-anayasal-yorum-pratigi\/","title":{"rendered":"Ya\u015fayan Anayasac\u0131l\u0131k Teorileri ve T\u00fcrkiye\u2019de Anayasal Yorum Prati\u011fi"},"content":{"rendered":"<p>Literat\u00fcrde ya\u015fayan anayasa kavram\u0131, resm\u00ee olarak de\u011fi\u015ftirilmeden evrim ge\u00e7iren, zamanla de\u011fi\u015fen ve yeni ko\u015fullara adapte olabilen bir belge olarak tan\u0131mlanmaktad\u0131r. Ya\u015fayan anayasac\u0131l\u0131k ise her anayasan\u0131n do\u011fas\u0131 gere\u011fi sahip oldu\u011fu yorum yoluyla evrilme kapasitesini normatif boyutuyla ele alan bir \u00f6\u011fretiler dizisidir. Ya\u015fayan a\u011fa\u00e7 metaforuyla da ifade edilen bu genel yakla\u015f\u0131m bi\u00e7imi, anayasan\u0131n sabit bir anlam\u0131 oldu\u011funu ve bu sabit anlam\u0131n yarg\u0131\u00e7lar\u0131 k\u0131s\u0131tlad\u0131\u011f\u0131n\u0131 savunan orijinalist yazarlar taraf\u0131ndan ele\u015ftirilmektedir. Orijinalistlere g\u00f6re ya\u015fayan a\u011fa\u00e7 metaforu, yarg\u0131laman\u0131n keyf\u00eeli\u011fi anlam\u0131na gelmekte ve hukukun \u00fcst\u00fcnl\u00fc\u011f\u00fcn\u00fc ortadan kald\u0131rma ihtimalini i\u00e7ermektedir. Dr. Serdar Korucu\u2019nun bu eseri, tam da bu temel tart\u0131\u015fmadan yola \u00e7\u0131karak ya\u015fayan anayasac\u0131l\u0131\u011f\u0131n farkl\u0131 g\u00f6r\u00fcn\u00fcmlerini ve orijinalizm ile olan entelekt\u00fcel m\u00fccadelesini teorik d\u00fczlemde inceliyor. Amerika Birle\u015fik Devletleri\u2019ne \u00f6zg\u00fc oldu\u011fu d\u00fc\u015f\u00fcn\u00fclen bu teorik tart\u0131\u015fmay\u0131 T\u00fcrkiye\u2019deki anayasal yorum prati\u011fiyle birle\u015ftirerek ele alan bu eser, \u00fclkemizdeki anayasal de\u011fi\u015fimin boyutlar\u0131n\u0131 kavrayabilmek ve bu de\u011fi\u015fimin yol a\u00e7abilece\u011fi muhtemel riskleri en aza indirebilmek i\u00e7in yol g\u00f6sterici bir rehber olma iddias\u0131 ta\u015f\u0131yor. Bu y\u00f6n\u00fcyle eser, yaln\u0131zca T\u00fcrk anayasa hukuku teorisyenleri i\u00e7in de\u011fil, anayasay\u0131 yorumlamakla g\u00f6revli yarg\u0131\u00e7lar ve anayasal de\u011fi\u015fim s\u00fcrecinin di\u011fer akt\u00f6rleri i\u00e7in de temel bir ba\u015fvuru kayna\u011f\u0131d\u0131r. <\/p>\n","protected":false},"excerpt":{"rendered":"<p>Literat\u00fcrde ya\u015fayan anayasa kavram\u0131, resm\u00ee olarak de\u011fi\u015ftirilmeden evrim ge\u00e7iren, zamanla de\u011fi\u015fen ve yeni ko\u015fullara adapte olabilen bir belge olarak tan\u0131mlanmaktad\u0131r. Ya\u015fayan anayasac\u0131l\u0131k ise her anayasan\u0131n do\u011fas\u0131<span class=\"excerpt-hellip\"> [\u2026]<\/span><\/p>\n","protected":false},"featured_media":0,"template":"","meta":{"_monsterinsights_skip_tracking":false,"_monsterinsights_sitenote_active":false,"_monsterinsights_sitenote_note":"","_monsterinsights_sitenote_category":0},"product_brand":[],"product_cat":[15350,17602],"product_tag":[],"class_list":{"0":"post-775947","1":"product","2":"type-product","3":"status-publish","5":"product_cat-hukuk","6":"product_cat-hukuk-uzerine","7":"pa_cilt-ciltsiz","8":"pa_tur-kitap","9":"pa_yayinevi-liberte-yayinlari","10":"pa_yazar-serdar-korucu","12":"first","13":"instock","14":"sale","15":"shipping-taxable","16":"purchasable","17":"product-type-simple"},"_links":{"self":[{"href":"https:\/\/roveyayinevi.com.tr\/index.php\/wp-json\/wp\/v2\/product\/775947","targetHints":{"allow":["GET"]}}],"collection":[{"href":"https:\/\/roveyayinevi.com.tr\/index.php\/wp-json\/wp\/v2\/product"}],"about":[{"href":"https:\/\/roveyayinevi.com.tr\/index.php\/wp-json\/wp\/v2\/types\/product"}],"wp:attachment":[{"href":"https:\/\/roveyayinevi.com.tr\/index.php\/wp-json\/wp\/v2\/media?parent=775947"}],"wp:term":[{"taxonomy":"product_brand","embeddable":true,"href":"https:\/\/roveyayinevi.com.tr\/index.php\/wp-json\/wp\/v2\/product_brand?post=775947"},{"taxonomy":"product_cat","embeddable":true,"href":"https:\/\/roveyayinevi.com.tr\/index.php\/wp-json\/wp\/v2\/product_cat?post=775947"},{"taxonomy":"product_tag","embeddable":true,"href":"https:\/\/roveyayinevi.com.tr\/index.php\/wp-json\/wp\/v2\/product_tag?post=775947"}],"curies":[{"name":"wp","href":"https:\/\/api.w.org\/{rel}","templated":true}]}}