{"id":775946,"date":"2025-09-19T17:00:24","date_gmt":"2025-09-19T14:00:24","guid":{"rendered":"https:\/\/roveyayinevi.com.tr\/index.php\/urun\/2-sinif-tum-dersler-soru-bankasi-maarif-model\/"},"modified":"2026-04-15T03:39:54","modified_gmt":"2026-04-15T00:39:54","slug":"2-sinif-tum-dersler-soru-bankasi-maarif-model","status":"publish","type":"product","link":"https:\/\/roveyayinevi.com.tr\/index.php\/urun\/2-sinif-tum-dersler-soru-bankasi-maarif-model\/","title":{"rendered":"2. S\u0131n\u0131f T\u00fcm Dersler Soru Bankas\u0131 (Maarif Model)"},"content":{"rendered":"<p>MEB\u2019in Maarif Model kazan\u0131mlar\u0131na g\u00f6re haz\u0131rlanm\u0131\u015ft\u0131r. 2. S\u0131n\u0131f m\u00fcfredat\u0131n\u0131n b\u00fct\u00fcn bran\u015flar\u0131n\u0131 (T\u00fcrk\u00e7e-Matematik-Hayat Bilgisi-\u0130ngilizce) kapsar.   Kitab\u0131m\u0131z\u0131n i\u00e7eri\u011findeki testler kolaydan zora do\u011fru, \u00f6\u011fretim program\u0131na bire bir uyumlu olarak haz\u0131rlanm\u0131\u015ft\u0131r. \u00c7\u00f6z\u00fcml\u00fc \u00f6rnek sorular\u0131n yan\u0131nda bilgilendirici kilit bilgiler yer al\u0131r. \u00d6\u011frencilerin yaparak, ya\u015fayarak, uygulamal\u0131 bir \u015fekilde \u00f6\u011frenmesini sa\u011flamak i\u00e7in zengin g\u00f6rsel \u00f6\u011feler kullan\u0131lm\u0131\u015ft\u0131r. Bunun yan\u0131 s\u0131ra kitab\u0131m\u0131z \u00f6\u011frencilere yeni bilgi ve beceriler kazan\u0131p, e\u011flenceli bir \u015fekilde \u00f6\u011frenme ve kendini geli\u015ftirme f\u0131rsat\u0131 sunmaktad\u0131r. Ak\u0131ll\u0131 tahtaya uyumludur.<\/p>\n","protected":false},"excerpt":{"rendered":"<p>MEB\u2019in Maarif Model kazan\u0131mlar\u0131na g\u00f6re haz\u0131rlanm\u0131\u015ft\u0131r. 2. S\u0131n\u0131f m\u00fcfredat\u0131n\u0131n b\u00fct\u00fcn bran\u015flar\u0131n\u0131 (T\u00fcrk\u00e7e-Matematik-Hayat Bilgisi-\u0130ngilizce) kapsar. Kitab\u0131m\u0131z\u0131n i\u00e7eri\u011findeki testler kolaydan zora do\u011fru, \u00f6\u011fretim program\u0131na bire bir uyumlu olarak<span class=\"excerpt-hellip\"> [\u2026]<\/span><\/p>\n","protected":false},"featured_media":0,"template":"","meta":{"_monsterinsights_skip_tracking":false,"_monsterinsights_sitenote_active":false,"_monsterinsights_sitenote_note":"","_monsterinsights_sitenote_category":0},"product_brand":[],"product_cat":[12566],"product_tag":[],"class_list":{"0":"post-775946","1":"product","2":"type-product","3":"status-publish","5":"product_cat-egitim","6":"pa_cilt-ciltsiz","7":"pa_tur-kitap","8":"pa_yayinevi-evrensel-iletisim-yayinlari","9":"pa_yazar-komisyon","11":"first","12":"instock","13":"sale","14":"shipping-taxable","15":"purchasable","16":"product-type-simple"},"_links":{"self":[{"href":"https:\/\/roveyayinevi.com.tr\/index.php\/wp-json\/wp\/v2\/product\/775946","targetHints":{"allow":["GET"]}}],"collection":[{"href":"https:\/\/roveyayinevi.com.tr\/index.php\/wp-json\/wp\/v2\/product"}],"about":[{"href":"https:\/\/roveyayinevi.com.tr\/index.php\/wp-json\/wp\/v2\/types\/product"}],"wp:attachment":[{"href":"https:\/\/roveyayinevi.com.tr\/index.php\/wp-json\/wp\/v2\/media?parent=775946"}],"wp:term":[{"taxonomy":"product_brand","embeddable":true,"href":"https:\/\/roveyayinevi.com.tr\/index.php\/wp-json\/wp\/v2\/product_brand?post=775946"},{"taxonomy":"product_cat","embeddable":true,"href":"https:\/\/roveyayinevi.com.tr\/index.php\/wp-json\/wp\/v2\/product_cat?post=775946"},{"taxonomy":"product_tag","embeddable":true,"href":"https:\/\/roveyayinevi.com.tr\/index.php\/wp-json\/wp\/v2\/product_tag?post=775946"}],"curies":[{"name":"wp","href":"https:\/\/api.w.org\/{rel}","templated":true}]}}