{"id":775937,"date":"2025-09-19T16:37:37","date_gmt":"2025-09-19T13:37:37","guid":{"rendered":"https:\/\/roveyayinevi.com.tr\/index.php\/urun\/cinsiyetler-arasinda-is-birligi\/"},"modified":"2026-04-15T03:37:07","modified_gmt":"2026-04-15T00:37:07","slug":"cinsiyetler-arasinda-is-birligi","status":"publish","type":"product","link":"https:\/\/roveyayinevi.com.tr\/index.php\/urun\/cinsiyetler-arasinda-is-birligi\/","title":{"rendered":"Cinsiyetler Aras\u0131nda \u0130\u015f Birli\u011fi"},"content":{"rendered":"<p>Psikoloji biliminin \u00f6nc\u00fclerinden Alfred Adler, kad\u0131n-erkek ili\u015fkilerine dair ezber bozan yakla\u015f\u0131mlar\u0131yla Cinsiyetler Aras\u0131nda \u0130\u015f Birli\u011fi adl\u0131 eserinde a\u015fk, evlilik ve toplumsal cinsiyet konular\u0131n\u0131 derinlemesine inceliyor. Tek e\u015flili\u011fin do\u011fas\u0131n\u0131 sorgulayan, cinsiyetler aras\u0131 g\u00fc\u00e7 dinamiklerini ele alan ve ili\u015fkilerde sa\u011fl\u0131kl\u0131 bir i\u015f birli\u011finin nas\u0131l kurulabilece\u011fini tart\u0131\u015fan bu kitap, bireysel psikolojinin \u0131\u015f\u0131\u011f\u0131nda partner ili\u015fkilerine dair yeni bir bak\u0131\u015f a\u00e7\u0131s\u0131 sunuyor. Adler, romantik ili\u015fkilerde ya\u015fanan \u00e7at\u0131\u015fmalar\u0131 psikolojik ve toplumsal ba\u011flamda de\u011ferlendirmenin yan\u0131nda, kad\u0131nlar\u0131n tarih boyunca nas\u0131l ikincil konumda g\u00f6r\u00fcld\u00fc\u011f\u00fcn\u00fc ele\u015ftirerek, toplumsal cinsiyet rollerinin ili\u015fkiler \u00fczerindeki etkilerini de g\u00f6zler \u00f6n\u00fcne seriyor. Cinsiyetler Aras\u0131nda \u0130\u015f Birli\u011fi a\u015fk, evlilik ve toplumsal cinsiyetin psikolojik ve toplumsal boyutlar\u0131n\u0131 derinlemesine inceleyerek, sa\u011fl\u0131kl\u0131 ili\u015fkilerin temellerini atmak i\u00e7in \u00f6nemli bir kaynak eser. <\/p>\n","protected":false},"excerpt":{"rendered":"<p>Psikoloji biliminin \u00f6nc\u00fclerinden Alfred Adler, kad\u0131n-erkek ili\u015fkilerine dair ezber bozan yakla\u015f\u0131mlar\u0131yla Cinsiyetler Aras\u0131nda \u0130\u015f Birli\u011fi adl\u0131 eserinde a\u015fk, evlilik ve toplumsal cinsiyet konular\u0131n\u0131 derinlemesine inceliyor. Tek<span class=\"excerpt-hellip\"> [\u2026]<\/span><\/p>\n","protected":false},"featured_media":0,"template":"","meta":{"_monsterinsights_skip_tracking":false,"_monsterinsights_sitenote_active":false,"_monsterinsights_sitenote_note":"","_monsterinsights_sitenote_category":0},"product_brand":[],"product_cat":[12357],"product_tag":[],"class_list":{"0":"post-775937","1":"product","2":"type-product","3":"status-publish","5":"product_cat-psikoloji","6":"pa_cilt-ciltsiz","7":"pa_tur-kitap","8":"pa_yayinevi-say-yayinlari","9":"pa_yazar-alfred-adler","11":"first","12":"instock","13":"sale","14":"shipping-taxable","15":"purchasable","16":"product-type-simple"},"_links":{"self":[{"href":"https:\/\/roveyayinevi.com.tr\/index.php\/wp-json\/wp\/v2\/product\/775937","targetHints":{"allow":["GET"]}}],"collection":[{"href":"https:\/\/roveyayinevi.com.tr\/index.php\/wp-json\/wp\/v2\/product"}],"about":[{"href":"https:\/\/roveyayinevi.com.tr\/index.php\/wp-json\/wp\/v2\/types\/product"}],"wp:attachment":[{"href":"https:\/\/roveyayinevi.com.tr\/index.php\/wp-json\/wp\/v2\/media?parent=775937"}],"wp:term":[{"taxonomy":"product_brand","embeddable":true,"href":"https:\/\/roveyayinevi.com.tr\/index.php\/wp-json\/wp\/v2\/product_brand?post=775937"},{"taxonomy":"product_cat","embeddable":true,"href":"https:\/\/roveyayinevi.com.tr\/index.php\/wp-json\/wp\/v2\/product_cat?post=775937"},{"taxonomy":"product_tag","embeddable":true,"href":"https:\/\/roveyayinevi.com.tr\/index.php\/wp-json\/wp\/v2\/product_tag?post=775937"}],"curies":[{"name":"wp","href":"https:\/\/api.w.org\/{rel}","templated":true}]}}