{"id":775936,"date":"2025-09-19T16:21:43","date_gmt":"2025-09-19T13:21:43","guid":{"rendered":"https:\/\/roveyayinevi.com.tr\/index.php\/urun\/genclik-ve-merhamet\/"},"modified":"2026-04-15T03:34:08","modified_gmt":"2026-04-15T00:34:08","slug":"genclik-ve-merhamet","status":"publish","type":"product","link":"https:\/\/roveyayinevi.com.tr\/index.php\/urun\/genclik-ve-merhamet\/","title":{"rendered":"Gen\u00e7lik ve Merhamet"},"content":{"rendered":"<p>\u201cGen\u00e7lik, hayat\u0131n en de\u011ferli arma\u011fan\u0131d\u0131r\u2026 Peki, bu arma\u011fan\u0131 nas\u0131l de\u011ferlendirebiliriz?\u201d \u0130slam\u2019da gen\u00e7lik, sadece bir zaman dilimi de\u011fil, insan\u0131n kalbinde ve zihninde ye\u015feren umutlar\u0131n, a\u015fk\u0131n, sevginin ve bilginin harmanland\u0131\u011f\u0131 bir d\u00f6nemi temsil eder. Bu kitap, Peygamberimizin gen\u00e7lik \u00fczerine \u00f6\u011fretilerinden ilham alarak, gen\u00e7li\u011fin ger\u00e7ek anlam\u0131n\u0131 ve potansiyelini ke\u015ffetmeyi hedefliyor. \u0130slam\u2019\u0131n \u0131\u015f\u0131\u011f\u0131nda, gen\u00e7lik; bir yoldur, bir d\u00f6n\u00fcm noktas\u0131d\u0131r. Kitap, gen\u00e7lerin kendilerini tan\u0131malar\u0131na, do\u011fru se\u00e7imler yapmalar\u0131na, ruhsal ve toplumsal olarak geli\u015fimlerine yard\u0131mc\u0131 olmay\u0131 ama\u00e7lar. Peygamberimizin \u00f6rnekli\u011fi, sahabelerin hayat\u0131, \u0130slam\u2019\u0131n \u00f6\u011fretileri ve g\u00fcn\u00fcm\u00fcz\u00fcn gen\u00e7lik sorunlar\u0131 aras\u0131nda bir k\u00f6pr\u00fc kurarak, gen\u00e7lerin sadece bireysel olarak de\u011fil, toplumsal anlamda da nas\u0131l daha g\u00fc\u00e7l\u00fc bir etki yaratabilece\u011fini anlat\u0131r. \u201cBu eser, gen\u00e7lerin hayat\u0131n\u0131 do\u011fru bir \u015fekilde y\u00f6nlendirebilmeleri i\u00e7in hem bir rehber, hem bir ilham kayna\u011f\u0131d\u0131r.\u201d <\/p>\n","protected":false},"excerpt":{"rendered":"<p>\u201cGen\u00e7lik, hayat\u0131n en de\u011ferli arma\u011fan\u0131d\u0131r\u2026 Peki, bu arma\u011fan\u0131 nas\u0131l de\u011ferlendirebiliriz?\u201d \u0130slam\u2019da gen\u00e7lik, sadece bir zaman dilimi de\u011fil, insan\u0131n kalbinde ve zihninde ye\u015feren umutlar\u0131n, a\u015fk\u0131n, sevginin ve<span class=\"excerpt-hellip\"> [\u2026]<\/span><\/p>\n","protected":false},"featured_media":0,"template":"","meta":{"_monsterinsights_skip_tracking":false,"_monsterinsights_sitenote_active":false,"_monsterinsights_sitenote_note":"","_monsterinsights_sitenote_category":0},"product_brand":[],"product_cat":[12274],"product_tag":[],"class_list":{"0":"post-775936","1":"product","2":"type-product","3":"status-publish","5":"product_cat-cocuk-ve-genclik-kitaplari","6":"pa_cilt-ciltsiz","7":"pa_tur-kitap","8":"pa_yayinevi-kalem-lugat-yayincilik","9":"pa_yazar-ismail-seven","11":"first","12":"instock","13":"sale","14":"shipping-taxable","15":"purchasable","16":"product-type-simple"},"_links":{"self":[{"href":"https:\/\/roveyayinevi.com.tr\/index.php\/wp-json\/wp\/v2\/product\/775936","targetHints":{"allow":["GET"]}}],"collection":[{"href":"https:\/\/roveyayinevi.com.tr\/index.php\/wp-json\/wp\/v2\/product"}],"about":[{"href":"https:\/\/roveyayinevi.com.tr\/index.php\/wp-json\/wp\/v2\/types\/product"}],"wp:attachment":[{"href":"https:\/\/roveyayinevi.com.tr\/index.php\/wp-json\/wp\/v2\/media?parent=775936"}],"wp:term":[{"taxonomy":"product_brand","embeddable":true,"href":"https:\/\/roveyayinevi.com.tr\/index.php\/wp-json\/wp\/v2\/product_brand?post=775936"},{"taxonomy":"product_cat","embeddable":true,"href":"https:\/\/roveyayinevi.com.tr\/index.php\/wp-json\/wp\/v2\/product_cat?post=775936"},{"taxonomy":"product_tag","embeddable":true,"href":"https:\/\/roveyayinevi.com.tr\/index.php\/wp-json\/wp\/v2\/product_tag?post=775936"}],"curies":[{"name":"wp","href":"https:\/\/api.w.org\/{rel}","templated":true}]}}