{"id":775934,"date":"2025-09-19T16:10:01","date_gmt":"2025-09-19T13:10:01","guid":{"rendered":"https:\/\/roveyayinevi.com.tr\/index.php\/urun\/kutahya-tarihi-arastirmalari\/"},"modified":"2026-04-15T03:32:38","modified_gmt":"2026-04-15T00:32:38","slug":"kutahya-tarihi-arastirmalari","status":"publish","type":"product","link":"https:\/\/roveyayinevi.com.tr\/index.php\/urun\/kutahya-tarihi-arastirmalari\/","title":{"rendered":"K\u00fctahya Tarihi Ara\u015ft\u0131rmalar\u0131"},"content":{"rendered":"<p>K\u00fctahya tarih boyunca bir\u00e7ok \u00f6zelli\u011fiyle \u00e7ok say\u0131da uygarl\u0131\u011f\u0131n dikkatini \u00e7ekmi\u015f ve onlar\u0131n ya\u015fam alanlar\u0131ndan biri olagelmi\u015ftir. Kentin kuzey-g\u00fcney ve do\u011fu-bat\u0131 y\u00f6n\u00fcnde Anadolu s\u0131n\u0131rlar\u0131n\u0131 da a\u015fan ticari faaliyetler i\u00e7in \u00f6nemli yol a\u011flar\u0131na sahip olmas\u0131, zengin yeralt\u0131 kaynaklar\u0131, verimli tar\u0131m alanlar\u0131 ve politik-askeri avantaj elde etmeye elveri\u015fli jeostratejik konumu bu etkenler aras\u0131nda \u00f6ne \u00e7\u0131kmaktad\u0131r. Anadolu\u2019nun mek\u00e2nsal siyasi birli\u011fi \u00e7er\u00e7evesinde tarih boyunca kentin kontrol\u00fc i\u00e7in m\u00fccadele eden politik ve k\u00fclt\u00fcrel yap\u0131lar kente kendi renklerini i\u015fleyerek ilerlemi\u015flerdir. Dolay\u0131s\u0131yla K\u00fctahya\u2019da farkl\u0131 d\u00f6nemlerin politik ve k\u00fclt\u00fcrel yap\u0131s\u0131n\u0131 yans\u0131tan sanat eserlerine ve mimari an\u0131tlara rastland\u0131\u011f\u0131 gibi bu d\u00f6nemlerin idari, ekonomik, sosyo-politik ve k\u00fclt\u00fcrel yap\u0131lar\u0131n\u0131 farkl\u0131 ba\u011flamlar\u0131yla ortaya koyacak \u00e7ok say\u0131da belge ve kay\u0131t da mevcuttur. Nitekim K\u00fctahya\u2019n\u0131n tarihi, y\u00fczy\u0131llardan bu yana pek \u00e7ok yazar, seyyah, arkeolog, tarih\u00e7i, edebiyat\u00e7\u0131 ve mimar\u0131n eserlerinde odak noktalar\u0131ndan biri olagelmi\u015ftir. G\u00fcn\u00fcm\u00fczde ise bu ilgi, artan bilimsel \u00e7al\u0131\u015fmalar\u0131n da katk\u0131s\u0131yla daha da derinle\u015fmi\u015f ve \u00e7e\u015fitlenmi\u015ftir. Elinizdeki bu eser de bu zincirin bir halkas\u0131 olup alan\u0131nda uzman akademisyenlerin K\u00fctahya\u2019n\u0131n tarih\u00f6ncesinden g\u00fcn\u00fcm\u00fcze kadar uzanan zengin tarihi dokusuyla alakal\u0131 spesifik konular \u00fczerinden yapt\u0131klar\u0131 katk\u0131larla tamamlanm\u0131\u015ft\u0131r.<\/p>\n","protected":false},"excerpt":{"rendered":"<p>K\u00fctahya tarih boyunca bir\u00e7ok \u00f6zelli\u011fiyle \u00e7ok say\u0131da uygarl\u0131\u011f\u0131n dikkatini \u00e7ekmi\u015f ve onlar\u0131n ya\u015fam alanlar\u0131ndan biri olagelmi\u015ftir. Kentin kuzey-g\u00fcney ve do\u011fu-bat\u0131 y\u00f6n\u00fcnde Anadolu s\u0131n\u0131rlar\u0131n\u0131 da a\u015fan ticari<span class=\"excerpt-hellip\"> [\u2026]<\/span><\/p>\n","protected":false},"featured_media":0,"template":"","meta":{"_monsterinsights_skip_tracking":false,"_monsterinsights_sitenote_active":false,"_monsterinsights_sitenote_note":"","_monsterinsights_sitenote_category":0},"product_brand":[],"product_cat":[52477,52478],"product_tag":[],"class_list":{"0":"post-775934","1":"product","2":"type-product","3":"status-publish","5":"product_cat-arastirma","6":"product_cat-arkeoloji","7":"pa_cilt-ciltsiz","8":"pa_tur-kitap","9":"pa_yayinevi-bilgin-kultur-sanat","10":"pa_yazar-kolektif","12":"first","13":"instock","14":"sale","15":"shipping-taxable","16":"purchasable","17":"product-type-simple"},"_links":{"self":[{"href":"https:\/\/roveyayinevi.com.tr\/index.php\/wp-json\/wp\/v2\/product\/775934","targetHints":{"allow":["GET"]}}],"collection":[{"href":"https:\/\/roveyayinevi.com.tr\/index.php\/wp-json\/wp\/v2\/product"}],"about":[{"href":"https:\/\/roveyayinevi.com.tr\/index.php\/wp-json\/wp\/v2\/types\/product"}],"wp:attachment":[{"href":"https:\/\/roveyayinevi.com.tr\/index.php\/wp-json\/wp\/v2\/media?parent=775934"}],"wp:term":[{"taxonomy":"product_brand","embeddable":true,"href":"https:\/\/roveyayinevi.com.tr\/index.php\/wp-json\/wp\/v2\/product_brand?post=775934"},{"taxonomy":"product_cat","embeddable":true,"href":"https:\/\/roveyayinevi.com.tr\/index.php\/wp-json\/wp\/v2\/product_cat?post=775934"},{"taxonomy":"product_tag","embeddable":true,"href":"https:\/\/roveyayinevi.com.tr\/index.php\/wp-json\/wp\/v2\/product_tag?post=775934"}],"curies":[{"name":"wp","href":"https:\/\/api.w.org\/{rel}","templated":true}]}}