{"id":775930,"date":"2025-09-19T16:07:07","date_gmt":"2025-09-19T13:07:07","guid":{"rendered":"https:\/\/roveyayinevi.com.tr\/index.php\/urun\/kolay-gun-dundu\/"},"modified":"2026-02-23T12:37:03","modified_gmt":"2026-02-23T09:37:03","slug":"kolay-gun-dundu","status":"publish","type":"product","link":"https:\/\/roveyayinevi.com.tr\/index.php\/urun\/kolay-gun-dundu\/","title":{"rendered":"Kolay G\u00fcn, D\u00fcnd\u00fc!"},"content":{"rendered":"<p>Bu k\u0131yas\u0131ya sava\u015fta sevgi nefreti yenecek mi? Yoksa!!! (\u2026) Gen\u00e7 adam koyu bir karanl\u0131k taraf\u0131ndan \u00e7epe\u00e7evre sarmalanm\u0131\u015ft\u0131. Kendini bir bal\u0131k taraf\u0131ndan yutulmu\u015f gibi hissetti. Beyni zonkluyor, kulaklar\u0131 u\u011fulduyor, bitmek bilmeyen bir \u00e7\u0131nlama sesi i\u015fitme yetisinin can\u0131na okuyordu. (\u2026) Tabanca patlam\u0131\u015f, namludan \u00e7\u0131kan mermi Sudenaz\u2019\u0131n ba\u015f\u0131n\u0131n sa\u011f yan\u0131n\u0131 b\u0131\u00e7ak gibi yar\u0131p ge\u00e7mi\u015fti. Can\u0131 \u00e7ok yan\u0131yordu Sudenaz\u2019\u0131n. Zeydan\u2019\u0131n silah\u0131ndan \u00e7\u0131kan merminin verdi\u011fi \u0131zd\u0131rap de\u011fildi can\u0131n\u0131 ac\u0131tan\u2026 Feride\u2019nin o bak\u0131\u015flar\u0131yd\u0131 y\u00fcre\u011fini y\u0131rt\u0131p atan\u2026 (\u2026) Sudenaz\u2019\u0131 d\u00fc\u015f\u00fcn\u00fcyordu Ak\u0131n. Bakt\u0131\u011f\u0131nda i\u00e7ini eriten o bal rengi g\u00f6zlerini, bukle bukle omuzlar\u0131na d\u00f6k\u00fclen sar\u0131-kumral sa\u00e7lar\u0131n\u0131 ve atmacalardan ka\u00e7m\u0131\u015f bir ser\u00e7e \u00fcrkekli\u011fiyle ba\u015f\u0131n\u0131 g\u00f6\u011fs\u00fcne yaslay\u0131\u015f\u0131n\u0131\u2026 Acaba o esnada Ak\u0131n\u2019\u0131n \u00e7\u0131ld\u0131rm\u0131\u015f\u00e7as\u0131na atan kalbinin sesini duymu\u015f muydu Sudenaz? (\u2026) G\u00f6zlerini geminin pruvas\u0131ndaki karanl\u0131\u011fa dikmi\u015f, maziye dal\u0131p gitmi\u015fti Fehman. \u00c7ocukken k\u00f6y\u00fcn\u00fcn ta\u015fl\u0131 toprakl\u0131 yollar\u0131nda \u00e7elik-\u00e7omak oynuyordu. Ne g\u00fczel, ne kayg\u0131s\u0131z g\u00fcnlermi\u015f me\u011fer. Sonraysa \u0131slahevinin onur k\u0131r\u0131c\u0131 g\u00fcnahkar ko\u011fular\u0131\u2026 Ard\u0131ndan da\u011flar, da\u011flar ve da\u011flar. Nefret, kan ve \u00f6l\u00fcm kokan y\u0131llar! <\/p>\n","protected":false},"excerpt":{"rendered":"<p>Bu k\u0131yas\u0131ya sava\u015fta sevgi nefreti yenecek mi? Yoksa!!! (\u2026) Gen\u00e7 adam koyu bir karanl\u0131k taraf\u0131ndan \u00e7epe\u00e7evre sarmalanm\u0131\u015ft\u0131. Kendini bir bal\u0131k taraf\u0131ndan yutulmu\u015f gibi hissetti. Beyni zonkluyor,<span class=\"excerpt-hellip\"> [\u2026]<\/span><\/p>\n","protected":false},"featured_media":0,"template":"","meta":{"_monsterinsights_skip_tracking":false,"_monsterinsights_sitenote_active":false,"_monsterinsights_sitenote_note":"","_monsterinsights_sitenote_category":0},"product_brand":[],"product_cat":[12291,12711],"product_tag":[],"class_list":{"0":"post-775930","1":"product","2":"type-product","3":"status-publish","5":"product_cat-edebiyat","6":"product_cat-roman-oyku","7":"pa_cilt-ciltsiz","8":"pa_tur-kitap","9":"pa_yayinevi-gulnar-yayinlari","10":"pa_yazar-isin-m-ceylan","12":"first","13":"outofstock","14":"sale","15":"shipping-taxable","16":"purchasable","17":"product-type-simple"},"_links":{"self":[{"href":"https:\/\/roveyayinevi.com.tr\/index.php\/wp-json\/wp\/v2\/product\/775930","targetHints":{"allow":["GET"]}}],"collection":[{"href":"https:\/\/roveyayinevi.com.tr\/index.php\/wp-json\/wp\/v2\/product"}],"about":[{"href":"https:\/\/roveyayinevi.com.tr\/index.php\/wp-json\/wp\/v2\/types\/product"}],"wp:attachment":[{"href":"https:\/\/roveyayinevi.com.tr\/index.php\/wp-json\/wp\/v2\/media?parent=775930"}],"wp:term":[{"taxonomy":"product_brand","embeddable":true,"href":"https:\/\/roveyayinevi.com.tr\/index.php\/wp-json\/wp\/v2\/product_brand?post=775930"},{"taxonomy":"product_cat","embeddable":true,"href":"https:\/\/roveyayinevi.com.tr\/index.php\/wp-json\/wp\/v2\/product_cat?post=775930"},{"taxonomy":"product_tag","embeddable":true,"href":"https:\/\/roveyayinevi.com.tr\/index.php\/wp-json\/wp\/v2\/product_tag?post=775930"}],"curies":[{"name":"wp","href":"https:\/\/api.w.org\/{rel}","templated":true}]}}