{"id":775928,"date":"2025-09-19T15:25:11","date_gmt":"2025-09-19T12:25:11","guid":{"rendered":"https:\/\/roveyayinevi.com.tr\/index.php\/urun\/eksik-dikkatin-bulunusu-dedektif-bil-yeter\/"},"modified":"2026-04-15T03:25:01","modified_gmt":"2026-04-15T00:25:01","slug":"eksik-dikkatin-bulunusu-dedektif-bil-yeter","status":"publish","type":"product","link":"https:\/\/roveyayinevi.com.tr\/index.php\/urun\/eksik-dikkatin-bulunusu-dedektif-bil-yeter\/","title":{"rendered":"Eksik Dikkatin Bulunu\u015fu &#8211;  Dedektif Bil. Yeter"},"content":{"rendered":"<p>Dikkat eksikli\u011finden muzdarip bir yazar\u0131n, kendisi gibi eksik dikkatinden yana dertli olan kahraman\u0131 Bilal Yeter, nam\u0131di\u011fer \u201cBil. Yeter\u201d sadece kitaplardan \u00f6\u011frendi\u011fi bilgilerle ya\u015fayabilece\u011fine inanan bir \u00e7ocuktur. Ancak bir gu\u0308n, kasabas\u0131nda yeti\u015fen endemik bir bitkinin gizemli bir \u015fekilde yok edildi\u011fini fark eder. Bu olay, onu hi\u00e7 beklemedi\u011fi bir maceran\u0131n i\u00e7ine su\u0308ru\u0308kler. Bilal, kelaynak bitkisinin ekili oldu\u011fu saks\u0131y\u0131 yan\u0131na al\u0131p ka\u00e7an, kasabadaki kellerin son umudu olan Ay\u015fe teyzeyi aramaya koyulur. Ancak yol boyunca ya\u015fad\u0131\u011f\u0131 bir dizi aksilikle ba\u015fa \u00e7\u0131kmak zorunda kal\u0131r ve macera dolu bir kovalamaca ba\u015flar! Bu macerada, fark\u0131na vard\u0131\u011f\u0131m\u0131z her \u015feyi \u00e7\u00f6zebilece\u011fimiz fikrinin mutlulu\u011fu, ataca\u011f\u0131m\u0131z ve atamayaca\u011f\u0131m\u0131z tu\u0308m gollerin sevinci, omuz omuza arkada\u015fl\u0131klar ve mahalle ku\u0308ltu\u0308ru\u0308 var\u2026 \u0130\u015eTE BUNLAR HEP TAKT\u0130K!<\/p>\n","protected":false},"excerpt":{"rendered":"<p>Dikkat eksikli\u011finden muzdarip bir yazar\u0131n, kendisi gibi eksik dikkatinden yana dertli olan kahraman\u0131 Bilal Yeter, nam\u0131di\u011fer \u201cBil. Yeter\u201d sadece kitaplardan \u00f6\u011frendi\u011fi bilgilerle ya\u015fayabilece\u011fine inanan bir \u00e7ocuktur.<span class=\"excerpt-hellip\"> [\u2026]<\/span><\/p>\n","protected":false},"featured_media":0,"template":"","meta":{"_monsterinsights_skip_tracking":false,"_monsterinsights_sitenote_active":false,"_monsterinsights_sitenote_note":"","_monsterinsights_sitenote_category":0},"product_brand":[],"product_cat":[12291,12711],"product_tag":[],"class_list":{"0":"post-775928","1":"product","2":"type-product","3":"status-publish","5":"product_cat-edebiyat","6":"product_cat-roman-oyku","7":"pa_cilt-ciltsiz","8":"pa_tur-kitap","9":"pa_yayinevi-ketebe-yayinlari","10":"pa_yazar-nurullah-aydin","12":"first","13":"instock","14":"sale","15":"shipping-taxable","16":"purchasable","17":"product-type-simple"},"_links":{"self":[{"href":"https:\/\/roveyayinevi.com.tr\/index.php\/wp-json\/wp\/v2\/product\/775928","targetHints":{"allow":["GET"]}}],"collection":[{"href":"https:\/\/roveyayinevi.com.tr\/index.php\/wp-json\/wp\/v2\/product"}],"about":[{"href":"https:\/\/roveyayinevi.com.tr\/index.php\/wp-json\/wp\/v2\/types\/product"}],"wp:attachment":[{"href":"https:\/\/roveyayinevi.com.tr\/index.php\/wp-json\/wp\/v2\/media?parent=775928"}],"wp:term":[{"taxonomy":"product_brand","embeddable":true,"href":"https:\/\/roveyayinevi.com.tr\/index.php\/wp-json\/wp\/v2\/product_brand?post=775928"},{"taxonomy":"product_cat","embeddable":true,"href":"https:\/\/roveyayinevi.com.tr\/index.php\/wp-json\/wp\/v2\/product_cat?post=775928"},{"taxonomy":"product_tag","embeddable":true,"href":"https:\/\/roveyayinevi.com.tr\/index.php\/wp-json\/wp\/v2\/product_tag?post=775928"}],"curies":[{"name":"wp","href":"https:\/\/api.w.org\/{rel}","templated":true}]}}