{"id":775926,"date":"2025-09-19T14:52:04","date_gmt":"2025-09-19T11:52:04","guid":{"rendered":"https:\/\/roveyayinevi.com.tr\/index.php\/urun\/cocuklar-icin-deprem-kitabi\/"},"modified":"2025-10-01T21:26:58","modified_gmt":"2025-10-01T18:26:58","slug":"cocuklar-icin-deprem-kitabi","status":"publish","type":"product","link":"https:\/\/roveyayinevi.com.tr\/index.php\/urun\/cocuklar-icin-deprem-kitabi\/","title":{"rendered":"\u00c7ocuklar \u0130\u00e7in Deprem Kitab\u0131"},"content":{"rendered":"<p>\u00dclkemizde deprem gelir ge\u00e7er bir olay san\u0131l\u0131yor.   Halbuki deprem, bu \u00fclkenin bir ger\u00e7e\u011fi. Milyonlarca senedir devam ediyor ve devam edecek. Depremlerin verdi\u011fi zarar\u0131 en aza indirmek ise m\u00fcmk\u00fcn. Bunu yapman\u0131n yolu, \u00f6\u011frenmekten ge\u00e7iyor. E\u011fer yeterli bilgi edinir ve \u00f6\u011frendiklerimizi hayata ge\u00e7irirsek deprem art\u0131k korkulacak bir \u015fey olmaktan \u00e7\u0131kar.   Prof. Dr. Naci G\u00f6r\u00fcr \u2019\u00fcn yazd\u0131\u011f\u0131 bu kitap, bizleri deprem hakk\u0131nda bilin\u00e7lendirecek, depremi anlamam\u0131z\u0131 sa\u011flayacak; do\u011fru bilinen yanl\u0131\u015flar\u0131, yap\u0131lmas\u0131 gerekenleri anlatacak. Haydi hep birlikte depreme kar\u015f\u0131 diren\u00e7li bir \u00fclke in\u015fa edelim. <\/p>\n","protected":false},"excerpt":{"rendered":"<p>\u00dclkemizde deprem gelir ge\u00e7er bir olay san\u0131l\u0131yor. Halbuki deprem, bu \u00fclkenin bir ger\u00e7e\u011fi. Milyonlarca senedir devam ediyor ve devam edecek. Depremlerin verdi\u011fi zarar\u0131 en aza indirmek<span class=\"excerpt-hellip\"> [\u2026]<\/span><\/p>\n","protected":false},"featured_media":0,"template":"","meta":{"_monsterinsights_skip_tracking":false,"_monsterinsights_sitenote_active":false,"_monsterinsights_sitenote_note":"","_monsterinsights_sitenote_category":0},"product_brand":[],"product_cat":[13829,12274],"product_tag":[],"class_list":{"0":"post-775926","1":"product","2":"type-product","3":"status-publish","5":"product_cat-bilimsel-kitaplar","6":"product_cat-cocuk-ve-genclik-kitaplari","7":"pa_cilt-ciltsiz","8":"pa_tur-kitap","9":"pa_yayinevi-dogan-cocuk","10":"pa_yazar-naci-gorur","12":"first","13":"instock","14":"sale","15":"shipping-taxable","16":"purchasable","17":"product-type-simple"},"_links":{"self":[{"href":"https:\/\/roveyayinevi.com.tr\/index.php\/wp-json\/wp\/v2\/product\/775926","targetHints":{"allow":["GET"]}}],"collection":[{"href":"https:\/\/roveyayinevi.com.tr\/index.php\/wp-json\/wp\/v2\/product"}],"about":[{"href":"https:\/\/roveyayinevi.com.tr\/index.php\/wp-json\/wp\/v2\/types\/product"}],"wp:attachment":[{"href":"https:\/\/roveyayinevi.com.tr\/index.php\/wp-json\/wp\/v2\/media?parent=775926"}],"wp:term":[{"taxonomy":"product_brand","embeddable":true,"href":"https:\/\/roveyayinevi.com.tr\/index.php\/wp-json\/wp\/v2\/product_brand?post=775926"},{"taxonomy":"product_cat","embeddable":true,"href":"https:\/\/roveyayinevi.com.tr\/index.php\/wp-json\/wp\/v2\/product_cat?post=775926"},{"taxonomy":"product_tag","embeddable":true,"href":"https:\/\/roveyayinevi.com.tr\/index.php\/wp-json\/wp\/v2\/product_tag?post=775926"}],"curies":[{"name":"wp","href":"https:\/\/api.w.org\/{rel}","templated":true}]}}