{"id":775925,"date":"2025-09-19T14:45:22","date_gmt":"2025-09-19T11:45:22","guid":{"rendered":"https:\/\/roveyayinevi.com.tr\/index.php\/urun\/isaretlersemboller-ve-alametler\/"},"modified":"2026-04-16T03:07:28","modified_gmt":"2026-04-16T00:07:28","slug":"isaretlersemboller-ve-alametler","status":"publish","type":"product","link":"https:\/\/roveyayinevi.com.tr\/index.php\/urun\/isaretlersemboller-ve-alametler\/","title":{"rendered":"\u0130\u015faretler,Semboller ve Alametler"},"content":{"rendered":"<p>\u201cHi\u00e7bir sembol kendi ba\u015f\u0131na iyi veya k\u00f6t\u00fc de\u011fildir.\u201d   Tarih\u00f6ncesi \u00e7a\u011flardan beri insanlar birbirleriyle ve ilahi olanla ileti\u015fim kurmak i\u00e7in sembolleri kulland\u0131. Carl G. Jung dinsel sembollerin g\u00f6revinin ya\u015fama anlam katmak oldu\u011funu s\u00f6yler.   G\u00f6r\u00fcnen d\u00fcnyada kendi bilgilerini i\u015faretlere gizleyen bu semboller \u00e7ok derin bilgelikler ta\u015f\u0131r asl\u0131nda. Derece sembolleri, kama m\u00fch\u00fcrleri, i\u015faretler, b\u00fcy\u00fcl\u00fc alfabeler, swastika, pentagram, Zodyak i\u015faretleri, sihirli desenler, t\u0131ls\u0131m i\u015faretleri, ezoterik izler&#8230;   Metafizik d\u00fcnyan\u0131n s\u0131rlar\u0131n\u0131 g\u00fcn \u0131\u015f\u0131\u011f\u0131na \u00e7\u0131karan bu sembolleri \u00f6\u011frendik\u00e7e gizemler de aralanacak. \u00d6nde gelen ok\u00fcltist Raymond Buckland, \u0130\u015faretler, Semboller ve Alametler\u2019de t\u00fcm d\u00fcnyada kadim zamanlardan beri kullan\u0131lan ve s\u0131radan insana kendini gizleyen 800\u2019den fazla sembol\u00fcn anlam\u0131n\u0131 a\u00e7\u0131kl\u0131yor.   Eski ve modern dinlerden, b\u00fcy\u00fcl\u00fc geleneklerden ve yerli k\u00fclt\u00fcrlerden gelen bu sembollerin derin anlam\u0131n\u0131 ke\u015ffettik\u00e7e kolektif bilin\u00e7d\u0131\u015f\u0131n\u0131n u\u00e7suz bucaks\u0131z metaforlar\u0131n\u0131 da \u00e7\u00f6zmeye ba\u015flayacaks\u0131n\u0131z. Ve gizemler perdelerini sizin i\u00e7in a\u00e7acaklar. <\/p>\n","protected":false},"excerpt":{"rendered":"<p>\u201cHi\u00e7bir sembol kendi ba\u015f\u0131na iyi veya k\u00f6t\u00fc de\u011fildir.\u201d Tarih\u00f6ncesi \u00e7a\u011flardan beri insanlar birbirleriyle ve ilahi olanla ileti\u015fim kurmak i\u00e7in sembolleri kulland\u0131. Carl G. Jung dinsel sembollerin<span class=\"excerpt-hellip\"> [\u2026]<\/span><\/p>\n","protected":false},"featured_media":0,"template":"","meta":{"_monsterinsights_skip_tracking":false,"_monsterinsights_sitenote_active":false,"_monsterinsights_sitenote_note":"","_monsterinsights_sitenote_category":0},"product_brand":[],"product_cat":[52477],"product_tag":[],"class_list":{"0":"post-775925","1":"product","2":"type-product","3":"status-publish","5":"product_cat-arastirma","6":"pa_cilt-ciltsiz","7":"pa_tur-kitap","8":"pa_yayinevi-dogan-novus","9":"pa_yazar-raymond-buckland","11":"first","12":"instock","13":"sale","14":"shipping-taxable","15":"purchasable","16":"product-type-simple"},"_links":{"self":[{"href":"https:\/\/roveyayinevi.com.tr\/index.php\/wp-json\/wp\/v2\/product\/775925","targetHints":{"allow":["GET"]}}],"collection":[{"href":"https:\/\/roveyayinevi.com.tr\/index.php\/wp-json\/wp\/v2\/product"}],"about":[{"href":"https:\/\/roveyayinevi.com.tr\/index.php\/wp-json\/wp\/v2\/types\/product"}],"wp:attachment":[{"href":"https:\/\/roveyayinevi.com.tr\/index.php\/wp-json\/wp\/v2\/media?parent=775925"}],"wp:term":[{"taxonomy":"product_brand","embeddable":true,"href":"https:\/\/roveyayinevi.com.tr\/index.php\/wp-json\/wp\/v2\/product_brand?post=775925"},{"taxonomy":"product_cat","embeddable":true,"href":"https:\/\/roveyayinevi.com.tr\/index.php\/wp-json\/wp\/v2\/product_cat?post=775925"},{"taxonomy":"product_tag","embeddable":true,"href":"https:\/\/roveyayinevi.com.tr\/index.php\/wp-json\/wp\/v2\/product_tag?post=775925"}],"curies":[{"name":"wp","href":"https:\/\/api.w.org\/{rel}","templated":true}]}}