{"id":775924,"date":"2025-09-19T14:15:09","date_gmt":"2025-09-19T11:15:09","guid":{"rendered":"https:\/\/roveyayinevi.com.tr\/index.php\/urun\/derinlere-yolculuk-alvin-denizaltisi-ile-derin-denizleri-kesfedin\/"},"modified":"2025-09-19T14:15:09","modified_gmt":"2025-09-19T11:15:09","slug":"derinlere-yolculuk-alvin-denizaltisi-ile-derin-denizleri-kesfedin","status":"publish","type":"product","link":"https:\/\/roveyayinevi.com.tr\/index.php\/urun\/derinlere-yolculuk-alvin-denizaltisi-ile-derin-denizleri-kesfedin\/","title":{"rendered":"Derinlere Yolculuk &#8211; Alvin Denizalt\u0131s\u0131 ile Derin Denizleri Ke\u015ffedin"},"content":{"rendered":"<p>Alvin, bir derin deniz ara\u015ft\u0131rma denizalt\u0131s\u0131. \u00dc\u00e7 ki\u015finin zar zor s\u0131\u011fabildi\u011fi bu denizalt\u0131n\u0131n pilotu oldu\u011funuzu hayal edin. Yakla\u015f\u0131k 3.000 metre derinlikteki deniz taban\u0131na dal\u0131yorsunuz. Acaba nelerle kar\u015f\u0131la\u015facak, neler ke\u015ffedeceksiniz?<\/p>\n","protected":false},"excerpt":{"rendered":"<p>Alvin, bir derin deniz ara\u015ft\u0131rma denizalt\u0131s\u0131. \u00dc\u00e7 ki\u015finin zar zor s\u0131\u011fabildi\u011fi bu denizalt\u0131n\u0131n pilotu oldu\u011funuzu hayal edin. Yakla\u015f\u0131k 3.000 metre derinlikteki deniz taban\u0131na dal\u0131yorsunuz. Acaba nelerle<span class=\"excerpt-hellip\"> [\u2026]<\/span><\/p>\n","protected":false},"featured_media":0,"template":"","meta":{"_monsterinsights_skip_tracking":false,"_monsterinsights_sitenote_active":false,"_monsterinsights_sitenote_note":"","_monsterinsights_sitenote_category":0},"product_brand":[],"product_cat":[13829,12274],"product_tag":[],"class_list":{"0":"post-775924","1":"product","2":"type-product","3":"status-publish","5":"product_cat-bilimsel-kitaplar","6":"product_cat-cocuk-ve-genclik-kitaplari","7":"pa_cilt-ciltsiz","8":"pa_tur-kitap","9":"pa_yayinevi-tubitak-yayinlari","10":"pa_yazar-michelle-cusolito","12":"first","13":"instock","14":"sale","15":"shipping-taxable","16":"purchasable","17":"product-type-simple"},"_links":{"self":[{"href":"https:\/\/roveyayinevi.com.tr\/index.php\/wp-json\/wp\/v2\/product\/775924","targetHints":{"allow":["GET"]}}],"collection":[{"href":"https:\/\/roveyayinevi.com.tr\/index.php\/wp-json\/wp\/v2\/product"}],"about":[{"href":"https:\/\/roveyayinevi.com.tr\/index.php\/wp-json\/wp\/v2\/types\/product"}],"wp:attachment":[{"href":"https:\/\/roveyayinevi.com.tr\/index.php\/wp-json\/wp\/v2\/media?parent=775924"}],"wp:term":[{"taxonomy":"product_brand","embeddable":true,"href":"https:\/\/roveyayinevi.com.tr\/index.php\/wp-json\/wp\/v2\/product_brand?post=775924"},{"taxonomy":"product_cat","embeddable":true,"href":"https:\/\/roveyayinevi.com.tr\/index.php\/wp-json\/wp\/v2\/product_cat?post=775924"},{"taxonomy":"product_tag","embeddable":true,"href":"https:\/\/roveyayinevi.com.tr\/index.php\/wp-json\/wp\/v2\/product_tag?post=775924"}],"curies":[{"name":"wp","href":"https:\/\/api.w.org\/{rel}","templated":true}]}}