{"id":775923,"date":"2025-09-19T13:10:49","date_gmt":"2025-09-19T10:10:49","guid":{"rendered":"https:\/\/roveyayinevi.com.tr\/index.php\/urun\/ilk-okuma-karincalar\/"},"modified":"2025-09-19T13:10:49","modified_gmt":"2025-09-19T10:10:49","slug":"ilk-okuma-karincalar","status":"publish","type":"product","link":"https:\/\/roveyayinevi.com.tr\/index.php\/urun\/ilk-okuma-karincalar\/","title":{"rendered":"\u0130lk Okuma &#8211; Kar\u0131ncalar"},"content":{"rendered":"<p>Kar\u0131ncalar yuvalar\u0131n\u0131 nerelere yapar? Ne yerler? Kendilerini sald\u0131rganlardan nas\u0131l korurlar? Bu kitapta, kar\u0131ncalar\u0131n b\u00fcy\u00fcleyici ya\u015famlar\u0131yla ilgili sorular\u0131n yan\u0131tlar\u0131n\u0131 ve daha fazlas\u0131n\u0131 bulacaks\u0131n\u0131z.<\/p>\n","protected":false},"excerpt":{"rendered":"<p>Kar\u0131ncalar yuvalar\u0131n\u0131 nerelere yapar? Ne yerler? Kendilerini sald\u0131rganlardan nas\u0131l korurlar? Bu kitapta, kar\u0131ncalar\u0131n b\u00fcy\u00fcleyici ya\u015famlar\u0131yla ilgili sorular\u0131n yan\u0131tlar\u0131n\u0131 ve daha fazlas\u0131n\u0131 bulacaks\u0131n\u0131z.<\/p>\n","protected":false},"featured_media":0,"template":"","meta":{"_monsterinsights_skip_tracking":false,"_monsterinsights_sitenote_active":false,"_monsterinsights_sitenote_note":"","_monsterinsights_sitenote_category":0},"product_brand":[],"product_cat":[12275,12274],"product_tag":[],"class_list":{"0":"post-775923","1":"product","2":"type-product","3":"status-publish","5":"product_cat-6-12-yas-kitaplari","6":"product_cat-cocuk-ve-genclik-kitaplari","7":"pa_cilt-ciltsiz","8":"pa_tur-kitap","9":"pa_yayinevi-tubitak-yayinlari","10":"pa_yazar-lucy-bowman","12":"first","13":"instock","14":"sale","15":"shipping-taxable","16":"purchasable","17":"product-type-simple"},"_links":{"self":[{"href":"https:\/\/roveyayinevi.com.tr\/index.php\/wp-json\/wp\/v2\/product\/775923","targetHints":{"allow":["GET"]}}],"collection":[{"href":"https:\/\/roveyayinevi.com.tr\/index.php\/wp-json\/wp\/v2\/product"}],"about":[{"href":"https:\/\/roveyayinevi.com.tr\/index.php\/wp-json\/wp\/v2\/types\/product"}],"wp:attachment":[{"href":"https:\/\/roveyayinevi.com.tr\/index.php\/wp-json\/wp\/v2\/media?parent=775923"}],"wp:term":[{"taxonomy":"product_brand","embeddable":true,"href":"https:\/\/roveyayinevi.com.tr\/index.php\/wp-json\/wp\/v2\/product_brand?post=775923"},{"taxonomy":"product_cat","embeddable":true,"href":"https:\/\/roveyayinevi.com.tr\/index.php\/wp-json\/wp\/v2\/product_cat?post=775923"},{"taxonomy":"product_tag","embeddable":true,"href":"https:\/\/roveyayinevi.com.tr\/index.php\/wp-json\/wp\/v2\/product_tag?post=775923"}],"curies":[{"name":"wp","href":"https:\/\/api.w.org\/{rel}","templated":true}]}}