{"id":775922,"date":"2025-09-19T13:00:39","date_gmt":"2025-09-19T10:00:39","guid":{"rendered":"https:\/\/roveyayinevi.com.tr\/index.php\/urun\/birikim-sayi-396-nisan-2022\/"},"modified":"2026-04-16T02:48:47","modified_gmt":"2026-04-15T23:48:47","slug":"birikim-sayi-396-nisan-2022","status":"publish","type":"product","link":"https:\/\/roveyayinevi.com.tr\/index.php\/urun\/birikim-sayi-396-nisan-2022\/","title":{"rendered":"Birikim Say\u0131 396 &#8211; Nisan 2022"},"content":{"rendered":"<p>Ge\u00e7en ay\u0131n birikimi 3 \u00d6MER LA\u00c7\u0130NER Bir Do\u011fu-Bat\u0131 \u00e7at\u0131\u015fmas\u0131 m\u0131? Ukrayna-Rusya ve d\u00fcnya 7 LAL H\u0130TAY Kimlik, a\u00e7\u0131kl\u0131k-kapal\u0131l\u0131k, estetizm ve barbarl\u0131k 21 \u0130R\u0130NA KUZNETSOVA Benim sava\u015f\u0131m de\u011fil Kapitalizm ve iklim krizi 24 SERCAN \u00c7INAR Felaket kapitalizmi &#8211; k\u0131yamet ve umursamazl\u0131k Emek hareketi 33 U\u011eUR \u015eAH\u0130N UMMAN Soma\u2019da sendikal m\u00fccadele: G\u00fcnah\u0131 sendikalar\u0131n, sevab\u0131 maden i\u015f\u00e7isinin boynuna&#8230; \u0130nsan haklar\u0131 42 \u0130LKNUR ME\u015eE Cemaatler, laiklik ve \u201c\u00e7ocuk d\u00fc\u015fmanl\u0131\u011f\u0131\u201d Post-post-Kemalizm 51 ERTU\u011eRUL KAAN YILDIRIM Ge\u00e7i\u015f d\u00f6nemi tart\u0131\u015fmalar\u0131: Post-Kemalizm, makul merkez, siyasi pragmatizm \u0130ktidar ve \u201c\u00e7evre\u201d 62 ERGUN A\u015e\u00c7I \u201c\u00c7evre\u201dden bir siyasi portre: Eski bakan, D\u00fczce Belediye Ba\u015fkan\u0131 Faruk \u00d6zl\u00fc: T\u00fcrk tipi ba\u015fkanl\u0131k sisteminde bir \u201c\u015fehir\u201d ba\u015fkan\u0131 Milliyet\u00e7ilik &#8211; edebiyat ve tarih 72 G\u00d6ZDE YILMAZ Postkolonyal bir tahayy\u00fcl olarak Kemalizm80 BARI\u015e \u00d6ZKUL Halikarnas Bal\u0131k\u00e7\u0131s\u0131: Bir kurulu\u015f miti olarak \u0130yonya ve \u201cEgelilik\u201d: \u201cYazd\u0131klar\u0131m\u0131n hepsine inanmak zorunda de\u011filim\u201d 87 SA\u0130T \u00c7ET\u0130NO\u011eLU Kurbanlar\u0131n kaleminden Varl\u0131k Vergisi zorbal\u0131\u011f\u0131<\/p>\n","protected":false},"excerpt":{"rendered":"<p>Ge\u00e7en ay\u0131n birikimi 3 \u00d6MER LA\u00c7\u0130NER Bir Do\u011fu-Bat\u0131 \u00e7at\u0131\u015fmas\u0131 m\u0131? Ukrayna-Rusya ve d\u00fcnya 7 LAL H\u0130TAY Kimlik, a\u00e7\u0131kl\u0131k-kapal\u0131l\u0131k, estetizm ve barbarl\u0131k 21 \u0130R\u0130NA KUZNETSOVA Benim sava\u015f\u0131m<span class=\"excerpt-hellip\"> [\u2026]<\/span><\/p>\n","protected":false},"featured_media":0,"template":"","meta":{"_monsterinsights_skip_tracking":false,"_monsterinsights_sitenote_active":false,"_monsterinsights_sitenote_note":"","_monsterinsights_sitenote_category":0},"product_brand":[],"product_cat":[30023,13527],"product_tag":[],"class_list":{"0":"post-775922","1":"product","2":"type-product","3":"status-publish","5":"product_cat-edebiyat-sureli-yayinlar","6":"product_cat-sureli-yayinlar","7":"pa_cilt-ciltsiz","8":"pa_tur-dergi","9":"pa_yayinevi-iletisim-yayinlari","10":"pa_yazar-iletisim-yayinlari-kolektif","12":"first","13":"instock","14":"sale","15":"shipping-taxable","16":"purchasable","17":"product-type-simple"},"_links":{"self":[{"href":"https:\/\/roveyayinevi.com.tr\/index.php\/wp-json\/wp\/v2\/product\/775922","targetHints":{"allow":["GET"]}}],"collection":[{"href":"https:\/\/roveyayinevi.com.tr\/index.php\/wp-json\/wp\/v2\/product"}],"about":[{"href":"https:\/\/roveyayinevi.com.tr\/index.php\/wp-json\/wp\/v2\/types\/product"}],"wp:attachment":[{"href":"https:\/\/roveyayinevi.com.tr\/index.php\/wp-json\/wp\/v2\/media?parent=775922"}],"wp:term":[{"taxonomy":"product_brand","embeddable":true,"href":"https:\/\/roveyayinevi.com.tr\/index.php\/wp-json\/wp\/v2\/product_brand?post=775922"},{"taxonomy":"product_cat","embeddable":true,"href":"https:\/\/roveyayinevi.com.tr\/index.php\/wp-json\/wp\/v2\/product_cat?post=775922"},{"taxonomy":"product_tag","embeddable":true,"href":"https:\/\/roveyayinevi.com.tr\/index.php\/wp-json\/wp\/v2\/product_tag?post=775922"}],"curies":[{"name":"wp","href":"https:\/\/api.w.org\/{rel}","templated":true}]}}