{"id":775921,"date":"2025-09-19T12:44:35","date_gmt":"2025-09-19T09:44:35","guid":{"rendered":"https:\/\/roveyayinevi.com.tr\/index.php\/urun\/a-71\/"},"modified":"2026-01-22T03:09:43","modified_gmt":"2026-01-22T00:09:43","slug":"a-71","status":"publish","type":"product","link":"https:\/\/roveyayinevi.com.tr\/index.php\/urun\/a-71\/","title":{"rendered":"A-71"},"content":{"rendered":"<p>\u201cPeki kim kalbin ak\u0131ldan daha \u00f6nemsiz oldu\u011funu s\u00f6yleyebilir ki? Sana evrendeki d\u00fczenin t\u0131pk\u0131 kan dola\u015f\u0131m\u0131 gibi kalbi esas ald\u0131\u011f\u0131n\u0131, her \u015feyin kalple anla\u015f\u0131labilece\u011fini, evreni a\u00e7\u0131klamak i\u00e7in akl\u0131n yetersiz kalaca\u011f\u0131n\u0131 ama kalp ile yap\u0131lan y\u00f6neli\u015flerin k\u00e2inattaki d\u00fczene uyum sa\u011flad\u0131\u011f\u0131n\u0131 nas\u0131l anlatmal\u0131y\u0131m, bilemiyorum. Akl\u0131nla sihirbazl\u0131k d\u00fczenekleri kurabilirsin ama kalbinle sihir yapabilirsin. Ak\u0131l bir depremin rakamsal \u015fiddetini \u00f6l\u00e7ebilir ama kalp rakam\u0131n neden \u00f6yle takdir edildi\u011fine v\u00e2k\u0131f olur. Ak\u0131l sahnelenen oyunu izah eder, kalp oyunun yazar\u0131n\u0131 anlaman\u0131n pe\u015findedir. Ak\u0131l hadiseleri a\u00e7\u0131klar, kalp ise hadiselerin perde arkas\u0131ndaki sebebi.  Ak\u0131l bilgidir, kalpse bilgelik.\u201d   Y\u0131l 2023, Sina \u00c7\u00f6l\u00fc\u2019nde bir u\u00e7ak d\u00fc\u015fer. Yolculardan baz\u0131lar\u0131 son derece gizli ve esrarengiz ili\u015fkiler a\u011f\u0131n\u0131n par\u00e7as\u0131d\u0131r. B\u00f6lgeyi yeniden \u015fekillendirmek isteyen kimi ok\u00fcltist ve evanjelik \u00fcst ak\u0131llar, dijital a\u011flar\u0131n patronlar\u0131, g\u00fc\u00e7 odaklar\u0131na ba\u011fl\u0131 insan haklar\u0131 dernekleri, medya akt\u00f6rleri, ter\u00f6rist \u00f6rg\u00fctler ve co\u011frafyan\u0131n savrulan insanlar\u0131, gen\u00e7ler, bebekler\u2026 Elinizdeki roman, de\u011fi\u015fmekte olan ve daha da de\u011fi\u015ftirilmek istenen d\u00fcnyan\u0131n gelecek kodlar\u0131n\u0131, nano teknolojinin hakimiyeti ile kalbi aras\u0131nda s\u0131k\u0131\u015fm\u0131\u015f bir delikanl\u0131n\u0131n kaderine kilitleyen nefes nefese bir hik\u00e2ye; A-71\u2019in hik\u00e2yesi. Viyana Ku\u015fatmas\u0131\u2019ndan 2071\u2019e uzanan bir macera. \u0130skender Pala\u2019n\u0131n her zamanki yetkin kaleminden\u2026<\/p>\n","protected":false},"excerpt":{"rendered":"<p>\u201cPeki kim kalbin ak\u0131ldan daha \u00f6nemsiz oldu\u011funu s\u00f6yleyebilir ki? Sana evrendeki d\u00fczenin t\u0131pk\u0131 kan dola\u015f\u0131m\u0131 gibi kalbi esas ald\u0131\u011f\u0131n\u0131, her \u015feyin kalple anla\u015f\u0131labilece\u011fini, evreni a\u00e7\u0131klamak i\u00e7in<span class=\"excerpt-hellip\"> [\u2026]<\/span><\/p>\n","protected":false},"featured_media":0,"template":"","meta":{"_monsterinsights_skip_tracking":false,"_monsterinsights_sitenote_active":false,"_monsterinsights_sitenote_note":"","_monsterinsights_sitenote_category":0},"product_brand":[],"product_cat":[12291,12711],"product_tag":[],"class_list":{"0":"post-775921","1":"product","2":"type-product","3":"status-publish","5":"product_cat-edebiyat","6":"product_cat-roman-oyku","7":"pa_cilt-ciltsiz","8":"pa_tur-kitap","9":"pa_yayinevi-kapi-yayinlari","10":"pa_yazar-iskender-pala","12":"first","13":"instock","14":"sale","15":"shipping-taxable","16":"purchasable","17":"product-type-simple"},"_links":{"self":[{"href":"https:\/\/roveyayinevi.com.tr\/index.php\/wp-json\/wp\/v2\/product\/775921","targetHints":{"allow":["GET"]}}],"collection":[{"href":"https:\/\/roveyayinevi.com.tr\/index.php\/wp-json\/wp\/v2\/product"}],"about":[{"href":"https:\/\/roveyayinevi.com.tr\/index.php\/wp-json\/wp\/v2\/types\/product"}],"wp:attachment":[{"href":"https:\/\/roveyayinevi.com.tr\/index.php\/wp-json\/wp\/v2\/media?parent=775921"}],"wp:term":[{"taxonomy":"product_brand","embeddable":true,"href":"https:\/\/roveyayinevi.com.tr\/index.php\/wp-json\/wp\/v2\/product_brand?post=775921"},{"taxonomy":"product_cat","embeddable":true,"href":"https:\/\/roveyayinevi.com.tr\/index.php\/wp-json\/wp\/v2\/product_cat?post=775921"},{"taxonomy":"product_tag","embeddable":true,"href":"https:\/\/roveyayinevi.com.tr\/index.php\/wp-json\/wp\/v2\/product_tag?post=775921"}],"curies":[{"name":"wp","href":"https:\/\/api.w.org\/{rel}","templated":true}]}}