{"id":775920,"date":"2025-09-19T12:30:26","date_gmt":"2025-09-19T09:30:26","guid":{"rendered":"https:\/\/roveyayinevi.com.tr\/index.php\/urun\/en-onemli-sey-nedir\/"},"modified":"2026-04-03T02:49:15","modified_gmt":"2026-04-02T23:49:15","slug":"en-onemli-sey-nedir","status":"publish","type":"product","link":"https:\/\/roveyayinevi.com.tr\/index.php\/urun\/en-onemli-sey-nedir\/","title":{"rendered":"En \u00d6nemli \u015eey Nedir?"},"content":{"rendered":"<p>En \u00f6nemli olan nedir? Her \u015feyde, her \u00f6nemli \u015feyde bir de\u011fi\u015fmez EN \u00d6NEML\u0130 \u015eEY VARDIR ve bu her konuda, herkes i\u00e7in, her zaman i\u00e7in ayn\u0131d\u0131r.   Hi\u00e7bir zaman, hi\u00e7 kimse i\u00e7in, hi\u00e7bir yerde de\u011fi\u015fmez ve hep tek cevab\u0131 vard\u0131r.   \u0130nsanlar bazen \u201cben b\u00f6yleyim\u201d diye kendilerini tan\u0131mlarlar.  Ya \u00f6yle olmakla yanl\u0131\u015fsan\u0131z?   Ka\u00e7 ki\u015fi vard\u0131r ki yan\u0131lmaz bir do\u011fru-yanl\u0131\u015f cetveline sahip olsun, kendi do\u011frular\u0131n\u0131 ve yanl\u0131\u015flar\u0131n\u0131 sorgulas\u0131n, fark\u0131na vars\u0131n ve ayn\u0131 zamanda, de\u011fi\u015fmek i\u00e7in gerekenleri g\u00f6ze als\u0131n ve yapabilsin.   M\u00fcmk\u00fcn m\u00fc her yanl\u0131\u015ftan sonra ba\u015fa d\u00f6n\u00fcp, hayat\u0131 yeniden ya\u015famaya ba\u015flamak? <\/p>\n","protected":false},"excerpt":{"rendered":"<p>En \u00f6nemli olan nedir? Her \u015feyde, her \u00f6nemli \u015feyde bir de\u011fi\u015fmez EN \u00d6NEML\u0130 \u015eEY VARDIR ve bu her konuda, herkes i\u00e7in, her zaman i\u00e7in ayn\u0131d\u0131r. Hi\u00e7bir<span class=\"excerpt-hellip\"> [\u2026]<\/span><\/p>\n","protected":false},"featured_media":0,"template":"","meta":{"_monsterinsights_skip_tracking":false,"_monsterinsights_sitenote_active":false,"_monsterinsights_sitenote_note":"","_monsterinsights_sitenote_category":0},"product_brand":[],"product_cat":[12364,12376],"product_tag":[],"class_list":{"0":"post-775920","1":"product","2":"type-product","3":"status-publish","5":"product_cat-genel-konular","6":"product_cat-kisisel-gelisim","7":"pa_cilt-ciltsiz","8":"pa_tur-kitap","9":"pa_yayinevi-gulnar-yayinlari","10":"pa_yazar-mehmet-bahadir","12":"first","13":"instock","14":"sale","15":"shipping-taxable","16":"purchasable","17":"product-type-simple"},"_links":{"self":[{"href":"https:\/\/roveyayinevi.com.tr\/index.php\/wp-json\/wp\/v2\/product\/775920","targetHints":{"allow":["GET"]}}],"collection":[{"href":"https:\/\/roveyayinevi.com.tr\/index.php\/wp-json\/wp\/v2\/product"}],"about":[{"href":"https:\/\/roveyayinevi.com.tr\/index.php\/wp-json\/wp\/v2\/types\/product"}],"wp:attachment":[{"href":"https:\/\/roveyayinevi.com.tr\/index.php\/wp-json\/wp\/v2\/media?parent=775920"}],"wp:term":[{"taxonomy":"product_brand","embeddable":true,"href":"https:\/\/roveyayinevi.com.tr\/index.php\/wp-json\/wp\/v2\/product_brand?post=775920"},{"taxonomy":"product_cat","embeddable":true,"href":"https:\/\/roveyayinevi.com.tr\/index.php\/wp-json\/wp\/v2\/product_cat?post=775920"},{"taxonomy":"product_tag","embeddable":true,"href":"https:\/\/roveyayinevi.com.tr\/index.php\/wp-json\/wp\/v2\/product_tag?post=775920"}],"curies":[{"name":"wp","href":"https:\/\/api.w.org\/{rel}","templated":true}]}}