{"id":775919,"date":"2025-09-19T12:25:27","date_gmt":"2025-09-19T09:25:27","guid":{"rendered":"https:\/\/roveyayinevi.com.tr\/index.php\/urun\/mirketler-ilk-okuma\/"},"modified":"2025-09-19T12:25:27","modified_gmt":"2025-09-19T09:25:27","slug":"mirketler-ilk-okuma","status":"publish","type":"product","link":"https:\/\/roveyayinevi.com.tr\/index.php\/urun\/mirketler-ilk-okuma\/","title":{"rendered":"Mirketler- \u0130lk Okuma"},"content":{"rendered":"<p>Mirket gruplar\u0131na ne ad verilir? Mirketler nerede ya\u015farlar? Nas\u0131l beslenirler? Bu sorular\u0131n cevaplar\u0131n\u0131 ve mirketlerin ilgin\u00e7 ya\u015famlar\u0131yla ilgili ba\u015fka pek \u00e7ok bilgiyi bu kitapta bulacaks\u0131n\u0131z.<\/p>\n","protected":false},"excerpt":{"rendered":"<p>Mirket gruplar\u0131na ne ad verilir? Mirketler nerede ya\u015farlar? Nas\u0131l beslenirler? Bu sorular\u0131n cevaplar\u0131n\u0131 ve mirketlerin ilgin\u00e7 ya\u015famlar\u0131yla ilgili ba\u015fka pek \u00e7ok bilgiyi bu kitapta bulacaks\u0131n\u0131z.<\/p>\n","protected":false},"featured_media":0,"template":"","meta":{"_monsterinsights_skip_tracking":false,"_monsterinsights_sitenote_active":false,"_monsterinsights_sitenote_note":"","_monsterinsights_sitenote_category":0},"product_brand":[],"product_cat":[13829,12274],"product_tag":[],"class_list":{"0":"post-775919","1":"product","2":"type-product","3":"status-publish","5":"product_cat-bilimsel-kitaplar","6":"product_cat-cocuk-ve-genclik-kitaplari","7":"pa_cilt-ciltsiz","8":"pa_tur-kitap","9":"pa_yayinevi-tubitak-yayinlari","10":"pa_yazar-james-maclaine","12":"first","13":"instock","14":"sale","15":"shipping-taxable","16":"purchasable","17":"product-type-simple"},"_links":{"self":[{"href":"https:\/\/roveyayinevi.com.tr\/index.php\/wp-json\/wp\/v2\/product\/775919","targetHints":{"allow":["GET"]}}],"collection":[{"href":"https:\/\/roveyayinevi.com.tr\/index.php\/wp-json\/wp\/v2\/product"}],"about":[{"href":"https:\/\/roveyayinevi.com.tr\/index.php\/wp-json\/wp\/v2\/types\/product"}],"wp:attachment":[{"href":"https:\/\/roveyayinevi.com.tr\/index.php\/wp-json\/wp\/v2\/media?parent=775919"}],"wp:term":[{"taxonomy":"product_brand","embeddable":true,"href":"https:\/\/roveyayinevi.com.tr\/index.php\/wp-json\/wp\/v2\/product_brand?post=775919"},{"taxonomy":"product_cat","embeddable":true,"href":"https:\/\/roveyayinevi.com.tr\/index.php\/wp-json\/wp\/v2\/product_cat?post=775919"},{"taxonomy":"product_tag","embeddable":true,"href":"https:\/\/roveyayinevi.com.tr\/index.php\/wp-json\/wp\/v2\/product_tag?post=775919"}],"curies":[{"name":"wp","href":"https:\/\/api.w.org\/{rel}","templated":true}]}}