{"id":775917,"date":"2025-09-19T11:46:14","date_gmt":"2025-09-19T08:46:14","guid":{"rendered":"https:\/\/roveyayinevi.com.tr\/index.php\/urun\/beyaz-dis-klasiklerle-tanisiyorum\/"},"modified":"2026-04-16T02:35:18","modified_gmt":"2026-04-15T23:35:18","slug":"beyaz-dis-klasiklerle-tanisiyorum","status":"publish","type":"product","link":"https:\/\/roveyayinevi.com.tr\/index.php\/urun\/beyaz-dis-klasiklerle-tanisiyorum\/","title":{"rendered":"Beyaz Di\u015f &#8211; Klasiklerle Tan\u0131\u015f\u0131yorum"},"content":{"rendered":"<p>Edebiyat\u0131n sevilen klasikleriyle ilk bulu\u015fma&#8230;Farkl\u0131 bir kurt yavrusu olarak d\u00fcnyaya gelen Beyaz Di\u015f sert ya\u015fam ko\u015fullar\u0131nda hayatta kalmay\u0131 \u00f6\u011frenirken unutulmaz maceralar ya\u015f\u0131yor. Do\u011faya ve insanlarla Beyaz Di\u015f\u2019in g\u00f6z\u00fcnden bakmaya ne dersiniz? D\u00fcnya edebiyat\u0131n\u0131n sevilen klasiklerinden Beyaz Di\u015f reng\u00e2renk \u00e7izimler e\u015fli\u011finde ak\u0131c\u0131 bir anlat\u0131mla hayat buluyor. Klasiklerle Tan\u0131\u015f\u0131yorum serisi d\u00fcnya edebiyat\u0131n\u0131n tan\u0131nm\u0131\u015f eserlerini gen\u00e7 okurlara y\u00f6nelik bir anlat\u0131m ve tasar\u0131mla yeniden yorumluyor.<\/p>\n","protected":false},"excerpt":{"rendered":"<p>Edebiyat\u0131n sevilen klasikleriyle ilk bulu\u015fma&#8230;Farkl\u0131 bir kurt yavrusu olarak d\u00fcnyaya gelen Beyaz Di\u015f sert ya\u015fam ko\u015fullar\u0131nda hayatta kalmay\u0131 \u00f6\u011frenirken unutulmaz maceralar ya\u015f\u0131yor. Do\u011faya ve insanlarla Beyaz<span class=\"excerpt-hellip\"> [\u2026]<\/span><\/p>\n","protected":false},"featured_media":0,"template":"","meta":{"_monsterinsights_skip_tracking":false,"_monsterinsights_sitenote_active":false,"_monsterinsights_sitenote_note":"","_monsterinsights_sitenote_category":0},"product_brand":[],"product_cat":[12274,12467],"product_tag":[],"class_list":{"0":"post-775917","1":"product","2":"type-product","3":"status-publish","5":"product_cat-cocuk-ve-genclik-kitaplari","6":"product_cat-dunya-klasikleri","7":"pa_cilt-ciltsiz","8":"pa_tur-kitap","9":"pa_yayinevi-dogan-egmont-yayincilik","10":"pa_yazar-dogan-egmont-yayincilik-kolektif","12":"first","13":"instock","14":"sale","15":"shipping-taxable","16":"purchasable","17":"product-type-simple"},"_links":{"self":[{"href":"https:\/\/roveyayinevi.com.tr\/index.php\/wp-json\/wp\/v2\/product\/775917","targetHints":{"allow":["GET"]}}],"collection":[{"href":"https:\/\/roveyayinevi.com.tr\/index.php\/wp-json\/wp\/v2\/product"}],"about":[{"href":"https:\/\/roveyayinevi.com.tr\/index.php\/wp-json\/wp\/v2\/types\/product"}],"wp:attachment":[{"href":"https:\/\/roveyayinevi.com.tr\/index.php\/wp-json\/wp\/v2\/media?parent=775917"}],"wp:term":[{"taxonomy":"product_brand","embeddable":true,"href":"https:\/\/roveyayinevi.com.tr\/index.php\/wp-json\/wp\/v2\/product_brand?post=775917"},{"taxonomy":"product_cat","embeddable":true,"href":"https:\/\/roveyayinevi.com.tr\/index.php\/wp-json\/wp\/v2\/product_cat?post=775917"},{"taxonomy":"product_tag","embeddable":true,"href":"https:\/\/roveyayinevi.com.tr\/index.php\/wp-json\/wp\/v2\/product_tag?post=775917"}],"curies":[{"name":"wp","href":"https:\/\/api.w.org\/{rel}","templated":true}]}}