{"id":775911,"date":"2025-09-19T11:11:34","date_gmt":"2025-09-19T08:11:34","guid":{"rendered":"https:\/\/roveyayinevi.com.tr\/index.php\/urun\/baba-anneyi-oldurdugunde\/"},"modified":"2026-03-26T12:09:25","modified_gmt":"2026-03-26T09:09:25","slug":"baba-anneyi-oldurdugunde","status":"publish","type":"product","link":"https:\/\/roveyayinevi.com.tr\/index.php\/urun\/baba-anneyi-oldurdugunde\/","title":{"rendered":"Baba Anneyi \u00d6ld\u00fcrd\u00fc\u011f\u00fcnde"},"content":{"rendered":"<p>\u201cKe\u015fke annemin \u00f6ld\u00fcr\u00fclmesine tan\u0131k olmasayd\u0131k; \u00e7ok zor bir durum. S\u00fcrekli \u2018o an\u2019 akl\u0131ma geliyor.\u201dT\u00fcrkiye&#8217;de erkek \u015fiddeti sebebiyle ya\u015fam\u0131n\u0131 yitiren binlerce kad\u0131n\u0131n geride b\u0131rakt\u0131klar\u0131n\u0131n trajedisi, annesi g\u00f6zlerinin \u00f6n\u00fcnde \u00f6ld\u00fcr\u00fclen k\u00fc\u00e7\u00fck k\u0131z\u0131n &#8220;Anne l\u00fctfen \u00f6lme!&#8221; \u00e7\u0131\u011fl\u0131\u011f\u0131 ile duyuldu. Ev i\u00e7i \u015fiddete, \u00e7o\u011fu annelerinin \u00f6ld\u00fcr\u00fcld\u00fc\u011f\u00fc ana tan\u0131k olmu\u015f, bir daha asla baba demeyecek \u00e7ocuklar. Cinayet sonras\u0131, akrabalar\u0131 ya da devlet kurumlar\u0131 taraf\u0131ndan bak\u0131larak yeniden hayata tutunmaya, g\u00fc\u00e7lenmeye \u00e7al\u0131\u015fan \u00e7ocuklar&#8230;Dr. Gamze Er\u00fck\u00e7\u00fc Akba\u015f, geride kalan \u00e7ocuklarla yapt\u0131\u011f\u0131 derinlemesine g\u00f6r\u00fc\u015fmelerde, erkek \u015fiddeti sebebiyle ya\u015fam\u0131n\u0131 yitirmi\u015f on kad\u0131n\u0131n ve geride kalan k\u0131rk yedi \u00e7ocu\u011fun \u00f6yk\u00fcs\u00fcn\u00fc, T\u00fcrkiye\u2019de aile kurumunun i\u00e7y\u00fcz\u00fcn\u00fc, erkek \u015fiddetinin boyutlar\u0131n\u0131 t\u00fcm \u00e7\u0131plakl\u0131\u011f\u0131yla g\u00f6zler \u00f6n\u00fcne sererek anlat\u0131yor.Baba Anneyi \u00d6ld\u00fcrd\u00fc\u011f\u00fcnde, T\u00fcrkiye\u2019de annelerini baba \u015fiddeti sebebiyle yitiren \u00e7ocuklarla yap\u0131lan ilk \u00e7al\u0131\u015fma. \u00d6lmek istemeyenler ve ya\u015fatmaya \u00e7al\u0131\u015fanlar i\u00e7in ne yap\u0131labilir sorusunu sordurtan \u00e7ok \u00f6nemli bir kitap.<\/p>\n","protected":false},"excerpt":{"rendered":"<p>\u201cKe\u015fke annemin \u00f6ld\u00fcr\u00fclmesine tan\u0131k olmasayd\u0131k; \u00e7ok zor bir durum. S\u00fcrekli \u2018o an\u2019 akl\u0131ma geliyor.\u201dT\u00fcrkiye&#8217;de erkek \u015fiddeti sebebiyle ya\u015fam\u0131n\u0131 yitiren binlerce kad\u0131n\u0131n geride b\u0131rakt\u0131klar\u0131n\u0131n trajedisi, annesi g\u00f6zlerinin<span class=\"excerpt-hellip\"> [\u2026]<\/span><\/p>\n","protected":false},"featured_media":0,"template":"","meta":{"_monsterinsights_skip_tracking":false,"_monsterinsights_sitenote_active":false,"_monsterinsights_sitenote_note":"","_monsterinsights_sitenote_category":0},"product_brand":[],"product_cat":[12831,12324],"product_tag":[],"class_list":{"0":"post-775911","1":"product","2":"type-product","3":"status-publish","5":"product_cat-aile-ve-cocuk","6":"product_cat-sosyoloji","7":"pa_cilt-ciltsiz","8":"pa_tur-kitap","9":"pa_yayinevi-dogan-kitap","10":"pa_yazar-gamze-erukcu-akbas","12":"first","13":"instock","14":"sale","15":"shipping-taxable","16":"purchasable","17":"product-type-simple"},"_links":{"self":[{"href":"https:\/\/roveyayinevi.com.tr\/index.php\/wp-json\/wp\/v2\/product\/775911","targetHints":{"allow":["GET"]}}],"collection":[{"href":"https:\/\/roveyayinevi.com.tr\/index.php\/wp-json\/wp\/v2\/product"}],"about":[{"href":"https:\/\/roveyayinevi.com.tr\/index.php\/wp-json\/wp\/v2\/types\/product"}],"wp:attachment":[{"href":"https:\/\/roveyayinevi.com.tr\/index.php\/wp-json\/wp\/v2\/media?parent=775911"}],"wp:term":[{"taxonomy":"product_brand","embeddable":true,"href":"https:\/\/roveyayinevi.com.tr\/index.php\/wp-json\/wp\/v2\/product_brand?post=775911"},{"taxonomy":"product_cat","embeddable":true,"href":"https:\/\/roveyayinevi.com.tr\/index.php\/wp-json\/wp\/v2\/product_cat?post=775911"},{"taxonomy":"product_tag","embeddable":true,"href":"https:\/\/roveyayinevi.com.tr\/index.php\/wp-json\/wp\/v2\/product_tag?post=775911"}],"curies":[{"name":"wp","href":"https:\/\/api.w.org\/{rel}","templated":true}]}}