{"id":775909,"date":"2025-09-19T11:08:54","date_gmt":"2025-09-19T08:08:54","guid":{"rendered":"https:\/\/roveyayinevi.com.tr\/index.php\/urun\/hayir-diyen-sovalye\/"},"modified":"2026-04-16T02:29:50","modified_gmt":"2026-04-15T23:29:50","slug":"hayir-diyen-sovalye","status":"publish","type":"product","link":"https:\/\/roveyayinevi.com.tr\/index.php\/urun\/hayir-diyen-sovalye\/","title":{"rendered":"Hay\u0131r Diyen \u015e\u00f6valye"},"content":{"rendered":"<p>\u015e\u00f6valye Ned daima nazik ve kibarm\u0131\u015f, her ne olursa olsun her zaman \u201cPEK\u0130!\u201d dermi\u015f.   Ta ki bir g\u00fcn \u201cHAYIR!\u201d diyene dek.   Birden b\u00f6yle deyivermi\u015f. Ama yaln\u0131z bir ejderha gelip de arkada\u015f olmak isteyince Ned ne diyecek?   HAYIR m\u0131 diyecek?   Yoksa\u2026   PEK\u0130 mi? <\/p>\n","protected":false},"excerpt":{"rendered":"<p>\u015e\u00f6valye Ned daima nazik ve kibarm\u0131\u015f, her ne olursa olsun her zaman \u201cPEK\u0130!\u201d dermi\u015f. Ta ki bir g\u00fcn \u201cHAYIR!\u201d diyene dek. Birden b\u00f6yle deyivermi\u015f. Ama yaln\u0131z<span class=\"excerpt-hellip\"> [\u2026]<\/span><\/p>\n","protected":false},"featured_media":0,"template":"","meta":{"_monsterinsights_skip_tracking":false,"_monsterinsights_sitenote_active":false,"_monsterinsights_sitenote_note":"","_monsterinsights_sitenote_category":0},"product_brand":[],"product_cat":[12291,12711],"product_tag":[],"class_list":{"0":"post-775909","1":"product","2":"type-product","3":"status-publish","5":"product_cat-edebiyat","6":"product_cat-roman-oyku","7":"pa_cilt-ciltsiz","8":"pa_tur-kitap","9":"pa_yayinevi-bilgi-yayinevi","10":"pa_yazar-lucy-rowland","12":"first","13":"instock","14":"sale","15":"shipping-taxable","16":"purchasable","17":"product-type-simple"},"_links":{"self":[{"href":"https:\/\/roveyayinevi.com.tr\/index.php\/wp-json\/wp\/v2\/product\/775909","targetHints":{"allow":["GET"]}}],"collection":[{"href":"https:\/\/roveyayinevi.com.tr\/index.php\/wp-json\/wp\/v2\/product"}],"about":[{"href":"https:\/\/roveyayinevi.com.tr\/index.php\/wp-json\/wp\/v2\/types\/product"}],"wp:attachment":[{"href":"https:\/\/roveyayinevi.com.tr\/index.php\/wp-json\/wp\/v2\/media?parent=775909"}],"wp:term":[{"taxonomy":"product_brand","embeddable":true,"href":"https:\/\/roveyayinevi.com.tr\/index.php\/wp-json\/wp\/v2\/product_brand?post=775909"},{"taxonomy":"product_cat","embeddable":true,"href":"https:\/\/roveyayinevi.com.tr\/index.php\/wp-json\/wp\/v2\/product_cat?post=775909"},{"taxonomy":"product_tag","embeddable":true,"href":"https:\/\/roveyayinevi.com.tr\/index.php\/wp-json\/wp\/v2\/product_tag?post=775909"}],"curies":[{"name":"wp","href":"https:\/\/api.w.org\/{rel}","templated":true}]}}