{"id":775907,"date":"2025-09-19T10:35:06","date_gmt":"2025-09-19T07:35:06","guid":{"rendered":"https:\/\/roveyayinevi.com.tr\/index.php\/urun\/argonautlar\/"},"modified":"2026-04-16T02:25:07","modified_gmt":"2026-04-15T23:25:07","slug":"argonautlar","status":"publish","type":"product","link":"https:\/\/roveyayinevi.com.tr\/index.php\/urun\/argonautlar\/","title":{"rendered":"Argonautlar"},"content":{"rendered":"<p>Ku\u015fa\u011f\u0131n\u0131n en sivri, en c\u00fcretk\u00e2r yazarlar\u0131ndan biri kabul edilen Maggie Nelson\u2019\u0131n ele\u015ftirmenler taraf\u0131ndan \u00f6vg\u00fcyle kar\u015f\u0131lanan son kitab\u0131 Argonautlar anneli\u011fe, d\u00f6n\u00fc\u015f\u00fcme, m\u00fc\u015fterekli\u011fe, ebeveynli\u011fe, aileye, dilin ve a\u015fk\u0131n imk\u00e2nlar\u0131na felsefi bir bak\u0131\u015f y\u00f6neltiyor, bu ifadelere ili\u015fkin s\u0131n\u0131rlay\u0131c\u0131 ve tutucu yakla\u015f\u0131mlar\u0131, daha kapsay\u0131c\u0131 tan\u0131mlara varma ad\u0131na s\u00fcregiden m\u00fccadeleyi ustal\u0131kla analiz ediyor. Bunu yaparken temelde s\u00fcrekli \u015fu sorular\u0131 de\u015fiyor: Bir kabu\u011fa, bir kimli\u011fe ihtiyac\u0131m\u0131z var m\u0131 ger\u00e7ekten?  \u00d6yle bile olsa, bir kimlikle \u00f6zde\u015fle\u015fmek m\u00fcmk\u00fcn m\u00fc? Nelson t\u00fcm bu kal\u0131plar\u0131n \u00f6znel, kendini yenileyen, yan\u0131p s\u00f6nen do\u011fas\u0131na \u0131\u015f\u0131k tutmay\u0131 s\u00fcrd\u00fcr\u00fcyor. Denilebilir ki bu kitap, yazar\u0131n kendi deyimiyle ve kelimelerin geni\u015f anlam\u0131yla \u201ckalbin \u00e7ok cinsiyetli anneleri\u201d; sava\u015f\u00e7\u0131 argonautlar i\u00e7in yaz\u0131lm\u0131\u015ft\u0131r ve bunu \u201c\u015fanl\u0131 beyaz erke\u011fin\u201d dilini, kimli\u011fini, tutumunu sekteye u\u011fratarak yapar. \u201cMaggie Nelson k\u00fclt\u00fcr\u00fcm\u00fcz\u00fcn prefabrik d\u00fc\u015f\u00fcnce ve duygu yap\u0131lar\u0131n\u0131, vah\u015fili\u011fi b\u00fct\u00fcn\u00fcyle a\u015fk\u0131n hizmetinde bir zek\u00e2yla anlamam\u0131z\u0131 kolayla\u015ft\u0131r\u0131yor. Hi\u00e7bir kutsall\u0131k g\u00fcvenli de\u011fil, tutuculu\u011fa, ucuz ironiye ge\u00e7it yok bu kitapta.\u201d Ben Lerner \u201cMaggie Nelson bir kez daha b\u00fcy\u00fcleyici bir i\u015f \u00e7\u0131karm\u0131\u015f. Anneli\u011fi ve queer bir aile olmay\u0131 belirli bir bi\u00e7imde yaftalayan ve yanl\u0131\u015f anlayan k\u00fclt\u00fcr\u00fcn radikal altk\u00fclt\u00fcrler de dahil z\u0131rval\u0131\u011f\u0131na ustal\u0131kla sesleniyor. Son derece k\u0131r\u0131lgan bir zek\u00e2yla Nelson incelenmedik bir b\u00f6lge b\u0131rakm\u0131yor; kendi kalbi de dahil. K\u00fclt\u00fcr i\u00e7in hayati \u00f6nem ta\u015f\u0131d\u0131\u011f\u0131n\u0131 bildi\u011fim gibi, benzer bir kitap olmad\u0131\u011f\u0131n\u0131 da biliyorum.\u201d Michelle Tea <\/p>\n","protected":false},"excerpt":{"rendered":"<p>Ku\u015fa\u011f\u0131n\u0131n en sivri, en c\u00fcretk\u00e2r yazarlar\u0131ndan biri kabul edilen Maggie Nelson\u2019\u0131n ele\u015ftirmenler taraf\u0131ndan \u00f6vg\u00fcyle kar\u015f\u0131lanan son kitab\u0131 Argonautlar anneli\u011fe, d\u00f6n\u00fc\u015f\u00fcme, m\u00fc\u015fterekli\u011fe, ebeveynli\u011fe, aileye, dilin ve a\u015fk\u0131n<span class=\"excerpt-hellip\"> [\u2026]<\/span><\/p>\n","protected":false},"featured_media":0,"template":"","meta":{"_monsterinsights_skip_tracking":false,"_monsterinsights_sitenote_active":false,"_monsterinsights_sitenote_note":"","_monsterinsights_sitenote_category":0},"product_brand":[],"product_cat":[18545,12291],"product_tag":[],"class_list":{"0":"post-775907","1":"product","2":"type-product","3":"status-publish","5":"product_cat-anlati","6":"product_cat-edebiyat","7":"pa_cilt-ciltsiz","8":"pa_tur-kitap","9":"pa_yayinevi-kolektif-kitap","10":"pa_yazar-maggie-nelson","12":"first","13":"instock","14":"sale","15":"shipping-taxable","16":"purchasable","17":"product-type-simple"},"_links":{"self":[{"href":"https:\/\/roveyayinevi.com.tr\/index.php\/wp-json\/wp\/v2\/product\/775907","targetHints":{"allow":["GET"]}}],"collection":[{"href":"https:\/\/roveyayinevi.com.tr\/index.php\/wp-json\/wp\/v2\/product"}],"about":[{"href":"https:\/\/roveyayinevi.com.tr\/index.php\/wp-json\/wp\/v2\/types\/product"}],"wp:attachment":[{"href":"https:\/\/roveyayinevi.com.tr\/index.php\/wp-json\/wp\/v2\/media?parent=775907"}],"wp:term":[{"taxonomy":"product_brand","embeddable":true,"href":"https:\/\/roveyayinevi.com.tr\/index.php\/wp-json\/wp\/v2\/product_brand?post=775907"},{"taxonomy":"product_cat","embeddable":true,"href":"https:\/\/roveyayinevi.com.tr\/index.php\/wp-json\/wp\/v2\/product_cat?post=775907"},{"taxonomy":"product_tag","embeddable":true,"href":"https:\/\/roveyayinevi.com.tr\/index.php\/wp-json\/wp\/v2\/product_tag?post=775907"}],"curies":[{"name":"wp","href":"https:\/\/api.w.org\/{rel}","templated":true}]}}