{"id":775903,"date":"2025-09-19T09:19:12","date_gmt":"2025-09-19T06:19:12","guid":{"rendered":"https:\/\/roveyayinevi.com.tr\/index.php\/urun\/turkiye-benimle-gurur-duyuyor\/"},"modified":"2026-04-16T02:14:27","modified_gmt":"2026-04-15T23:14:27","slug":"turkiye-benimle-gurur-duyuyor","status":"publish","type":"product","link":"https:\/\/roveyayinevi.com.tr\/index.php\/urun\/turkiye-benimle-gurur-duyuyor\/","title":{"rendered":"T\u00fcrkiye Benimle Gurur Duyuyor"},"content":{"rendered":"<p>Canan Tan, T\u00fcrkiye\u2019de mizah \u00f6yk\u00fcleri kitab\u0131 olan ilk ve tek kad\u0131n mizah yazar\u0131 unvan\u0131n\u0131 kazanm\u0131\u015f yazar\u0131m\u0131z&#8230; \ufffcTan\u0131t\u0131m Metni<\/p>\n","protected":false},"excerpt":{"rendered":"<p>Canan Tan, T\u00fcrkiye\u2019de mizah \u00f6yk\u00fcleri kitab\u0131 olan ilk ve tek kad\u0131n mizah yazar\u0131 unvan\u0131n\u0131 kazanm\u0131\u015f yazar\u0131m\u0131z&#8230; \ufffcTan\u0131t\u0131m Metni<\/p>\n","protected":false},"featured_media":0,"template":"","meta":{"_monsterinsights_skip_tracking":false,"_monsterinsights_sitenote_active":false,"_monsterinsights_sitenote_note":"","_monsterinsights_sitenote_category":0},"product_brand":[],"product_cat":[12291,14825],"product_tag":[],"class_list":{"0":"post-775903","1":"product","2":"type-product","3":"status-publish","5":"product_cat-edebiyat","6":"product_cat-mizah","7":"pa_tur-kitap","8":"pa_yayinevi-dogan-kitap","9":"pa_yazar-canan-tan","11":"first","12":"instock","13":"sale","14":"shipping-taxable","15":"purchasable","16":"product-type-simple"},"_links":{"self":[{"href":"https:\/\/roveyayinevi.com.tr\/index.php\/wp-json\/wp\/v2\/product\/775903","targetHints":{"allow":["GET"]}}],"collection":[{"href":"https:\/\/roveyayinevi.com.tr\/index.php\/wp-json\/wp\/v2\/product"}],"about":[{"href":"https:\/\/roveyayinevi.com.tr\/index.php\/wp-json\/wp\/v2\/types\/product"}],"wp:attachment":[{"href":"https:\/\/roveyayinevi.com.tr\/index.php\/wp-json\/wp\/v2\/media?parent=775903"}],"wp:term":[{"taxonomy":"product_brand","embeddable":true,"href":"https:\/\/roveyayinevi.com.tr\/index.php\/wp-json\/wp\/v2\/product_brand?post=775903"},{"taxonomy":"product_cat","embeddable":true,"href":"https:\/\/roveyayinevi.com.tr\/index.php\/wp-json\/wp\/v2\/product_cat?post=775903"},{"taxonomy":"product_tag","embeddable":true,"href":"https:\/\/roveyayinevi.com.tr\/index.php\/wp-json\/wp\/v2\/product_tag?post=775903"}],"curies":[{"name":"wp","href":"https:\/\/api.w.org\/{rel}","templated":true}]}}