{"id":775902,"date":"2025-09-19T09:17:43","date_gmt":"2025-09-19T06:17:43","guid":{"rendered":"https:\/\/roveyayinevi.com.tr\/index.php\/urun\/satafatli-maglubiyet-islamcilarin-iktidarla-imtihani\/"},"modified":"2025-11-22T03:45:48","modified_gmt":"2025-11-22T00:45:48","slug":"satafatli-maglubiyet-islamcilarin-iktidarla-imtihani","status":"publish","type":"product","link":"https:\/\/roveyayinevi.com.tr\/index.php\/urun\/satafatli-maglubiyet-islamcilarin-iktidarla-imtihani\/","title":{"rendered":"\u015eatafatl\u0131 Ma\u011flubiyet : \u0130slamc\u0131lar\u0131n \u0130ktidarla \u0130mtihan\u0131"},"content":{"rendered":"<p>\u0130slamc\u0131lar\u0131n zaferi, nas\u0131l \u0130slamc\u0131l\u0131\u011f\u0131n yenilgisi oldu? \u015eatafatl\u0131 Ma\u011flubiyet, \u0130slamc\u0131lar\u0131n g\u00f6rkemli iktidar d\u00f6nemini anlat\u0131yor. Ve bu d\u00f6nemin heng\u00e2mesi, debdebesi i\u00e7inde g\u00f6ze g\u00f6r\u00fcnmeyen yenilgiyi g\u00fcndeme ta\u015f\u0131yor. \u0130slamc\u0131l\u0131k neden huzur getirmedi? \u0130slamc\u0131lar muhalifken savunduklar\u0131 de\u011ferleri, iktidarda ni\u00e7in uygulayamad\u0131lar? Bar\u0131\u015f dini olan \u0130slam, \u0130slamc\u0131lar\u0131n elinde nas\u0131l \u00e7at\u0131\u015fma kayna\u011f\u0131 oldu? \u0130slamc\u0131lar demokrasiyle neden bar\u0131\u015fam\u0131yor?.. Levent G\u00fcltekin, bu ve benzeri sorular\u0131n yan\u0131t\u0131n\u0131 ararken \u0130slamc\u0131lar\u0131n \u201c\u015fatafatl\u0131 ma\u011flubiyetini\u201d anlat\u0131yor. Ayn\u0131 zamanda, g\u00fcn\u00fcm\u00fcz T\u00fcrk siyasetinin genel sorunlar\u0131n\u0131 hem samimi ve derin, hem de serinkanl\u0131 ve medeni bir \u00fcslupla tart\u0131\u015f\u0131yor. \u015eatafatl\u0131 Ma\u011flubiyet, bug\u00fcnleri anlamak i\u00e7in okunmas\u0131 gereken, benzersiz bir kitap.   \u201cLevent G\u00fcltekin, asl\u0131nda iktidar ve \u0130slamc\u0131l\u0131k ele\u015ftirisinden \u00f6te, ak\u0131l, vicdan, adalet, insanl\u0131k ad\u0131na isyan ediyor. \u00c7\u00fcnk\u00fc isyand\u0131r insana yak\u0131\u015fan.\u201d Nuray Mert   \u201c\u0130slamc\u0131lar ni\u00e7in yozla\u015ft\u0131? Ve buna ni\u00e7in \u00e7ok haz\u0131rd\u0131lar? Levent G\u00fcltekin bu sorulara esasl\u0131 cevaplar veriyor.\u201d Mustafa Akyol \u201cLevent G\u00fcltekin, iktidar \u00e7\u00fcr\u00fcmesinden rahats\u0131z, kendiyle bar\u0131\u015f\u0131k. Onun yaz\u0131lar\u0131, \u00f6zg\u00fcr bir T\u00fcrkiye isteyenlerin ortak kayg\u0131 ve taleplerini yans\u0131tan cesur hayk\u0131r\u0131\u015flardan olu\u015fuyor.\u201d Soli \u00d6zel  <\/p>\n","protected":false},"excerpt":{"rendered":"<p>\u0130slamc\u0131lar\u0131n zaferi, nas\u0131l \u0130slamc\u0131l\u0131\u011f\u0131n yenilgisi oldu? \u015eatafatl\u0131 Ma\u011flubiyet, \u0130slamc\u0131lar\u0131n g\u00f6rkemli iktidar d\u00f6nemini anlat\u0131yor. Ve bu d\u00f6nemin heng\u00e2mesi, debdebesi i\u00e7inde g\u00f6ze g\u00f6r\u00fcnmeyen yenilgiyi g\u00fcndeme ta\u015f\u0131yor. \u0130slamc\u0131l\u0131k neden<span class=\"excerpt-hellip\"> [\u2026]<\/span><\/p>\n","protected":false},"featured_media":0,"template":"","meta":{"_monsterinsights_skip_tracking":false,"_monsterinsights_sitenote_active":false,"_monsterinsights_sitenote_note":"","_monsterinsights_sitenote_category":0},"product_brand":[],"product_cat":[13036,12718,12719],"product_tag":[],"class_list":{"0":"post-775902","1":"product","2":"type-product","3":"status-publish","5":"product_cat-arastirma-inceleme-islam","6":"product_cat-din","7":"product_cat-islam","8":"pa_cilt-ciltsiz","9":"pa_tur-kitap","10":"pa_yayinevi-dogan-kitap","11":"pa_yazar-levent-gultekin","13":"first","14":"instock","15":"sale","16":"shipping-taxable","17":"purchasable","18":"product-type-simple"},"_links":{"self":[{"href":"https:\/\/roveyayinevi.com.tr\/index.php\/wp-json\/wp\/v2\/product\/775902","targetHints":{"allow":["GET"]}}],"collection":[{"href":"https:\/\/roveyayinevi.com.tr\/index.php\/wp-json\/wp\/v2\/product"}],"about":[{"href":"https:\/\/roveyayinevi.com.tr\/index.php\/wp-json\/wp\/v2\/types\/product"}],"wp:attachment":[{"href":"https:\/\/roveyayinevi.com.tr\/index.php\/wp-json\/wp\/v2\/media?parent=775902"}],"wp:term":[{"taxonomy":"product_brand","embeddable":true,"href":"https:\/\/roveyayinevi.com.tr\/index.php\/wp-json\/wp\/v2\/product_brand?post=775902"},{"taxonomy":"product_cat","embeddable":true,"href":"https:\/\/roveyayinevi.com.tr\/index.php\/wp-json\/wp\/v2\/product_cat?post=775902"},{"taxonomy":"product_tag","embeddable":true,"href":"https:\/\/roveyayinevi.com.tr\/index.php\/wp-json\/wp\/v2\/product_tag?post=775902"}],"curies":[{"name":"wp","href":"https:\/\/api.w.org\/{rel}","templated":true}]}}