{"id":775900,"date":"2025-09-19T08:34:04","date_gmt":"2025-09-19T05:34:04","guid":{"rendered":"https:\/\/roveyayinevi.com.tr\/index.php\/urun\/ilk-okuma-orumcekler\/"},"modified":"2025-09-19T08:34:04","modified_gmt":"2025-09-19T05:34:04","slug":"ilk-okuma-orumcekler","status":"publish","type":"product","link":"https:\/\/roveyayinevi.com.tr\/index.php\/urun\/ilk-okuma-orumcekler\/","title":{"rendered":"\u0130lk Okuma &#8211;  \u00d6r\u00fcmcekler"},"content":{"rendered":"<p>\u00d6r\u00fcmcekler ne yer? Bir \u00f6r\u00fcmce\u011fin ka\u00e7 g\u00f6z\u00fc vard\u0131r? \u00d6r\u00fcmcekler suyun alt\u0131nda da ya\u015fayabilir mi? Bu kitapta bu sorulan cevaplar\u0131n\u0131 ve \u00f6r\u00fcmceklerin b\u00fcy\u00fcleyici d\u00fcnyas\u0131yla ilgili daha bir \u00e7ok \u015fey bulacaks\u0131n\u0131z. \ufffcTan\u0131t\u0131m Metni<\/p>\n","protected":false},"excerpt":{"rendered":"<p>\u00d6r\u00fcmcekler ne yer? Bir \u00f6r\u00fcmce\u011fin ka\u00e7 g\u00f6z\u00fc vard\u0131r? \u00d6r\u00fcmcekler suyun alt\u0131nda da ya\u015fayabilir mi? Bu kitapta bu sorulan cevaplar\u0131n\u0131 ve \u00f6r\u00fcmceklerin b\u00fcy\u00fcleyici d\u00fcnyas\u0131yla ilgili daha bir<span class=\"excerpt-hellip\"> [\u2026]<\/span><\/p>\n","protected":false},"featured_media":0,"template":"","meta":{"_monsterinsights_skip_tracking":false,"_monsterinsights_sitenote_active":false,"_monsterinsights_sitenote_note":"","_monsterinsights_sitenote_category":0},"product_brand":[],"product_cat":[13829,12274],"product_tag":[],"class_list":{"0":"post-775900","1":"product","2":"type-product","3":"status-publish","5":"product_cat-bilimsel-kitaplar","6":"product_cat-cocuk-ve-genclik-kitaplari","7":"pa_tur-kitap","8":"pa_yayinevi-tubitak-yayinlari","9":"pa_yazar-rebecca-gilpin","11":"first","12":"instock","13":"sale","14":"shipping-taxable","15":"purchasable","16":"product-type-simple"},"_links":{"self":[{"href":"https:\/\/roveyayinevi.com.tr\/index.php\/wp-json\/wp\/v2\/product\/775900","targetHints":{"allow":["GET"]}}],"collection":[{"href":"https:\/\/roveyayinevi.com.tr\/index.php\/wp-json\/wp\/v2\/product"}],"about":[{"href":"https:\/\/roveyayinevi.com.tr\/index.php\/wp-json\/wp\/v2\/types\/product"}],"wp:attachment":[{"href":"https:\/\/roveyayinevi.com.tr\/index.php\/wp-json\/wp\/v2\/media?parent=775900"}],"wp:term":[{"taxonomy":"product_brand","embeddable":true,"href":"https:\/\/roveyayinevi.com.tr\/index.php\/wp-json\/wp\/v2\/product_brand?post=775900"},{"taxonomy":"product_cat","embeddable":true,"href":"https:\/\/roveyayinevi.com.tr\/index.php\/wp-json\/wp\/v2\/product_cat?post=775900"},{"taxonomy":"product_tag","embeddable":true,"href":"https:\/\/roveyayinevi.com.tr\/index.php\/wp-json\/wp\/v2\/product_tag?post=775900"}],"curies":[{"name":"wp","href":"https:\/\/api.w.org\/{rel}","templated":true}]}}