{"id":775897,"date":"2025-09-19T08:15:10","date_gmt":"2025-09-19T05:15:10","guid":{"rendered":"https:\/\/roveyayinevi.com.tr\/index.php\/urun\/cerrah-2\/"},"modified":"2026-04-16T02:05:11","modified_gmt":"2026-04-15T23:05:11","slug":"cerrah-2","status":"publish","type":"product","link":"https:\/\/roveyayinevi.com.tr\/index.php\/urun\/cerrah-2\/","title":{"rendered":"Cerrah"},"content":{"rendered":"<p>Dr. Catherine Cordell Savannah\u2019da seri cinayetler i\u015fleyen bir katilin vah\u015fi sald\u0131r\u0131s\u0131na u\u011fram\u0131\u015ft\u0131r. Sald\u0131rgandan onu silahla vurarak kurtulmay\u0131 ba\u015farm\u0131\u015ft\u0131r. \u015eimdi Boston\u2019dad\u0131r. Ancak ba\u015fka bir katil bu kentte de gerilim yaratmaktad\u0131r. Kad\u0131nlar\u0131n rahimlerini kesip alan ve korkun\u00e7 i\u015fkencelere tabi tutan adama Cerrah ad\u0131 verilmektedir. Catherine Cordell birdenbire bu katilin de hedefi haline gelecektir.  \u00c7ok satanlar listesinin m\u00fcdavimlerinden Tess Gerritsen\u2019in insan bedenini ve ruhunu en ince ayr\u0131nt\u0131s\u0131na kadar tarif etti\u011fi t\u0131bb\u00ee gerilim romanlar\u0131ndan be\u015fincisi olan &#8220;Cerrah&#8221;, inand\u0131r\u0131c\u0131 kahramanlar\u0131, s\u00fcr\u00fckleyici diyaloglar\u0131 ve s\u00fcrekli t\u0131rmanan gerilim duygusuyla bu t\u00fcr\u00fc sevenlerin hayran olaca\u011f\u0131 tarzda bir roman.  <\/p>\n","protected":false},"excerpt":{"rendered":"<p>Dr. Catherine Cordell Savannah\u2019da seri cinayetler i\u015fleyen bir katilin vah\u015fi sald\u0131r\u0131s\u0131na u\u011fram\u0131\u015ft\u0131r. Sald\u0131rgandan onu silahla vurarak kurtulmay\u0131 ba\u015farm\u0131\u015ft\u0131r. \u015eimdi Boston\u2019dad\u0131r. Ancak ba\u015fka bir katil bu kentte<span class=\"excerpt-hellip\"> [\u2026]<\/span><\/p>\n","protected":false},"featured_media":0,"template":"","meta":{"_monsterinsights_skip_tracking":false,"_monsterinsights_sitenote_active":false,"_monsterinsights_sitenote_note":"","_monsterinsights_sitenote_category":0},"product_brand":[],"product_cat":[12803,12291],"product_tag":[],"class_list":{"0":"post-775897","1":"product","2":"type-product","3":"status-publish","5":"product_cat-aksiyon-macera","6":"product_cat-edebiyat","7":"pa_cilt-ciltsiz","8":"pa_tur-kitap","9":"pa_yayinevi-dogan-kitap","10":"pa_yazar-tess-gerritsen","12":"first","13":"instock","14":"sale","15":"shipping-taxable","16":"purchasable","17":"product-type-simple"},"_links":{"self":[{"href":"https:\/\/roveyayinevi.com.tr\/index.php\/wp-json\/wp\/v2\/product\/775897","targetHints":{"allow":["GET"]}}],"collection":[{"href":"https:\/\/roveyayinevi.com.tr\/index.php\/wp-json\/wp\/v2\/product"}],"about":[{"href":"https:\/\/roveyayinevi.com.tr\/index.php\/wp-json\/wp\/v2\/types\/product"}],"wp:attachment":[{"href":"https:\/\/roveyayinevi.com.tr\/index.php\/wp-json\/wp\/v2\/media?parent=775897"}],"wp:term":[{"taxonomy":"product_brand","embeddable":true,"href":"https:\/\/roveyayinevi.com.tr\/index.php\/wp-json\/wp\/v2\/product_brand?post=775897"},{"taxonomy":"product_cat","embeddable":true,"href":"https:\/\/roveyayinevi.com.tr\/index.php\/wp-json\/wp\/v2\/product_cat?post=775897"},{"taxonomy":"product_tag","embeddable":true,"href":"https:\/\/roveyayinevi.com.tr\/index.php\/wp-json\/wp\/v2\/product_tag?post=775897"}],"curies":[{"name":"wp","href":"https:\/\/api.w.org\/{rel}","templated":true}]}}