{"id":775890,"date":"2025-09-18T04:36:14","date_gmt":"2025-09-18T01:36:14","guid":{"rendered":"https:\/\/roveyayinevi.com.tr\/index.php\/urun\/annemin-izin-gunu-ciltli\/"},"modified":"2026-04-15T03:27:09","modified_gmt":"2026-04-15T00:27:09","slug":"annemin-izin-gunu-ciltli","status":"publish","type":"product","link":"https:\/\/roveyayinevi.com.tr\/index.php\/urun\/annemin-izin-gunu-ciltli\/","title":{"rendered":"Annemin \u0130zin G\u00fcn\u00fc (Ciltli)"},"content":{"rendered":"<p>2 ya\u015f ve \u00fczerine hitap eden bu kitapta anne ile kurulan ili\u015fki, ev i\u00e7i i\u015f b\u00f6l\u00fcm\u00fc, sorumluluk, aile ba\u011flar\u0131 ve yard\u0131mla\u015fma b\u00fcy\u00fck bir incelikle anlat\u0131l\u0131yor. Dikkuyruk ve annesinin maceras\u0131, her minik okur i\u00e7in ilham kayna\u011f\u0131 olacak.<\/p>\n","protected":false},"excerpt":{"rendered":"<p>2 ya\u015f ve \u00fczerine hitap eden bu kitapta anne ile kurulan ili\u015fki, ev i\u00e7i i\u015f b\u00f6l\u00fcm\u00fc, sorumluluk, aile ba\u011flar\u0131 ve yard\u0131mla\u015fma b\u00fcy\u00fck bir incelikle anlat\u0131l\u0131yor. Dikkuyruk<span class=\"excerpt-hellip\"> [\u2026]<\/span><\/p>\n","protected":false},"featured_media":0,"template":"","meta":{"_monsterinsights_skip_tracking":false,"_monsterinsights_sitenote_active":false,"_monsterinsights_sitenote_note":"","_monsterinsights_sitenote_category":0},"product_brand":[],"product_cat":[12274,12284],"product_tag":[],"class_list":{"0":"post-775890","1":"product","2":"type-product","3":"status-publish","5":"product_cat-cocuk-ve-genclik-kitaplari","6":"product_cat-hikayeler","7":"pa_cilt-ciltli","8":"pa_tur-kitap","9":"pa_yayinevi-erdem-cocuk","10":"pa_yazar-aleksandra-hyorost","12":"first","13":"instock","14":"sale","15":"shipping-taxable","16":"purchasable","17":"product-type-simple"},"_links":{"self":[{"href":"https:\/\/roveyayinevi.com.tr\/index.php\/wp-json\/wp\/v2\/product\/775890","targetHints":{"allow":["GET"]}}],"collection":[{"href":"https:\/\/roveyayinevi.com.tr\/index.php\/wp-json\/wp\/v2\/product"}],"about":[{"href":"https:\/\/roveyayinevi.com.tr\/index.php\/wp-json\/wp\/v2\/types\/product"}],"wp:attachment":[{"href":"https:\/\/roveyayinevi.com.tr\/index.php\/wp-json\/wp\/v2\/media?parent=775890"}],"wp:term":[{"taxonomy":"product_brand","embeddable":true,"href":"https:\/\/roveyayinevi.com.tr\/index.php\/wp-json\/wp\/v2\/product_brand?post=775890"},{"taxonomy":"product_cat","embeddable":true,"href":"https:\/\/roveyayinevi.com.tr\/index.php\/wp-json\/wp\/v2\/product_cat?post=775890"},{"taxonomy":"product_tag","embeddable":true,"href":"https:\/\/roveyayinevi.com.tr\/index.php\/wp-json\/wp\/v2\/product_tag?post=775890"}],"curies":[{"name":"wp","href":"https:\/\/api.w.org\/{rel}","templated":true}]}}