{"id":775889,"date":"2025-09-18T04:36:11","date_gmt":"2025-09-18T01:36:11","guid":{"rendered":"https:\/\/roveyayinevi.com.tr\/index.php\/urun\/cok-degerlisin-ciltli\/"},"modified":"2026-04-15T03:27:09","modified_gmt":"2026-04-15T00:27:09","slug":"cok-degerlisin-ciltli","status":"publish","type":"product","link":"https:\/\/roveyayinevi.com.tr\/index.php\/urun\/cok-degerlisin-ciltli\/","title":{"rendered":"\u00c7ok De\u011ferlisin (Ciltli)"},"content":{"rendered":"<p>2 ya\u015f ve \u00fczerine hitap eden bu kitapta sorumluluk duygusu ve aile i\u00e7i ili\u015fkiler b\u00fcy\u00fck bir incelikle anlat\u0131l\u0131yor. Topkuyruk\u2019un sorumluluklar\u0131yla oyun aras\u0131nda ge\u00e7en maceras\u0131, her minik okur i\u00e7in ilham kayna\u011f\u0131 olacak.<\/p>\n","protected":false},"excerpt":{"rendered":"<p>2 ya\u015f ve \u00fczerine hitap eden bu kitapta sorumluluk duygusu ve aile i\u00e7i ili\u015fkiler b\u00fcy\u00fck bir incelikle anlat\u0131l\u0131yor. Topkuyruk\u2019un sorumluluklar\u0131yla oyun aras\u0131nda ge\u00e7en maceras\u0131, her minik<span class=\"excerpt-hellip\"> [\u2026]<\/span><\/p>\n","protected":false},"featured_media":0,"template":"","meta":{"_monsterinsights_skip_tracking":false,"_monsterinsights_sitenote_active":false,"_monsterinsights_sitenote_note":"","_monsterinsights_sitenote_category":0},"product_brand":[],"product_cat":[12274,12284],"product_tag":[],"class_list":{"0":"post-775889","1":"product","2":"type-product","3":"status-publish","5":"product_cat-cocuk-ve-genclik-kitaplari","6":"product_cat-hikayeler","7":"pa_cilt-ciltli","8":"pa_tur-kitap","9":"pa_yayinevi-erdem-cocuk","10":"pa_yazar-aleksandra-hyorost","12":"first","13":"instock","14":"sale","15":"shipping-taxable","16":"purchasable","17":"product-type-simple"},"_links":{"self":[{"href":"https:\/\/roveyayinevi.com.tr\/index.php\/wp-json\/wp\/v2\/product\/775889","targetHints":{"allow":["GET"]}}],"collection":[{"href":"https:\/\/roveyayinevi.com.tr\/index.php\/wp-json\/wp\/v2\/product"}],"about":[{"href":"https:\/\/roveyayinevi.com.tr\/index.php\/wp-json\/wp\/v2\/types\/product"}],"wp:attachment":[{"href":"https:\/\/roveyayinevi.com.tr\/index.php\/wp-json\/wp\/v2\/media?parent=775889"}],"wp:term":[{"taxonomy":"product_brand","embeddable":true,"href":"https:\/\/roveyayinevi.com.tr\/index.php\/wp-json\/wp\/v2\/product_brand?post=775889"},{"taxonomy":"product_cat","embeddable":true,"href":"https:\/\/roveyayinevi.com.tr\/index.php\/wp-json\/wp\/v2\/product_cat?post=775889"},{"taxonomy":"product_tag","embeddable":true,"href":"https:\/\/roveyayinevi.com.tr\/index.php\/wp-json\/wp\/v2\/product_tag?post=775889"}],"curies":[{"name":"wp","href":"https:\/\/api.w.org\/{rel}","templated":true}]}}