{"id":775888,"date":"2025-09-18T04:33:08","date_gmt":"2025-09-18T01:33:08","guid":{"rendered":"https:\/\/roveyayinevi.com.tr\/index.php\/urun\/gozler-de-usur\/"},"modified":"2026-04-16T03:14:57","modified_gmt":"2026-04-16T00:14:57","slug":"gozler-de-usur","status":"publish","type":"product","link":"https:\/\/roveyayinevi.com.tr\/index.php\/urun\/gozler-de-usur\/","title":{"rendered":"G\u00f6zler de \u00dc\u015f\u00fcr"},"content":{"rendered":"<p>Bir ku\u015f \u00fc\u015f\u00fcyor, \u0131slanm\u0131\u015f bir ku\u015f K\u0131r\u0131lan ince dallarda Biliyorum a\u011fa\u00e7lar da \u00fc\u015f\u00fcyor \u0130\u00e7imde \u00f6l\u00fcmle kar\u0131ncalanm\u0131\u015f bir sevin\u00e7 Dudaklar\u0131mda harflere d\u00f6k\u00fclm\u00fc\u015f ad\u0131n Y\u00fcre\u011fimde k\u0131\u015f sabah\u0131n\u0131n ayaz tad\u0131 Emanet kalm\u0131\u015f g\u00f6zlerin bende Biliyorum g\u00f6zler de \u00fc\u015f\u00fcyor <\/p>\n","protected":false},"excerpt":{"rendered":"<p>Bir ku\u015f \u00fc\u015f\u00fcyor, \u0131slanm\u0131\u015f bir ku\u015f K\u0131r\u0131lan ince dallarda Biliyorum a\u011fa\u00e7lar da \u00fc\u015f\u00fcyor \u0130\u00e7imde \u00f6l\u00fcmle kar\u0131ncalanm\u0131\u015f bir sevin\u00e7 Dudaklar\u0131mda harflere d\u00f6k\u00fclm\u00fc\u015f ad\u0131n Y\u00fcre\u011fimde k\u0131\u015f sabah\u0131n\u0131n ayaz<span class=\"excerpt-hellip\"> [\u2026]<\/span><\/p>\n","protected":false},"featured_media":0,"template":"","meta":{"_monsterinsights_skip_tracking":false,"_monsterinsights_sitenote_active":false,"_monsterinsights_sitenote_note":"","_monsterinsights_sitenote_category":0},"product_brand":[],"product_cat":[12291,12509],"product_tag":[],"class_list":{"0":"post-775888","1":"product","2":"type-product","3":"status-publish","5":"product_cat-edebiyat","6":"product_cat-siir","7":"pa_cilt-ciltsiz","8":"pa_tur-kitap","9":"pa_yayinevi-kuytu-yayinlari","10":"pa_yazar-aslan-yilmaz","12":"first","13":"instock","14":"sale","15":"shipping-taxable","16":"purchasable","17":"product-type-simple"},"_links":{"self":[{"href":"https:\/\/roveyayinevi.com.tr\/index.php\/wp-json\/wp\/v2\/product\/775888","targetHints":{"allow":["GET"]}}],"collection":[{"href":"https:\/\/roveyayinevi.com.tr\/index.php\/wp-json\/wp\/v2\/product"}],"about":[{"href":"https:\/\/roveyayinevi.com.tr\/index.php\/wp-json\/wp\/v2\/types\/product"}],"wp:attachment":[{"href":"https:\/\/roveyayinevi.com.tr\/index.php\/wp-json\/wp\/v2\/media?parent=775888"}],"wp:term":[{"taxonomy":"product_brand","embeddable":true,"href":"https:\/\/roveyayinevi.com.tr\/index.php\/wp-json\/wp\/v2\/product_brand?post=775888"},{"taxonomy":"product_cat","embeddable":true,"href":"https:\/\/roveyayinevi.com.tr\/index.php\/wp-json\/wp\/v2\/product_cat?post=775888"},{"taxonomy":"product_tag","embeddable":true,"href":"https:\/\/roveyayinevi.com.tr\/index.php\/wp-json\/wp\/v2\/product_tag?post=775888"}],"curies":[{"name":"wp","href":"https:\/\/api.w.org\/{rel}","templated":true}]}}