{"id":775884,"date":"2025-09-18T04:18:20","date_gmt":"2025-09-18T01:18:20","guid":{"rendered":"https:\/\/roveyayinevi.com.tr\/index.php\/urun\/turkiye-ve-komsu-ulkeler-cografyasi\/"},"modified":"2026-04-16T03:12:35","modified_gmt":"2026-04-16T00:12:35","slug":"turkiye-ve-komsu-ulkeler-cografyasi","status":"publish","type":"product","link":"https:\/\/roveyayinevi.com.tr\/index.php\/urun\/turkiye-ve-komsu-ulkeler-cografyasi\/","title":{"rendered":"T\u00fcrkiye ve Kom\u015fu \u00dclkeler Co\u011frafyas\u0131"},"content":{"rendered":"<p>T\u00fcrkiye ve kom\u015fu \u00fclkeleri, co\u011frafi a\u00e7\u0131dan b\u00fcy\u00fck \u00f6nem ta\u015f\u0131yan \u00fclkelerdir. Bu \u00f6nem hem do\u011fal hem de be\u015feri ve ekonomik \u00f6zelliklerinden kaynaklanmaktad\u0131r. Co\u011frafi konum olarak \u00fclkemiz b\u00fcy\u00fck avantajlara sahiptir. Bu co\u011frafya do\u011fal yap\u0131s\u0131 itibariyle insan ya\u015fam\u0131 i\u00e7in en elveri\u015fli topraklara sahiptir. Topraklar\u0131n\u0131n b\u00fcy\u00fck bir b\u00f6l\u00fcm\u00fcn\u00fc \u00e7\u00f6llerin te\u015fkil etti\u011fi Ortado\u011fu b\u00f6lgesinde \u00e7\u00f6l\u00fc olmayan tek \u00fclkedir. \u00d6te yandan yine b\u00f6lgede \u00e7o\u011fu \u00fclkeler su s\u0131k\u0131nt\u0131s\u0131 \u00e7ekerken, T\u00fcrkiye; b\u00fcy\u00fck su rezervlerini elinde bulundurmaktad\u0131r. T\u00fcrkiye; \u015fehirleri, k\u00f6yleri ve insanlar\u0131 ile de kom\u015fular\u0131ndan olduk\u00e7a farkl\u0131d\u0131r. \u00dclkemizin eksikliklerine ra\u011fmen, d\u00fcnya platformunda yine de \u00f6nemli bir yere sahip olmas\u0131n\u0131n sebebi, co\u011frafi ve jeopolitik \u00f6neminden ileri gelmektedir.   T\u00fcrkiye ve Kom\u015fu \u00dclkeler Co\u011frafyas\u0131 isimli bu eserde \u00fclkemiz ile beraber kom\u015fusu oldu\u011fu Bulgaristan, Yunanistan, G\u00fcrcistan, Ermenistan, Azerbaycan, \u0130ran, Irak ve Suriye\u2019nin do\u011fal, be\u015fer\u00ee ve ekonomik durumu T\u00fcrkiye ile kar\u015f\u0131la\u015ft\u0131rmal\u0131 olarak, olduk\u00e7a ayr\u0131nt\u0131l\u0131 bir \u015fekilde ele al\u0131nm\u0131\u015ft\u0131r. <\/p>\n","protected":false},"excerpt":{"rendered":"<p>T\u00fcrkiye ve kom\u015fu \u00fclkeleri, co\u011frafi a\u00e7\u0131dan b\u00fcy\u00fck \u00f6nem ta\u015f\u0131yan \u00fclkelerdir. Bu \u00f6nem hem do\u011fal hem de be\u015feri ve ekonomik \u00f6zelliklerinden kaynaklanmaktad\u0131r. Co\u011frafi konum olarak \u00fclkemiz b\u00fcy\u00fck<span class=\"excerpt-hellip\"> [\u2026]<\/span><\/p>\n","protected":false},"featured_media":0,"template":"","meta":{"_monsterinsights_skip_tracking":false,"_monsterinsights_sitenote_active":false,"_monsterinsights_sitenote_note":"","_monsterinsights_sitenote_category":0},"product_brand":[],"product_cat":[74169,74170],"product_tag":[],"class_list":{"0":"post-775884","1":"product","2":"type-product","3":"status-publish","5":"product_cat-cografya","6":"product_cat-turkiye-cografyasi","7":"pa_cilt-ciltsiz","8":"pa_tur-kitap","9":"pa_yayinevi-aktif-yayinevi","10":"pa_yazar-ali-osman-kocalar","11":"pa_yazar-ramazan-ozey","13":"first","14":"instock","15":"sale","16":"shipping-taxable","17":"purchasable","18":"product-type-simple"},"_links":{"self":[{"href":"https:\/\/roveyayinevi.com.tr\/index.php\/wp-json\/wp\/v2\/product\/775884","targetHints":{"allow":["GET"]}}],"collection":[{"href":"https:\/\/roveyayinevi.com.tr\/index.php\/wp-json\/wp\/v2\/product"}],"about":[{"href":"https:\/\/roveyayinevi.com.tr\/index.php\/wp-json\/wp\/v2\/types\/product"}],"wp:attachment":[{"href":"https:\/\/roveyayinevi.com.tr\/index.php\/wp-json\/wp\/v2\/media?parent=775884"}],"wp:term":[{"taxonomy":"product_brand","embeddable":true,"href":"https:\/\/roveyayinevi.com.tr\/index.php\/wp-json\/wp\/v2\/product_brand?post=775884"},{"taxonomy":"product_cat","embeddable":true,"href":"https:\/\/roveyayinevi.com.tr\/index.php\/wp-json\/wp\/v2\/product_cat?post=775884"},{"taxonomy":"product_tag","embeddable":true,"href":"https:\/\/roveyayinevi.com.tr\/index.php\/wp-json\/wp\/v2\/product_tag?post=775884"}],"curies":[{"name":"wp","href":"https:\/\/api.w.org\/{rel}","templated":true}]}}