{"id":775883,"date":"2025-09-18T04:14:14","date_gmt":"2025-09-18T01:14:14","guid":{"rendered":"https:\/\/roveyayinevi.com.tr\/index.php\/urun\/hayalet-6\/"},"modified":"2026-04-16T03:11:51","modified_gmt":"2026-04-16T00:11:51","slug":"hayalet-6","status":"publish","type":"product","link":"https:\/\/roveyayinevi.com.tr\/index.php\/urun\/hayalet-6\/","title":{"rendered":"Hayalet"},"content":{"rendered":"<p>Yerlerinden f\u0131rlayarak kalkan gen\u00e7ler, uyku sersemli\u011fi i\u00e7inde kendilerini \u00e7ad\u0131r\u0131n d\u0131\u015f\u0131na att\u0131lar. Ayakta kas- kat\u0131 kesilmi\u015f; r\u00fcya m\u0131, yoksa bir ger\u00e7ekle mi kar\u015f\u0131 kar\u015f\u0131ya kald\u0131klar\u0131n\u0131 anlamaya \u00e7al\u0131\u015f\u0131yorlard\u0131. Fal ta\u015f\u0131 gibi b\u00fcy\u00fcyen g\u00f6z bebekleri, korkudan yuvalar\u0131ndan f\u0131rlayacak gibiydi. Sonra birbirleriyle bak\u0131\u015ft\u0131lar. Ard\u0131ndan tekrar bak\u0131\u015flar\u0131n\u0131 kar\u015f\u0131lar\u0131nda duran karanl\u0131k g\u00f6lgelere \u00e7evirdiler. Birka\u00e7 dakika i\u00e7inde kendilerine geldiler. Y\u00fcz ifadeleri daha da korkun\u00e7 bir hal ald\u0131. O kadar \u015fa\u015f\u0131rm\u0131\u015flard\u0131 ki ne yapacaklar\u0131n\u0131 bilmiyorlard\u0131. Konu\u015f- mak istiyorlard\u0131 ancak s\u00f6zc\u00fckler bir t\u00fcrl\u00fc d\u00fc\u011f\u00fcmlenen g\u0131rtlaklar\u0131ndan d\u0131\u015far\u0131 \u00e7\u0131karam\u0131yordu&#8230; <\/p>\n","protected":false},"excerpt":{"rendered":"<p>Yerlerinden f\u0131rlayarak kalkan gen\u00e7ler, uyku sersemli\u011fi i\u00e7inde kendilerini \u00e7ad\u0131r\u0131n d\u0131\u015f\u0131na att\u0131lar. Ayakta kas- kat\u0131 kesilmi\u015f; r\u00fcya m\u0131, yoksa bir ger\u00e7ekle mi kar\u015f\u0131 kar\u015f\u0131ya kald\u0131klar\u0131n\u0131 anlamaya \u00e7al\u0131\u015f\u0131yorlard\u0131.<span class=\"excerpt-hellip\"> [\u2026]<\/span><\/p>\n","protected":false},"featured_media":0,"template":"","meta":{"_monsterinsights_skip_tracking":false,"_monsterinsights_sitenote_active":false,"_monsterinsights_sitenote_note":"","_monsterinsights_sitenote_category":0},"product_brand":[],"product_cat":[12291,12711],"product_tag":[],"class_list":{"0":"post-775883","1":"product","2":"type-product","3":"status-publish","5":"product_cat-edebiyat","6":"product_cat-roman-oyku","7":"pa_cilt-ciltsiz","8":"pa_tur-kitap","9":"pa_yayinevi-kuytu-yayinlari","10":"pa_yazar-nihat-gokmen","12":"first","13":"instock","14":"sale","15":"shipping-taxable","16":"purchasable","17":"product-type-simple"},"_links":{"self":[{"href":"https:\/\/roveyayinevi.com.tr\/index.php\/wp-json\/wp\/v2\/product\/775883","targetHints":{"allow":["GET"]}}],"collection":[{"href":"https:\/\/roveyayinevi.com.tr\/index.php\/wp-json\/wp\/v2\/product"}],"about":[{"href":"https:\/\/roveyayinevi.com.tr\/index.php\/wp-json\/wp\/v2\/types\/product"}],"wp:attachment":[{"href":"https:\/\/roveyayinevi.com.tr\/index.php\/wp-json\/wp\/v2\/media?parent=775883"}],"wp:term":[{"taxonomy":"product_brand","embeddable":true,"href":"https:\/\/roveyayinevi.com.tr\/index.php\/wp-json\/wp\/v2\/product_brand?post=775883"},{"taxonomy":"product_cat","embeddable":true,"href":"https:\/\/roveyayinevi.com.tr\/index.php\/wp-json\/wp\/v2\/product_cat?post=775883"},{"taxonomy":"product_tag","embeddable":true,"href":"https:\/\/roveyayinevi.com.tr\/index.php\/wp-json\/wp\/v2\/product_tag?post=775883"}],"curies":[{"name":"wp","href":"https:\/\/api.w.org\/{rel}","templated":true}]}}