{"id":775881,"date":"2025-09-18T04:11:36","date_gmt":"2025-09-18T01:11:36","guid":{"rendered":"https:\/\/roveyayinevi.com.tr\/index.php\/urun\/bahur\/"},"modified":"2026-04-16T03:11:43","modified_gmt":"2026-04-16T00:11:43","slug":"bahur","status":"publish","type":"product","link":"https:\/\/roveyayinevi.com.tr\/index.php\/urun\/bahur\/","title":{"rendered":"Bahur"},"content":{"rendered":"<p>Sanki biri yan\u0131ma ili\u015fip h\u00fcz\u00fcnl\u00fcce sar\u0131lsa, hayk\u0131ra hayk\u0131ra a\u011flamak geliyordu i\u00e7imden. Yoktu \u00f6yle biri\u2026 Yutkundum, sustum i\u015fime bakt\u0131m. Yoruldu\u011fumun, ko\u015fu\u015ftururken salland\u0131\u011f\u0131m\u0131n, susad\u0131\u011f\u0131m\u0131n, fark\u0131nda olmadan acayip d\u00fc\u015f\u00fcnceler i\u00e7imden gelip ge\u00e7iyor, saatler su misali ak\u0131p gidiyordu. Deprem an\u0131ndan beri hi\u00e7bir vaktim faydas\u0131z ge\u00e7medi. Benli\u011fimle her yere yeti\u015fmeye, g\u00f6n\u00fcll\u00fcce ve insanl\u0131\u011f\u0131mla gurur duyarak elimden geleni yapmaya \u00e7al\u0131\u015ft\u0131m\u2026 <\/p>\n","protected":false},"excerpt":{"rendered":"<p>Sanki biri yan\u0131ma ili\u015fip h\u00fcz\u00fcnl\u00fcce sar\u0131lsa, hayk\u0131ra hayk\u0131ra a\u011flamak geliyordu i\u00e7imden. Yoktu \u00f6yle biri\u2026 Yutkundum, sustum i\u015fime bakt\u0131m. Yoruldu\u011fumun, ko\u015fu\u015ftururken salland\u0131\u011f\u0131m\u0131n, susad\u0131\u011f\u0131m\u0131n, fark\u0131nda olmadan acayip d\u00fc\u015f\u00fcnceler<span class=\"excerpt-hellip\"> [\u2026]<\/span><\/p>\n","protected":false},"featured_media":0,"template":"","meta":{"_monsterinsights_skip_tracking":false,"_monsterinsights_sitenote_active":false,"_monsterinsights_sitenote_note":"","_monsterinsights_sitenote_category":0},"product_brand":[],"product_cat":[12291,12711],"product_tag":[],"class_list":{"0":"post-775881","1":"product","2":"type-product","3":"status-publish","5":"product_cat-edebiyat","6":"product_cat-roman-oyku","7":"pa_cilt-ciltsiz","8":"pa_tur-kitap","9":"pa_yayinevi-kuytu-yayinlari","10":"pa_yazar-cagatay-kilic","12":"first","13":"instock","14":"sale","15":"shipping-taxable","16":"purchasable","17":"product-type-simple"},"_links":{"self":[{"href":"https:\/\/roveyayinevi.com.tr\/index.php\/wp-json\/wp\/v2\/product\/775881","targetHints":{"allow":["GET"]}}],"collection":[{"href":"https:\/\/roveyayinevi.com.tr\/index.php\/wp-json\/wp\/v2\/product"}],"about":[{"href":"https:\/\/roveyayinevi.com.tr\/index.php\/wp-json\/wp\/v2\/types\/product"}],"wp:attachment":[{"href":"https:\/\/roveyayinevi.com.tr\/index.php\/wp-json\/wp\/v2\/media?parent=775881"}],"wp:term":[{"taxonomy":"product_brand","embeddable":true,"href":"https:\/\/roveyayinevi.com.tr\/index.php\/wp-json\/wp\/v2\/product_brand?post=775881"},{"taxonomy":"product_cat","embeddable":true,"href":"https:\/\/roveyayinevi.com.tr\/index.php\/wp-json\/wp\/v2\/product_cat?post=775881"},{"taxonomy":"product_tag","embeddable":true,"href":"https:\/\/roveyayinevi.com.tr\/index.php\/wp-json\/wp\/v2\/product_tag?post=775881"}],"curies":[{"name":"wp","href":"https:\/\/api.w.org\/{rel}","templated":true}]}}