{"id":775880,"date":"2025-09-18T04:10:43","date_gmt":"2025-09-18T01:10:43","guid":{"rendered":"https:\/\/roveyayinevi.com.tr\/index.php\/urun\/ya-boyle-olsaydi\/"},"modified":"2026-04-16T03:11:26","modified_gmt":"2026-04-16T00:11:26","slug":"ya-boyle-olsaydi","status":"publish","type":"product","link":"https:\/\/roveyayinevi.com.tr\/index.php\/urun\/ya-boyle-olsaydi\/","title":{"rendered":"Ya B\u00f6yle Olsayd\u0131 !"},"content":{"rendered":"<p>Ya hayat\u0131m\u0131zda renkler olmasayd\u0131, her \u015fey siyah-beyaz olsayd\u0131\u2026 Ya yer\u00e7ekimi olmasayd\u0131 da hepimiz, her \u015fey uzaydaki gibi bo\u015flukta dursayd\u0131\u2026 Ya e\u015fyalar konu\u015fabilseydi\u2026 Kafam\u0131zda sa\u00e7 yerine \u00e7im \u00e7\u0131ksayd\u0131\u2026 Robotlar\u0131n y\u00f6netti\u011fi bir d\u00fcnyam\u0131z olsayd\u0131\u2026 Sinirlendi\u011fimiz zamanlar g\u00f6r\u00fcnmez olsayd\u0131k\u2026 Ya bal\u0131klar gibi denizlerin alt\u0131nda ya\u015fasayd\u0131k\u2026 Elektrik olmasayd\u0131\u2026 Ya da ta\u015f\u0131tlar yerine hayvanlar\u0131 kullansayd\u0131k\u2026 Neler olurdu? \u0130\u015fte bu ve bunun gibi g\u00fcnl\u00fck hayat\u0131m\u0131zda s\u0131radanla\u015fan asl\u0131nda \u00e7ok de\u011ferli olan kazan\u0131mlar\u0131m\u0131z\u0131n olmad\u0131\u011f\u0131 bir ya\u015fam d\u00fc\u015f\u00fcn\u00fcn. Karikat\u00fcrlerle mizahi tarzda anlat\u0131lan bu kitapla hem \u00e7ok e\u011flenecek hem de \u00e7ok \u015fa\u015f\u0131racaks\u0131n\u0131z. \u0130yi e\u011flenceler\u2026 <\/p>\n","protected":false},"excerpt":{"rendered":"<p>Ya hayat\u0131m\u0131zda renkler olmasayd\u0131, her \u015fey siyah-beyaz olsayd\u0131\u2026 Ya yer\u00e7ekimi olmasayd\u0131 da hepimiz, her \u015fey uzaydaki gibi bo\u015flukta dursayd\u0131\u2026 Ya e\u015fyalar konu\u015fabilseydi\u2026 Kafam\u0131zda sa\u00e7 yerine \u00e7im<span class=\"excerpt-hellip\"> [\u2026]<\/span><\/p>\n","protected":false},"featured_media":0,"template":"","meta":{"_monsterinsights_skip_tracking":false,"_monsterinsights_sitenote_active":false,"_monsterinsights_sitenote_note":"","_monsterinsights_sitenote_category":0},"product_brand":[],"product_cat":[12689,12274],"product_tag":[],"class_list":{"0":"post-775880","1":"product","2":"type-product","3":"status-publish","5":"product_cat-cizgi-roman-cocuk-ve-genclik-kitaplari","6":"product_cat-cocuk-ve-genclik-kitaplari","7":"pa_cilt-ciltsiz","8":"pa_tur-kitap","9":"pa_yayinevi-genc-hayat","10":"pa_yazar-cagri-cebeci","12":"first","13":"instock","14":"sale","15":"shipping-taxable","16":"purchasable","17":"product-type-simple"},"_links":{"self":[{"href":"https:\/\/roveyayinevi.com.tr\/index.php\/wp-json\/wp\/v2\/product\/775880","targetHints":{"allow":["GET"]}}],"collection":[{"href":"https:\/\/roveyayinevi.com.tr\/index.php\/wp-json\/wp\/v2\/product"}],"about":[{"href":"https:\/\/roveyayinevi.com.tr\/index.php\/wp-json\/wp\/v2\/types\/product"}],"wp:attachment":[{"href":"https:\/\/roveyayinevi.com.tr\/index.php\/wp-json\/wp\/v2\/media?parent=775880"}],"wp:term":[{"taxonomy":"product_brand","embeddable":true,"href":"https:\/\/roveyayinevi.com.tr\/index.php\/wp-json\/wp\/v2\/product_brand?post=775880"},{"taxonomy":"product_cat","embeddable":true,"href":"https:\/\/roveyayinevi.com.tr\/index.php\/wp-json\/wp\/v2\/product_cat?post=775880"},{"taxonomy":"product_tag","embeddable":true,"href":"https:\/\/roveyayinevi.com.tr\/index.php\/wp-json\/wp\/v2\/product_tag?post=775880"}],"curies":[{"name":"wp","href":"https:\/\/api.w.org\/{rel}","templated":true}]}}