{"id":775878,"date":"2025-09-18T04:08:10","date_gmt":"2025-09-18T01:08:10","guid":{"rendered":"https:\/\/roveyayinevi.com.tr\/index.php\/urun\/dolabname\/"},"modified":"2026-04-16T03:11:18","modified_gmt":"2026-04-16T00:11:18","slug":"dolabname","status":"publish","type":"product","link":"https:\/\/roveyayinevi.com.tr\/index.php\/urun\/dolabname\/","title":{"rendered":"Dolabname"},"content":{"rendered":"<p>T\u00fcrk edebiyat\u0131na mahsus olan dolabn\u00e2me t\u00fcr\u00fcn\u00fcn bilinen tek m\u00fcstakil \u00f6rne\u011fi Fak\u00eer\u00ee&#8217;nin Dolabn\u00e2me adl\u0131 mesnevisidir. Sultan II. Bayezid devri \u015fairi olan Fak\u00eer\u00ee&#8217;nin bu eseri hem \u00e7ok az bilgimiz olan dolabn\u00e2melerin \u00f6zelliklerine hem de \u00e7a\u011f\u0131n\u0131n sosyal ve siyasal hayat\u0131na \u0131\u015f\u0131k tutmaktad\u0131r. Eserde Sultan II. Bayezid ile Cem Sultan aras\u0131ndaki m\u00fccadeleden dolayl\u0131 olarak izler vard\u0131r. Fak\u00eer\u00ee&#8217;nin eserindeki kurgusunda sanavber a\u011fac\u0131n\u0131n kesilip t\u00fcrl\u00fc eziyetlerle su dolab\u0131na d\u00f6n\u00fc\u015fme s\u00fcreci; Cem Sultan&#8217;\u0131n mutlu bir \u015fehzade iken s\u00fcrg\u00fcn edilmesi ve nihayet trajik \u00f6l\u00fcm\u00fcyle sonu\u00e7lanan kaderinin ve insano\u011flunun ruhlar \u00e2leminden yery\u00fcz\u00fcne inerek ya\u015fad\u0131\u011f\u0131 serg\u00fcze\u015ftin temsilidir. Nitelikli ve detayl\u0131 bir incelemeye t\u00e2bi tutulan Fak\u00eer\u00ee&#8217;nin Dolabn\u00e2me&#8217;sinin alegorik edeb\u00ee t\u00fcr tart\u0131\u015fmalar\u0131na da katk\u0131 sa\u011flayaca\u011f\u0131 d\u00fc\u015f\u00fcncesindeyiz.<\/p>\n","protected":false},"excerpt":{"rendered":"<p>T\u00fcrk edebiyat\u0131na mahsus olan dolabn\u00e2me t\u00fcr\u00fcn\u00fcn bilinen tek m\u00fcstakil \u00f6rne\u011fi Fak\u00eer\u00ee&#8217;nin Dolabn\u00e2me adl\u0131 mesnevisidir. Sultan II. Bayezid devri \u015fairi olan Fak\u00eer\u00ee&#8217;nin bu eseri hem \u00e7ok az<span class=\"excerpt-hellip\"> [\u2026]<\/span><\/p>\n","protected":false},"featured_media":0,"template":"","meta":{"_monsterinsights_skip_tracking":false,"_monsterinsights_sitenote_active":false,"_monsterinsights_sitenote_note":"","_monsterinsights_sitenote_category":0},"product_brand":[],"product_cat":[13072,12291],"product_tag":[],"class_list":{"0":"post-775878","1":"product","2":"type-product","3":"status-publish","5":"product_cat-arastirma-inceleme-referans","6":"product_cat-edebiyat","7":"pa_cilt-ciltsiz","8":"pa_tur-kitap","9":"pa_yayinevi-ideal-kultur-akademik","10":"pa_yazar-nihat-oztoprak","11":"pa_yazar-turkan-alvan","13":"first","14":"instock","15":"sale","16":"shipping-taxable","17":"purchasable","18":"product-type-simple"},"_links":{"self":[{"href":"https:\/\/roveyayinevi.com.tr\/index.php\/wp-json\/wp\/v2\/product\/775878","targetHints":{"allow":["GET"]}}],"collection":[{"href":"https:\/\/roveyayinevi.com.tr\/index.php\/wp-json\/wp\/v2\/product"}],"about":[{"href":"https:\/\/roveyayinevi.com.tr\/index.php\/wp-json\/wp\/v2\/types\/product"}],"wp:attachment":[{"href":"https:\/\/roveyayinevi.com.tr\/index.php\/wp-json\/wp\/v2\/media?parent=775878"}],"wp:term":[{"taxonomy":"product_brand","embeddable":true,"href":"https:\/\/roveyayinevi.com.tr\/index.php\/wp-json\/wp\/v2\/product_brand?post=775878"},{"taxonomy":"product_cat","embeddable":true,"href":"https:\/\/roveyayinevi.com.tr\/index.php\/wp-json\/wp\/v2\/product_cat?post=775878"},{"taxonomy":"product_tag","embeddable":true,"href":"https:\/\/roveyayinevi.com.tr\/index.php\/wp-json\/wp\/v2\/product_tag?post=775878"}],"curies":[{"name":"wp","href":"https:\/\/api.w.org\/{rel}","templated":true}]}}