{"id":775876,"date":"2025-09-18T04:05:38","date_gmt":"2025-09-18T01:05:38","guid":{"rendered":"https:\/\/roveyayinevi.com.tr\/index.php\/urun\/ticaret-cografyasi-ve-kuresellesme\/"},"modified":"2026-04-16T03:10:47","modified_gmt":"2026-04-16T00:10:47","slug":"ticaret-cografyasi-ve-kuresellesme","status":"publish","type":"product","link":"https:\/\/roveyayinevi.com.tr\/index.php\/urun\/ticaret-cografyasi-ve-kuresellesme\/","title":{"rendered":"Ticaret Co\u011frafyas\u0131 ve K\u00fcreselle\u015fme"},"content":{"rendered":"<p>D\u00fcnya k\u00fcresel bir k\u00f6y haline gelmi\u015ftir. Ticaret d\u00fcnyay\u0131 kuzey ve g\u00fcney diye ikiye b\u00f6lm\u00fc\u015ft\u00fcr. Kuzey \u00fclkeleri daha ziyade mamul maddeler ihra\u00e7 etmekte ve hammadde ithal etmektedir. G\u00fcney \u00fclkeleri ise hammaddeler satmakta ve mamul madde almaktad\u0131r. Kuzey zengindir g\u00fcney yoksuldur. D\u00fcnya ticareti yakla\u015f\u0131k 200 kadar \u00e7ok uluslu \u015firketler taraf\u0131ndan kontrol edilmektedir. Bu \u015firketlerin d\u00fcnyan\u0131n hemen her \u00fclkesinde ofisleri ve fabrikalar\u0131 bulunmaktad\u0131r.Bu kitap Ticaret&#8217;in d\u00fcnya \u00fczerinde da\u011f\u0131l\u0131\u015f\u0131n\u0131 sebep ve sonu\u00e7lar\u0131n\u0131 ve aralar\u0131ndaki ba\u011flant\u0131lar\u0131 incelemektedir. D\u00fcnyan\u0131n ve T\u00fcrkiye&#8217;nin ticari gelene\u011fi ile ilgilenenlere yol g\u00f6sterici ve ayd\u0131nlat\u0131c\u0131 bilimsel bir kaynak niteli\u011finde haz\u0131rlanm\u0131\u015ft\u0131r. &#8211; Prof. DR. Ramazan \u00d6zey<\/p>\n","protected":false},"excerpt":{"rendered":"<p>D\u00fcnya k\u00fcresel bir k\u00f6y haline gelmi\u015ftir. Ticaret d\u00fcnyay\u0131 kuzey ve g\u00fcney diye ikiye b\u00f6lm\u00fc\u015ft\u00fcr. Kuzey \u00fclkeleri daha ziyade mamul maddeler ihra\u00e7 etmekte ve hammadde ithal etmektedir.<span class=\"excerpt-hellip\"> [\u2026]<\/span><\/p>\n","protected":false},"featured_media":0,"template":"","meta":{"_monsterinsights_skip_tracking":false,"_monsterinsights_sitenote_active":false,"_monsterinsights_sitenote_note":"","_monsterinsights_sitenote_category":0},"product_brand":[],"product_cat":[13043],"product_tag":[],"class_list":{"0":"post-775876","1":"product","2":"type-product","3":"status-publish","5":"product_cat-ekonomi","6":"pa_cilt-ciltsiz","7":"pa_tur-kitap","8":"pa_yayinevi-aktif-yayinevi","9":"pa_yazar-ramazan-ozey","11":"first","12":"instock","13":"sale","14":"shipping-taxable","15":"purchasable","16":"product-type-simple"},"_links":{"self":[{"href":"https:\/\/roveyayinevi.com.tr\/index.php\/wp-json\/wp\/v2\/product\/775876","targetHints":{"allow":["GET"]}}],"collection":[{"href":"https:\/\/roveyayinevi.com.tr\/index.php\/wp-json\/wp\/v2\/product"}],"about":[{"href":"https:\/\/roveyayinevi.com.tr\/index.php\/wp-json\/wp\/v2\/types\/product"}],"wp:attachment":[{"href":"https:\/\/roveyayinevi.com.tr\/index.php\/wp-json\/wp\/v2\/media?parent=775876"}],"wp:term":[{"taxonomy":"product_brand","embeddable":true,"href":"https:\/\/roveyayinevi.com.tr\/index.php\/wp-json\/wp\/v2\/product_brand?post=775876"},{"taxonomy":"product_cat","embeddable":true,"href":"https:\/\/roveyayinevi.com.tr\/index.php\/wp-json\/wp\/v2\/product_cat?post=775876"},{"taxonomy":"product_tag","embeddable":true,"href":"https:\/\/roveyayinevi.com.tr\/index.php\/wp-json\/wp\/v2\/product_tag?post=775876"}],"curies":[{"name":"wp","href":"https:\/\/api.w.org\/{rel}","templated":true}]}}