{"id":775875,"date":"2025-09-18T04:05:34","date_gmt":"2025-09-18T01:05:34","guid":{"rendered":"https:\/\/roveyayinevi.com.tr\/index.php\/urun\/cevre-sorunlari\/"},"modified":"2026-04-16T03:10:46","modified_gmt":"2026-04-16T00:10:46","slug":"cevre-sorunlari","status":"publish","type":"product","link":"https:\/\/roveyayinevi.com.tr\/index.php\/urun\/cevre-sorunlari\/","title":{"rendered":"\u00c7evre Sorunlar\u0131"},"content":{"rendered":"<p>Eldeki bu eser, \u00fcniversitelerimizin Co\u011frafya ve Sosyal Bilgiler E\u011fitimi Anabilim Dallar\u0131nda ve Co\u011frafya b\u00f6l\u00fcmlerinde okutulan \u00c7evre Sorunlar\u0131 derslerinde \u00f6\u011frencilerimize yard\u0131mc\u0131 ders kitab\u0131 niteli\u011finde haz\u0131rlanm\u0131\u015ft\u0131r. Ayr\u0131ca, bu konu ile ilgilenenler i\u00e7in de, bilimsel bir kaynak niteli\u011fi ta\u015f\u0131mas\u0131na da \u00f6zen g\u00f6sterilmi\u015ftir.&#8217;D\u00fcnyan\u0131n en b\u00fcy\u00fck adam\u0131 \u00f6\u011frencidir. D\u00fcnyan\u0131n en k\u00fc\u00e7\u00fck adam\u0131 ise, \u00f6\u011frenecek bir\u015feyi kalmayand\u0131r.&#8217; E\u011fer insano\u011flunun ya\u015fad\u0131\u011f\u0131 \u00e7evreyi tan\u0131mas\u0131 ve sorunlar\u0131na \u00e7\u00f6z\u00fcm getirmesi i\u00e7in yapabilecek bir\u015feyi kalmam\u0131\u015fsa, d\u00fcnyan\u0131n ve insanl\u0131\u011f\u0131n sonu yak\u0131nd\u0131r.<\/p>\n","protected":false},"excerpt":{"rendered":"<p>Eldeki bu eser, \u00fcniversitelerimizin Co\u011frafya ve Sosyal Bilgiler E\u011fitimi Anabilim Dallar\u0131nda ve Co\u011frafya b\u00f6l\u00fcmlerinde okutulan \u00c7evre Sorunlar\u0131 derslerinde \u00f6\u011frencilerimize yard\u0131mc\u0131 ders kitab\u0131 niteli\u011finde haz\u0131rlanm\u0131\u015ft\u0131r. Ayr\u0131ca, bu<span class=\"excerpt-hellip\"> [\u2026]<\/span><\/p>\n","protected":false},"featured_media":0,"template":"","meta":{"_monsterinsights_skip_tracking":false,"_monsterinsights_sitenote_active":false,"_monsterinsights_sitenote_note":"","_monsterinsights_sitenote_category":0},"product_brand":[],"product_cat":[12573,12566],"product_tag":[],"class_list":{"0":"post-775875","1":"product","2":"type-product","3":"status-publish","5":"product_cat-akademik-kitaplar","6":"product_cat-egitim","7":"pa_cilt-ciltsiz","8":"pa_tur-kitap","9":"pa_yayinevi-aktif-yayinevi","10":"pa_yazar-ramazan-ozey","12":"first","13":"instock","14":"sale","15":"shipping-taxable","16":"purchasable","17":"product-type-simple"},"_links":{"self":[{"href":"https:\/\/roveyayinevi.com.tr\/index.php\/wp-json\/wp\/v2\/product\/775875","targetHints":{"allow":["GET"]}}],"collection":[{"href":"https:\/\/roveyayinevi.com.tr\/index.php\/wp-json\/wp\/v2\/product"}],"about":[{"href":"https:\/\/roveyayinevi.com.tr\/index.php\/wp-json\/wp\/v2\/types\/product"}],"wp:attachment":[{"href":"https:\/\/roveyayinevi.com.tr\/index.php\/wp-json\/wp\/v2\/media?parent=775875"}],"wp:term":[{"taxonomy":"product_brand","embeddable":true,"href":"https:\/\/roveyayinevi.com.tr\/index.php\/wp-json\/wp\/v2\/product_brand?post=775875"},{"taxonomy":"product_cat","embeddable":true,"href":"https:\/\/roveyayinevi.com.tr\/index.php\/wp-json\/wp\/v2\/product_cat?post=775875"},{"taxonomy":"product_tag","embeddable":true,"href":"https:\/\/roveyayinevi.com.tr\/index.php\/wp-json\/wp\/v2\/product_tag?post=775875"}],"curies":[{"name":"wp","href":"https:\/\/api.w.org\/{rel}","templated":true}]}}