{"id":775873,"date":"2025-09-18T03:45:46","date_gmt":"2025-09-18T00:45:46","guid":{"rendered":"https:\/\/roveyayinevi.com.tr\/index.php\/urun\/felah-1-ciltli\/"},"modified":"2026-04-16T03:08:14","modified_gmt":"2026-04-16T00:08:14","slug":"felah-1-ciltli","status":"publish","type":"product","link":"https:\/\/roveyayinevi.com.tr\/index.php\/urun\/felah-1-ciltli\/","title":{"rendered":"Felah 1 (Ciltli)"},"content":{"rendered":"<p>TAR\u0130H: 27 EYL\u00dcL 2020 YER: KARABA\u011e   T\u00fcmgeneral Halil Uluant\u2019\u0131n yeg\u00e2ne k\u0131z\u0131 Hilal Uluant, g\u00f6z\u00fc kara bir gazetecidir. Hilal, \u0130kinci Karaba\u011f Sava\u015f\u0131\u2019na g\u00f6n\u00fcll\u00fc olarak gitti\u011finde hayat\u0131 tamamen de\u011fi\u015fir. Mikrofonuna sar\u0131larak insanlar\u0131n sesini duyurmaya, sava\u015f\u0131n hakiki y\u00fcz\u00fcn\u00fc g\u00f6stermeye \u00e7al\u0131\u015f\u0131rken bir \u00e7ukura d\u00fc\u015fer ama bu s\u0131radan bir \u00e7ukur de\u011fil, y\u0131llar \u00f6nce yap\u0131lan gizli ge\u00e7itlerden biridir. D\u00fc\u015ft\u00fc\u011f\u00fc ge\u00e7itte mahsur kalan Hilal\u2019in ilerlemekten ba\u015fka \u015fans\u0131 yoktur \u00e7\u00fcnk\u00fc sava\u015ftan dolay\u0131 ge\u00e7it kapanm\u0131\u015ft\u0131r. Gizli ge\u00e7idin i\u00e7erisinde ilerledik\u00e7e buraya depolanm\u0131\u015f eski silahlar\u0131 fark eder ve nereye \u00e7\u0131kaca\u011f\u0131n\u0131 bilmeden karanl\u0131k yoluna devam eder. I\u015f\u0131\u011f\u0131 g\u00f6rmek, \u0131\u015f\u0131\u011f\u0131 bulmak i\u00e7in&#8230;   Ama bulaca\u011f\u0131 \u0131\u015f\u0131\u011f\u0131n zifir\u00ee karanl\u0131k olaca\u011f\u0131n\u0131n fark\u0131nda de\u011fildir. \u00c7\u00fcnk\u00fc onu buradan \u00e7\u0131karacak ki\u015fi d\u00fc\u015fman\u0131n ta kendisidir.   Halef ve Rota serisi, ard\u0131ndan Ye\u015fili Sevmek kitab\u0131 ile okurlar taraf\u0131ndan b\u00fcy\u00fck ilgi g\u00f6ren Leman Veli, merakla beklenen Felah serisi ile okurlar\u0131 bu sefer Karaba\u011f\u2019\u0131n dehlizlerine g\u00f6t\u00fcr\u00fcyor ve sava\u015ftan arta kalan duygular\u0131 en derin \u015fekilde a\u00e7\u0131\u011fa vuruyor. <\/p>\n","protected":false},"excerpt":{"rendered":"<p>TAR\u0130H: 27 EYL\u00dcL 2020 YER: KARABA\u011e T\u00fcmgeneral Halil Uluant\u2019\u0131n yeg\u00e2ne k\u0131z\u0131 Hilal Uluant, g\u00f6z\u00fc kara bir gazetecidir. Hilal, \u0130kinci Karaba\u011f Sava\u015f\u0131\u2019na g\u00f6n\u00fcll\u00fc olarak gitti\u011finde hayat\u0131 tamamen<span class=\"excerpt-hellip\"> [\u2026]<\/span><\/p>\n","protected":false},"featured_media":0,"template":"","meta":{"_monsterinsights_skip_tracking":false,"_monsterinsights_sitenote_active":false,"_monsterinsights_sitenote_note":"","_monsterinsights_sitenote_category":0},"product_brand":[],"product_cat":[12291,12711],"product_tag":[],"class_list":{"0":"post-775873","1":"product","2":"type-product","3":"status-publish","5":"product_cat-edebiyat","6":"product_cat-roman-oyku","7":"pa_cilt-ciltli","8":"pa_tur-kitap","9":"pa_yayinevi-ephesus-yayinlari","10":"pa_yazar-leman-veli","12":"first","13":"instock","14":"sale","15":"shipping-taxable","16":"purchasable","17":"product-type-simple"},"_links":{"self":[{"href":"https:\/\/roveyayinevi.com.tr\/index.php\/wp-json\/wp\/v2\/product\/775873","targetHints":{"allow":["GET"]}}],"collection":[{"href":"https:\/\/roveyayinevi.com.tr\/index.php\/wp-json\/wp\/v2\/product"}],"about":[{"href":"https:\/\/roveyayinevi.com.tr\/index.php\/wp-json\/wp\/v2\/types\/product"}],"wp:attachment":[{"href":"https:\/\/roveyayinevi.com.tr\/index.php\/wp-json\/wp\/v2\/media?parent=775873"}],"wp:term":[{"taxonomy":"product_brand","embeddable":true,"href":"https:\/\/roveyayinevi.com.tr\/index.php\/wp-json\/wp\/v2\/product_brand?post=775873"},{"taxonomy":"product_cat","embeddable":true,"href":"https:\/\/roveyayinevi.com.tr\/index.php\/wp-json\/wp\/v2\/product_cat?post=775873"},{"taxonomy":"product_tag","embeddable":true,"href":"https:\/\/roveyayinevi.com.tr\/index.php\/wp-json\/wp\/v2\/product_tag?post=775873"}],"curies":[{"name":"wp","href":"https:\/\/api.w.org\/{rel}","templated":true}]}}