{"id":775864,"date":"2025-09-18T03:14:36","date_gmt":"2025-09-18T00:14:36","guid":{"rendered":"https:\/\/roveyayinevi.com.tr\/index.php\/urun\/kucuk-yalanci-yas\/"},"modified":"2026-04-16T03:03:56","modified_gmt":"2026-04-16T00:03:56","slug":"kucuk-yalanci-yas","status":"publish","type":"product","link":"https:\/\/roveyayinevi.com.tr\/index.php\/urun\/kucuk-yalanci-yas\/","title":{"rendered":"K\u00fc\u00e7\u00fck Yalanc\u0131 &#8211; Yas"},"content":{"rendered":"<p>Koca sema, diz \u00e7\u00f6kt\u00fc g\u00f6zlerine. Ay, beyaz tenin yan\u0131nda soluk kald\u0131, y\u0131ld\u0131zlar selam verdi kanl\u0131 ellere. Kalplere sis \u00e7\u00f6kt\u00fc, g\u00fcller boyun b\u00fckt\u00fc \u00fczerinden \u00e7\u0131kmayan kan kokusuna. Ve dinledi toprak s\u00f6zlerini.   &#8220;Sa\u00e7lar\u0131n kadar uzun ve g\u00fczel olsun \u00f6mr\u00fcn K\u00fc\u00e7\u00fck Yalanc\u0131,&#8221; dedi adam, ama kesti kad\u0131n\u0131n sa\u00e7lar\u0131n\u0131 kendi elleriyle, k\u0131yd\u0131 sevdi\u011finin \u00f6mr\u00fcne. &#8220;Hi\u00e7bir yere gitmeyece\u011fim sevgilim&#8230;&#8221; dedi kad\u0131n, ama tutmad\u0131 s\u00f6z\u00fcn\u00fc, k\u0131yd\u0131 sevdi\u011finin a\u015fk\u0131na. Sevdi\u011fi kad\u0131nlar\u0131 bir bir kaybeden ac\u0131mas\u0131z katil, Ak\u0131n Korel.   Sevgiden yoksun kurak bir kalp ve o kalpte a\u00e7an beyaz bir papatya. Kendi d\u00f6kt\u00fc\u011f\u00fc g\u00f6zya\u015flar\u0131yla b\u00fcy\u00fcd\u00fc, getirdi bahar\u0131. G\u00fcllere ula\u015fmak isteyenlerce ezildi, kaybetti umudunu. Adam fark etti solan papatyay\u0131, ald\u0131 ellerine. Ama \u00f6ld\u00fc beyaz papatya. Muhte\u015fem bir koku sard\u0131 etraf\u0131. \u00d6l\u00fc bir \u00e7i\u00e7ek hi\u00e7 b\u00f6yle g\u00fczel kokar m\u0131yd\u0131? Ya\u015fad\u0131\u011f\u0131n\u0131 sand\u0131, sevindi adam.   Ama bilmiyordu papatyalar\u0131n \u00f6l\u00fcnce koktu\u011funu. \u00d6\u011frendi\u011finde ise art\u0131k \u00e7ok ge\u00e7ti.<\/p>\n","protected":false},"excerpt":{"rendered":"<p>Koca sema, diz \u00e7\u00f6kt\u00fc g\u00f6zlerine. Ay, beyaz tenin yan\u0131nda soluk kald\u0131, y\u0131ld\u0131zlar selam verdi kanl\u0131 ellere. Kalplere sis \u00e7\u00f6kt\u00fc, g\u00fcller boyun b\u00fckt\u00fc \u00fczerinden \u00e7\u0131kmayan kan kokusuna.<span class=\"excerpt-hellip\"> [\u2026]<\/span><\/p>\n","protected":false},"featured_media":0,"template":"","meta":{"_monsterinsights_skip_tracking":false,"_monsterinsights_sitenote_active":false,"_monsterinsights_sitenote_note":"","_monsterinsights_sitenote_category":0},"product_brand":[],"product_cat":[12291,12711],"product_tag":[],"class_list":{"0":"post-775864","1":"product","2":"type-product","3":"status-publish","5":"product_cat-edebiyat","6":"product_cat-roman-oyku","7":"pa_cilt-ciltsiz","8":"pa_tur-kitap","9":"pa_yayinevi-dokuz-yayinlari","10":"pa_yazar-sinem-kargi","12":"first","13":"instock","14":"sale","15":"shipping-taxable","16":"purchasable","17":"product-type-simple"},"_links":{"self":[{"href":"https:\/\/roveyayinevi.com.tr\/index.php\/wp-json\/wp\/v2\/product\/775864","targetHints":{"allow":["GET"]}}],"collection":[{"href":"https:\/\/roveyayinevi.com.tr\/index.php\/wp-json\/wp\/v2\/product"}],"about":[{"href":"https:\/\/roveyayinevi.com.tr\/index.php\/wp-json\/wp\/v2\/types\/product"}],"wp:attachment":[{"href":"https:\/\/roveyayinevi.com.tr\/index.php\/wp-json\/wp\/v2\/media?parent=775864"}],"wp:term":[{"taxonomy":"product_brand","embeddable":true,"href":"https:\/\/roveyayinevi.com.tr\/index.php\/wp-json\/wp\/v2\/product_brand?post=775864"},{"taxonomy":"product_cat","embeddable":true,"href":"https:\/\/roveyayinevi.com.tr\/index.php\/wp-json\/wp\/v2\/product_cat?post=775864"},{"taxonomy":"product_tag","embeddable":true,"href":"https:\/\/roveyayinevi.com.tr\/index.php\/wp-json\/wp\/v2\/product_tag?post=775864"}],"curies":[{"name":"wp","href":"https:\/\/api.w.org\/{rel}","templated":true}]}}